{"id":1023,"date":"2026-04-10T23:40:07","date_gmt":"2026-04-10T21:40:07","guid":{"rendered":"https:\/\/solenemaro41.fr\/?product=eastpak-pinnacle-l54-kontrastcla"},"modified":"2026-04-10T23:40:10","modified_gmt":"2026-04-10T21:40:10","slug":"eastpak-pinnacle-l54-kontrastcla","status":"publish","type":"product","link":"https:\/\/solenemaro41.fr\/?product=eastpak-pinnacle-l54-kontrastcla","title":{"rendered":"EASTPAK PINNACLE L54 KONTRASTCLA"},"content":{"rendered":"<p><strong>Caract\u00e9.ristiques du\u00a0.SAC A DOS EASTPAK PINNACLE L54 KONTRASTCLARITY<\/strong><\/p>\n<div><span style=\"font-family: arial, helvetica, sans-serif. font-size: 10pt. color: #000000.\"><span style=\"font-family: arial, helvetica, sans-serif. font-size: 10pt. color: #000000.\"><\/span><\/span> <\/p>\n<ul>\n<li>Deux compartiments principaux avec poche avant zipp\u00e9.e<\/li>\n<li>Bretelles r\u00e9.glables et panneau dorsal rembourr\u00e9.s<\/li>\n<li>Porte-cl\u00e9.s attach\u00e9.<\/li>\n<li>Finitions contrastantes<\/li>\n<\/ul>\n<p> <span style=\"font-family: arial, helvetica, sans-serif. font-size: 10pt. color: #000000.\"><span style=\"font-family: arial, helvetica, sans-serif. font-size: 10pt. color: #000000.\"><\/span><\/span> <\/p>\n<p><strong>Dimensions :<\/strong><\/p>\n<ul>\n<li>Hauteur\u00a0.: 42\u00a0.cm, Largeur\u00a0.: 32\u00a0.cm, Profondeur\u00a0.: 25,5\u00a0.cm<\/li>\n<\/ul>\n<p><strong>Composition :<\/strong><\/p>\n<p> <span style=\"font-family: arial, helvetica, sans-serif. font-size: 10pt. color: #000000.\"><span style=\"font-family: arial, helvetica, sans-serif. font-size: 10pt. color: #000000.\"><\/span><\/span> <\/p>\n<ul>\n<li>100\u00a0.% polyester<\/li>\n<\/ul>\n<p> <span style=\"font-family: arial, helvetica, sans-serif. font-size: 10pt. color: #000000.\"><span style=\"font-family: arial, helvetica, sans-serif. font-size: 10pt. color: #000000.\"><\/span><\/span> <\/p>\n<p><strong>Informations livraisons<\/strong><\/p>\n<p> <span style=\"font-family: arial, helvetica, sans-serif. font-size: 10pt. color: #000000.\"><span style=\"font-family: arial, helvetica, sans-serif. font-size: 10pt. color: #000000.\"><\/span><\/span> <\/p>\n<p>Les frais de livraisons sont offerts d\u00e8.s 40&#038;euro. d&rsquo;achats<\/p>\n<p> <span style=\"font-family: arial, helvetica, sans-serif. font-size: 10pt. color: #000000.\"><span style=\"font-family: arial, helvetica, sans-serif. font-size: 10pt. color: #000000.\"><\/span><\/span> <\/p>\n<div>Livraison entre 3 et 5 jours<\/div>\n<p> <span style=\"font-family: arial, helvetica, sans-serif. font-size: 10pt. color: #000000.\"><span style=\"font-family: arial, helvetica, sans-serif. font-size: 10pt. color: #000000.\"><\/span><\/span> <\/p>\n<p>Mode de paiement s\u00e9.curis\u00e9.s accept\u00e9.s : CARTE BANCAIRE\u00a0. ou\u00a0. PAYPAL<\/p>\n<p> <span style=\"font-family: arial, helvetica, sans-serif. font-size: 10pt. color: #000000.\"><span style=\"font-family: arial, helvetica, sans-serif. font-size: 10pt. color: #000000.\"><\/span><\/span> <\/p>\n<div>R\u00e9.ception des marchandises : A domicile ou Retrait \u00e0. notre magasin<\/div>\n<p> <span style=\"font-family: arial, helvetica, sans-serif. font-size: 10pt. color: #000000.\"><span style=\"font-family: arial, helvetica, sans-serif. font-size: 10pt. color: #000000.\"><\/span><\/span> <\/p>\n<div>Consulter nos<a href=\"https:\/\/www.solene-maroquinerie.fr\/conditions_generales_de_vente.html\" target=\"_self\" title=\"Nos CGV\">\u00a0.conditions g\u00e9.n\u00e9.rales de ventes<\/a><\/div>\n<p> <span style=\"font-family: arial, helvetica, sans-serif. font-size: 10pt. color: #000000.\"><\/p>\n<p><\/span><\/div>\n","protected":false},"excerpt":{"rendered":"<p>Caract\u00e9.ristiques du\u00a0.SAC A DOS EASTPAK PINNACLE L54 KONTRASTCLARITY Deux compartiments principaux avec poche avant zipp\u00e9.e Bretelles r\u00e9.glables et panneau dorsal rembourr\u00e9.s Porte-cl\u00e9.s attach\u00e9. Finitions contrastantes Dimensions : Hauteur\u00a0.: 42\u00a0.cm, Largeur\u00a0.: 32\u00a0.cm, Profondeur\u00a0.: 25,5\u00a0.cm Composition : 100\u00a0.% polyester Informations livraisons Les frais de livraisons sont offerts d\u00e8.s 40&#038;euro. d&rsquo;achats Livraison entre 3 et 5 jours Mode [&hellip;]<\/p>\n","protected":false},"featured_media":1022,"comment_status":"open","ping_status":"closed","template":"","meta":[],"product_brand":[20],"product_cat":[19,66],"product_tag":[],"class_list":{"0":"post-1023","1":"product","2":"type-product","3":"status-publish","4":"has-post-thumbnail","6":"product_brand-eastpak","7":"product_cat-sac-a-dos","8":"product_cat-sac-a-dos-pinnacle","10":"first","11":"instock","12":"shipping-taxable","13":"purchasable","14":"product-type-simple"},"_links":{"self":[{"href":"https:\/\/solenemaro41.fr\/index.php?rest_route=\/wp\/v2\/product\/1023","targetHints":{"allow":["GET"]}}],"collection":[{"href":"https:\/\/solenemaro41.fr\/index.php?rest_route=\/wp\/v2\/product"}],"about":[{"href":"https:\/\/solenemaro41.fr\/index.php?rest_route=\/wp\/v2\/types\/product"}],"replies":[{"embeddable":true,"href":"https:\/\/solenemaro41.fr\/index.php?rest_route=%2Fwp%2Fv2%2Fcomments&post=1023"}],"wp:featuredmedia":[{"embeddable":true,"href":"https:\/\/solenemaro41.fr\/index.php?rest_route=\/wp\/v2\/media\/1022"}],"wp:attachment":[{"href":"https:\/\/solenemaro41.fr\/index.php?rest_route=%2Fwp%2Fv2%2Fmedia&parent=1023"}],"wp:term":[{"taxonomy":"product_brand","embeddable":true,"href":"https:\/\/solenemaro41.fr\/index.php?rest_route=%2Fwp%2Fv2%2Fproduct_brand&post=1023"},{"taxonomy":"product_cat","embeddable":true,"href":"https:\/\/solenemaro41.fr\/index.php?rest_route=%2Fwp%2Fv2%2Fproduct_cat&post=1023"},{"taxonomy":"product_tag","embeddable":true,"href":"https:\/\/solenemaro41.fr\/index.php?rest_route=%2Fwp%2Fv2%2Fproduct_tag&post=1023"}],"curies":[{"name":"wp","href":"https:\/\/api.w.org\/{rel}","templated":true}]}}