{"id":1045,"date":"2026-04-10T23:40:34","date_gmt":"2026-04-10T21:40:34","guid":{"rendered":"https:\/\/solenemaro41.fr\/?product=sac-a-main-emilie-le-tanneur-noi"},"modified":"2026-04-10T23:40:37","modified_gmt":"2026-04-10T21:40:37","slug":"sac-a-main-emilie-le-tanneur-noi","status":"publish","type":"product","link":"https:\/\/solenemaro41.fr\/?product=sac-a-main-emilie-le-tanneur-noi","title":{"rendered":"SAC A MAIN EMILIE LE TANNEUR NOI"},"content":{"rendered":"<p><strong>Caract\u00e9.ristiques du SAC A MAIN MOYEN MODELE EMILIE LE TANNEUR NOIR<\/strong><\/p>\n<ul>\n<li>\n<p>Sac \u00e0. main moyen mod\u00e8.le avec poign\u00e9.es toron et trois compartiments dont un zipp\u00e9..<\/p>\n<\/li>\n<li>\n<p>Pi\u00e8.ces T m\u00e9.talliques signature de la ligne.<\/p>\n<\/li>\n<li>\n<p>Charms emboss\u00e9. Le Tanneur amovible.\u00a0.<\/p>\n<\/li>\n<li>\n<p>2 poches plates et 2 poches zipp\u00e9.es.<\/p>\n<\/li>\n<li>\n<p><span>1 poche plate arri\u00e8.re.<\/span><\/p>\n<\/li>\n<li>\n<p><span>Bandouli\u00e8.re amovible et ajustable.<\/span><\/p>\n<\/li>\n<li>\n<p><span>Accessoires m\u00e9.talliques finition dor\u00e9. clair.<\/span><\/p>\n<\/li>\n<li>\n<p>Port\u00e9. main, \u00e9.paule ou crois\u00e9. gr\u00e2.ce \u00e0. sa bandouli\u00e8.re ajustable et amovible.<\/p>\n<\/li>\n<\/ul>\n<p>Dimensions :<\/p>\n<ul>\n<li>L 28 x H 20 x P 14 cm<\/li>\n<\/ul>\n<p>Composition :\u00a0.<\/p>\n<ul>\n<li>\n<p>Cuir de vachette pleine fleur grain\u00e9.. Doublure textile.<\/p>\n<\/li>\n<li>\n<p><span>Le cuir grain\u00e9. pleine fleur allie \u00e9.l\u00e9.gance et sp\u00e9.cificit\u00e9. gr\u00e2.ce \u00e0. son grain apparent. Le cuir pleine fleur est un cuir dont la surface est rest\u00e9.e intacte et naturelle. C&#038;rsquo.est la partie la plus noble du cuir.\u00a0.<\/span><\/p>\n<\/li>\n<li>\n<p><span>Une sensation agr\u00e9.able au toucher le rend tr\u00e8.s singulier. De quoi donner du relief \u00e0. \u00e0. ce sac.<\/span><\/p>\n<\/li>\n<\/ul>\n<p><strong>Informations livraisons<\/strong><\/p>\n<div>Les frais de livraisons sont offerts d\u00e8.s 40&#038;euro. d&rsquo;achats<br \/>Livraison entre 3 et 5 jours<\/div>\n<div>Mode de paiement s\u00e9.curis\u00e9.s accept\u00e9.s : CARTE BANCAIRE\u00a0. ou\u00a0. PAYPAL<br \/>R\u00e9.ception des marchandises : A domicile ou Retrait \u00e0. notre magasin<br \/>Consulter nos<a href=\"https:\/\/www.solene-maroquinerie.fr\/conditions_generales_de_vente.html\" target=\"_self\" title=\"Nos CGV\">\u00a0.conditions g\u00e9.n\u00e9.rales de ventes<\/a><\/div>\n","protected":false},"excerpt":{"rendered":"<p>Caract\u00e9.ristiques du SAC A MAIN MOYEN MODELE EMILIE LE TANNEUR NOIR Sac \u00e0. main moyen mod\u00e8.le avec poign\u00e9.es toron et trois compartiments dont un zipp\u00e9.. Pi\u00e8.ces T m\u00e9.talliques signature de la ligne. Charms emboss\u00e9. Le Tanneur amovible.\u00a0. 2 poches plates et 2 poches zipp\u00e9.es. 1 poche plate arri\u00e8.re. Bandouli\u00e8.re amovible et ajustable. Accessoires m\u00e9.talliques finition [&hellip;]<\/p>\n","protected":false},"featured_media":1044,"comment_status":"open","ping_status":"closed","template":"","meta":[],"product_brand":[48],"product_cat":[47,28],"product_tag":[],"class_list":{"0":"post-1045","1":"product","2":"type-product","3":"status-publish","4":"has-post-thumbnail","6":"product_brand-le-tanneur","7":"product_cat-femme-le-tanneur","8":"product_cat-sac-a-main-2","10":"first","11":"instock","12":"shipping-taxable","13":"purchasable","14":"product-type-simple"},"_links":{"self":[{"href":"https:\/\/solenemaro41.fr\/index.php?rest_route=\/wp\/v2\/product\/1045","targetHints":{"allow":["GET"]}}],"collection":[{"href":"https:\/\/solenemaro41.fr\/index.php?rest_route=\/wp\/v2\/product"}],"about":[{"href":"https:\/\/solenemaro41.fr\/index.php?rest_route=\/wp\/v2\/types\/product"}],"replies":[{"embeddable":true,"href":"https:\/\/solenemaro41.fr\/index.php?rest_route=%2Fwp%2Fv2%2Fcomments&post=1045"}],"wp:featuredmedia":[{"embeddable":true,"href":"https:\/\/solenemaro41.fr\/index.php?rest_route=\/wp\/v2\/media\/1044"}],"wp:attachment":[{"href":"https:\/\/solenemaro41.fr\/index.php?rest_route=%2Fwp%2Fv2%2Fmedia&parent=1045"}],"wp:term":[{"taxonomy":"product_brand","embeddable":true,"href":"https:\/\/solenemaro41.fr\/index.php?rest_route=%2Fwp%2Fv2%2Fproduct_brand&post=1045"},{"taxonomy":"product_cat","embeddable":true,"href":"https:\/\/solenemaro41.fr\/index.php?rest_route=%2Fwp%2Fv2%2Fproduct_cat&post=1045"},{"taxonomy":"product_tag","embeddable":true,"href":"https:\/\/solenemaro41.fr\/index.php?rest_route=%2Fwp%2Fv2%2Fproduct_tag&post=1045"}],"curies":[{"name":"wp","href":"https:\/\/api.w.org\/{rel}","templated":true}]}}