{"id":1052,"date":"2026-04-10T23:40:41","date_gmt":"2026-04-10T21:40:41","guid":{"rendered":"https:\/\/solenemaro41.fr\/?product=sac-a-main-armani-exchange-noir"},"modified":"2026-04-10T23:40:43","modified_gmt":"2026-04-10T21:40:43","slug":"sac-a-main-armani-exchange-noir","status":"publish","type":"product","link":"https:\/\/solenemaro41.fr\/?product=sac-a-main-armani-exchange-noir","title":{"rendered":"SAC A MAIN ARMANI EXCHANGE NOIR"},"content":{"rendered":"<p><strong>Caract\u00e9.ristiques du PETIT SAC A MAIN ARMANI EXCHANGE NOIR<\/strong><\/p>\n<ul>\n<li><span>Uni<\/span><\/li>\n<li><span>Logo<\/span><\/li>\n<li><span>Bandouli\u00e8.re amovible<\/span><\/li>\n<li><span>Double poign\u00e9.e<\/span><\/li>\n<li><span>Int\u00e9.rieur enti\u00e8.rement doubl\u00e9.<\/span><\/li>\n<li><span>Poche interne avec fermeture \u00e9.clair<\/span><\/li>\n<li><span>Dessous rigide<\/span><\/li>\n<\/ul>\n<p>Dimensions<\/p>\n<ul>\n<li><span><span><span>25 x 31 x 14 cm<\/span><\/span><\/span><\/li>\n<\/ul>\n<p>Composition :\u00a0.<\/p>\n<ul>\n<li>\n<p><span><span>100% polyester<\/span><\/span><\/p>\n<\/li>\n<\/ul>\n<p><strong>Informations livraisons<\/strong><\/p>\n<div>Les frais de livraisons sont offerts d\u00e8.s 40&#038;euro. d&rsquo;achats<br \/>Livraison entre 3 et 5 jours<\/div>\n<div>Mode de paiement s\u00e9.curis\u00e9.s accept\u00e9.s : CARTE BANCAIRE\u00a0. ou\u00a0. PAYPAL<br \/>R\u00e9.ception des marchandises : A domicile ou Retrait \u00e0. notre magasin<br \/>Consulter nos<a href=\"https:\/\/www.solene-maroquinerie.fr\/conditions_generales_de_vente.html\" target=\"_self\" title=\"Nos CGV\">\u00a0.conditions g\u00e9.n\u00e9.rales de ventes<\/a><\/div>\n","protected":false},"excerpt":{"rendered":"<p>Caract\u00e9.ristiques du PETIT SAC A MAIN ARMANI EXCHANGE NOIR Uni Logo Bandouli\u00e8.re amovible Double poign\u00e9.e Int\u00e9.rieur enti\u00e8.rement doubl\u00e9. Poche interne avec fermeture \u00e9.clair Dessous rigide Dimensions 25 x 31 x 14 cm Composition :\u00a0. 100% polyester Informations livraisons Les frais de livraisons sont offerts d\u00e8.s 40&#038;euro. d&rsquo;achatsLivraison entre 3 et 5 jours Mode de paiement [&hellip;]<\/p>\n","protected":false},"featured_media":1051,"comment_status":"open","ping_status":"closed","template":"","meta":[],"product_brand":[70],"product_cat":[28,69],"product_tag":[],"class_list":{"0":"post-1052","1":"product","2":"type-product","3":"status-publish","4":"has-post-thumbnail","6":"product_brand-armani-exchange","7":"product_cat-sac-a-main-2","8":"product_cat-sac-femme","10":"first","11":"instock","12":"shipping-taxable","13":"purchasable","14":"product-type-simple"},"_links":{"self":[{"href":"https:\/\/solenemaro41.fr\/index.php?rest_route=\/wp\/v2\/product\/1052","targetHints":{"allow":["GET"]}}],"collection":[{"href":"https:\/\/solenemaro41.fr\/index.php?rest_route=\/wp\/v2\/product"}],"about":[{"href":"https:\/\/solenemaro41.fr\/index.php?rest_route=\/wp\/v2\/types\/product"}],"replies":[{"embeddable":true,"href":"https:\/\/solenemaro41.fr\/index.php?rest_route=%2Fwp%2Fv2%2Fcomments&post=1052"}],"wp:featuredmedia":[{"embeddable":true,"href":"https:\/\/solenemaro41.fr\/index.php?rest_route=\/wp\/v2\/media\/1051"}],"wp:attachment":[{"href":"https:\/\/solenemaro41.fr\/index.php?rest_route=%2Fwp%2Fv2%2Fmedia&parent=1052"}],"wp:term":[{"taxonomy":"product_brand","embeddable":true,"href":"https:\/\/solenemaro41.fr\/index.php?rest_route=%2Fwp%2Fv2%2Fproduct_brand&post=1052"},{"taxonomy":"product_cat","embeddable":true,"href":"https:\/\/solenemaro41.fr\/index.php?rest_route=%2Fwp%2Fv2%2Fproduct_cat&post=1052"},{"taxonomy":"product_tag","embeddable":true,"href":"https:\/\/solenemaro41.fr\/index.php?rest_route=%2Fwp%2Fv2%2Fproduct_tag&post=1052"}],"curies":[{"name":"wp","href":"https:\/\/api.w.org\/{rel}","templated":true}]}}