{"id":1078,"date":"2026-04-10T23:41:06","date_gmt":"2026-04-10T21:41:06","guid":{"rendered":"https:\/\/solenemaro41.fr\/?product=sac-trotteur-lancaster-x-zoe"},"modified":"2026-04-10T23:41:13","modified_gmt":"2026-04-10T21:41:13","slug":"sac-trotteur-lancaster-x-zoe","status":"publish","type":"product","link":"https:\/\/solenemaro41.fr\/?product=sac-trotteur-lancaster-x-zoe","title":{"rendered":"SAC TROTTEUR LANCASTER X ZO\u00c9"},"content":{"rendered":"<p><strong>Caract\u00e9.ristiques du\u00a0.SAC TROTTEUR LANCASTER X ZO\u00c9. ANNA<\/strong><\/p>\n<p>Le sac Zo\u00e9.xLancaster poss\u00e8.de un rabat graphique sur le devant avec une poche ext\u00e9.rieure, une poche int\u00e9.rieur simple ainsi qu&rsquo;une poche int\u00e9.rieure zipp\u00e9.e.<\/p>\n<ul>\n<li>Fermeture \u00e0.<span>\u00a0.rabat avec fermoir<\/span><\/li>\n<li>Bandouli\u00e8.re a<span>movible, r\u00e9.glable<\/span><\/li>\n<li><span><span><span>Port\u00e9. \u00e9.paule, port\u00e9. travers<\/span><\/span><\/span><\/li>\n<li>Mati\u00e8.re : <span><span><span>Refente de cuir de vachette lisse<\/span><\/span><\/span><\/li>\n<li>Doublure textile<\/li>\n<li>Finitions m\u00e9.tal\u00a0.<span>dor\u00e9. brillant<\/span><\/li>\n<\/ul>\n<p>Dimensions<\/p>\n<ul>\n<li><span><span><span>22.0&#215;15.0x6.0 cm<\/span><\/span><\/span><\/li>\n<\/ul>\n<h4><strong>Informations livraisons<\/strong><\/h4>\n<div>Les frais de livraisons sont offerts d\u00e8.s 40&#038;euro. d&rsquo;achats<br \/>Livraison entre 3 et 5 jours<\/div>\n<div>Mode de paiement s\u00e9.curis\u00e9.s accept\u00e9.s : CARTE BANCAIRE\u00a0. ou\u00a0. PAYPAL<br \/>R\u00e9.ception des marchandises : A domicile ou Retrait \u00e0. notre magasin<br \/>Consulter nos<a href=\"http:\/\/www.solene-maroquinerie.fr\/conditions_generales_de_vente.html\" target=\"_self\" title=\"Nos CGV\">\u00a0.conditions g\u00e9.n\u00e9.rales de ventes<\/a><\/div>\n<p>\u00a0.<\/p>\n","protected":false},"excerpt":{"rendered":"<p>Caract\u00e9.ristiques du\u00a0.SAC TROTTEUR LANCASTER X ZO\u00c9. ANNA Le sac Zo\u00e9.xLancaster poss\u00e8.de un rabat graphique sur le devant avec une poche ext\u00e9.rieure, une poche int\u00e9.rieur simple ainsi qu&rsquo;une poche int\u00e9.rieure zipp\u00e9.e. Fermeture \u00e0.\u00a0.rabat avec fermoir Bandouli\u00e8.re amovible, r\u00e9.glable Port\u00e9. \u00e9.paule, port\u00e9. travers Mati\u00e8.re : Refente de cuir de vachette lisse Doublure textile Finitions m\u00e9.tal\u00a0.dor\u00e9. brillant Dimensions [&hellip;]<\/p>\n","protected":false},"featured_media":1077,"comment_status":"open","ping_status":"closed","template":"","meta":[],"product_brand":[29],"product_cat":[27,28],"product_tag":[],"class_list":{"0":"post-1078","1":"product","2":"type-product","3":"status-publish","4":"has-post-thumbnail","6":"product_brand-lancaster","7":"product_cat-sac-a-main","8":"product_cat-sac-a-main-2","10":"first","11":"instock","12":"shipping-taxable","13":"purchasable","14":"product-type-simple"},"_links":{"self":[{"href":"https:\/\/solenemaro41.fr\/index.php?rest_route=\/wp\/v2\/product\/1078","targetHints":{"allow":["GET"]}}],"collection":[{"href":"https:\/\/solenemaro41.fr\/index.php?rest_route=\/wp\/v2\/product"}],"about":[{"href":"https:\/\/solenemaro41.fr\/index.php?rest_route=\/wp\/v2\/types\/product"}],"replies":[{"embeddable":true,"href":"https:\/\/solenemaro41.fr\/index.php?rest_route=%2Fwp%2Fv2%2Fcomments&post=1078"}],"wp:featuredmedia":[{"embeddable":true,"href":"https:\/\/solenemaro41.fr\/index.php?rest_route=\/wp\/v2\/media\/1077"}],"wp:attachment":[{"href":"https:\/\/solenemaro41.fr\/index.php?rest_route=%2Fwp%2Fv2%2Fmedia&parent=1078"}],"wp:term":[{"taxonomy":"product_brand","embeddable":true,"href":"https:\/\/solenemaro41.fr\/index.php?rest_route=%2Fwp%2Fv2%2Fproduct_brand&post=1078"},{"taxonomy":"product_cat","embeddable":true,"href":"https:\/\/solenemaro41.fr\/index.php?rest_route=%2Fwp%2Fv2%2Fproduct_cat&post=1078"},{"taxonomy":"product_tag","embeddable":true,"href":"https:\/\/solenemaro41.fr\/index.php?rest_route=%2Fwp%2Fv2%2Fproduct_tag&post=1078"}],"curies":[{"name":"wp","href":"https:\/\/api.w.org\/{rel}","templated":true}]}}