{"id":1084,"date":"2026-04-10T23:41:14","date_gmt":"2026-04-10T21:41:14","guid":{"rendered":"https:\/\/solenemaro41.fr\/?product=petit-sac-cabas-lacoste-l-12-12-3"},"modified":"2026-04-10T23:41:16","modified_gmt":"2026-04-10T21:41:16","slug":"petit-sac-cabas-lacoste-l-12-12-3","status":"publish","type":"product","link":"https:\/\/solenemaro41.fr\/?product=petit-sac-cabas-lacoste-l-12-12-3","title":{"rendered":"Petit sac cabas LACOSTE L.12.12"},"content":{"rendered":"<p><strong>Caract\u00e9.ristiques du\u00a0.Petit sac cabas zipp\u00e9. LACOSTE L.12.12 Concept uni rouge<br \/><\/strong><\/p>\n<div style=\"display: inline !important.\">Ce sac cabas ultra pratique est \u00e9.quip\u00e9. de deux grandes anses et d&rsquo;une poche int\u00e9.rieure zipp\u00e9.e. Sobre et uni, il s&rsquo;accorde \u00e0. toutes vos tenues de saison.<\/div>\n<ul>\n<li>Int\u00e9.rieur 1 poche zipp\u00e9.e<\/li>\n<li>Tire-zip marqu\u00e9. Lacoste<\/li>\n<li>Crocodile vert brod\u00e9.<\/li>\n<li>Dimensions 24 x 24,5 x 14,5<\/li>\n<li>Ext\u00e9.rieur PVC<\/li>\n<li>Ext\u00e9.rieur : Pvc (100%)<\/li>\n<\/ul>\n<p><strong>Informations livraisons<\/strong><\/p>\n<p>Les frais de livraisons sont offerts d\u00e8.s 40&#038;euro. d&rsquo;achats<\/p>\n<div>Livraison entre 3 et 5 jours<\/div>\n<p>Mode de paiement s\u00e9.curis\u00e9.s accept\u00e9.s : CARTE BANCAIRE\u00a0. ou\u00a0. PAYPAL<\/p>\n<div>R\u00e9.ception des marchandises : A domicile ou Retrait \u00e0. notre magasin<br \/>Consulter nos<a href=\"http:\/\/www.solene-maroquinerie.fr\/conditions_generales_de_vente.html\" target=\"_self\" title=\"Nos CGV\">\u00a0.conditions g\u00e9.n\u00e9.rales de ventes<\/a><\/div>\n<p>\u00a0.<\/p>\n<p>\u00a0.<\/p>\n<p><span style=\"font-family: arial, helvetica, sans-serif. font-size: x-small.\"><br \/><\/span><\/p>\n","protected":false},"excerpt":{"rendered":"<p>Caract\u00e9.ristiques du\u00a0.Petit sac cabas zipp\u00e9. LACOSTE L.12.12 Concept uni rouge Ce sac cabas ultra pratique est \u00e9.quip\u00e9. de deux grandes anses et d&rsquo;une poche int\u00e9.rieure zipp\u00e9.e. Sobre et uni, il s&rsquo;accorde \u00e0. toutes vos tenues de saison. Int\u00e9.rieur 1 poche zipp\u00e9.e Tire-zip marqu\u00e9. Lacoste Crocodile vert brod\u00e9. Dimensions 24 x 24,5 x 14,5 Ext\u00e9.rieur PVC [&hellip;]<\/p>\n","protected":false},"featured_media":1083,"comment_status":"open","ping_status":"closed","template":"","meta":[],"product_brand":[25],"product_cat":[24,23],"product_tag":[],"class_list":{"0":"post-1084","1":"product","2":"type-product","3":"status-publish","4":"has-post-thumbnail","6":"product_brand-lacoste","7":"product_cat-divers","8":"product_cat-femme","10":"first","11":"instock","12":"shipping-taxable","13":"purchasable","14":"product-type-simple"},"_links":{"self":[{"href":"https:\/\/solenemaro41.fr\/index.php?rest_route=\/wp\/v2\/product\/1084","targetHints":{"allow":["GET"]}}],"collection":[{"href":"https:\/\/solenemaro41.fr\/index.php?rest_route=\/wp\/v2\/product"}],"about":[{"href":"https:\/\/solenemaro41.fr\/index.php?rest_route=\/wp\/v2\/types\/product"}],"replies":[{"embeddable":true,"href":"https:\/\/solenemaro41.fr\/index.php?rest_route=%2Fwp%2Fv2%2Fcomments&post=1084"}],"wp:featuredmedia":[{"embeddable":true,"href":"https:\/\/solenemaro41.fr\/index.php?rest_route=\/wp\/v2\/media\/1083"}],"wp:attachment":[{"href":"https:\/\/solenemaro41.fr\/index.php?rest_route=%2Fwp%2Fv2%2Fmedia&parent=1084"}],"wp:term":[{"taxonomy":"product_brand","embeddable":true,"href":"https:\/\/solenemaro41.fr\/index.php?rest_route=%2Fwp%2Fv2%2Fproduct_brand&post=1084"},{"taxonomy":"product_cat","embeddable":true,"href":"https:\/\/solenemaro41.fr\/index.php?rest_route=%2Fwp%2Fv2%2Fproduct_cat&post=1084"},{"taxonomy":"product_tag","embeddable":true,"href":"https:\/\/solenemaro41.fr\/index.php?rest_route=%2Fwp%2Fv2%2Fproduct_tag&post=1084"}],"curies":[{"name":"wp","href":"https:\/\/api.w.org\/{rel}","templated":true}]}}