{"id":1101,"date":"2026-04-10T23:41:35","date_gmt":"2026-04-10T21:41:35","guid":{"rendered":"https:\/\/solenemaro41.fr\/?product=sacoche-lacoste-bleue-lcst"},"modified":"2026-04-10T23:41:39","modified_gmt":"2026-04-10T21:41:39","slug":"sacoche-lacoste-bleue-lcst","status":"publish","type":"product","link":"https:\/\/solenemaro41.fr\/?product=sacoche-lacoste-bleue-lcst","title":{"rendered":"SACOCHE LACOSTE BLEUE LCST"},"content":{"rendered":"<p><strong>Caract\u00e9.ristiques de la SACOCHE PLATE LACOSTE LCST BLEU<\/strong><\/p>\n<ul>\n<li>Ext\u00e9.rieur 1 poche zipp\u00e9.e, int\u00e9.rieur 1 poche zipp\u00e9.e et 1 poche plaqu\u00e9.e mesh<\/li>\n<li>Fermeture zipp\u00e9.e et bandouli\u00e8.re r\u00e9.glable<\/li>\n<li>Crocodile vert brod\u00e9.<\/li>\n<li>Dimensions 15 x 20 x 2,5 cm<\/li>\n<li>PVC<\/li>\n<li>Exterieur: Pvc (100%)<\/li>\n<\/ul>\n<p><strong>Informations livraisons<\/strong><\/p>\n<div>Les frais de livraisons sont offerts d\u00e8.s 40&#038;euro. d&rsquo;achats<br \/>Livraison entre 3 et 5 jours<\/div>\n<div>Mode de paiement s\u00e9.curis\u00e9.s accept\u00e9.s : CARTE BANCAIRE\u00a0. ou\u00a0. PAYPAL<br \/>R\u00e9.ception des marchandises : A domicile ou Retrait \u00e0. notre magasin<br \/>Consulter nos<a href=\"http:\/\/www.solene-maroquinerie.fr\/conditions_generales_de_vente.html\" target=\"_self\" title=\"Nos CGV\">\u00a0.conditions g\u00e9.n\u00e9.rales de ventes<\/a><\/div>\n<p>\u00a0.<\/p>\n","protected":false},"excerpt":{"rendered":"<p>Caract\u00e9.ristiques de la SACOCHE PLATE LACOSTE LCST BLEU Ext\u00e9.rieur 1 poche zipp\u00e9.e, int\u00e9.rieur 1 poche zipp\u00e9.e et 1 poche plaqu\u00e9.e mesh Fermeture zipp\u00e9.e et bandouli\u00e8.re r\u00e9.glable Crocodile vert brod\u00e9. Dimensions 15 x 20 x 2,5 cm PVC Exterieur: Pvc (100%) Informations livraisons Les frais de livraisons sont offerts d\u00e8.s 40&#038;euro. d&rsquo;achatsLivraison entre 3 et 5 [&hellip;]<\/p>\n","protected":false},"featured_media":1100,"comment_status":"open","ping_status":"closed","template":"","meta":[],"product_brand":[25],"product_cat":[24,34],"product_tag":[],"class_list":{"0":"post-1101","1":"product","2":"type-product","3":"status-publish","4":"has-post-thumbnail","6":"product_brand-lacoste","7":"product_cat-divers","8":"product_cat-homme","10":"first","11":"instock","12":"shipping-taxable","13":"purchasable","14":"product-type-simple"},"_links":{"self":[{"href":"https:\/\/solenemaro41.fr\/index.php?rest_route=\/wp\/v2\/product\/1101","targetHints":{"allow":["GET"]}}],"collection":[{"href":"https:\/\/solenemaro41.fr\/index.php?rest_route=\/wp\/v2\/product"}],"about":[{"href":"https:\/\/solenemaro41.fr\/index.php?rest_route=\/wp\/v2\/types\/product"}],"replies":[{"embeddable":true,"href":"https:\/\/solenemaro41.fr\/index.php?rest_route=%2Fwp%2Fv2%2Fcomments&post=1101"}],"wp:featuredmedia":[{"embeddable":true,"href":"https:\/\/solenemaro41.fr\/index.php?rest_route=\/wp\/v2\/media\/1100"}],"wp:attachment":[{"href":"https:\/\/solenemaro41.fr\/index.php?rest_route=%2Fwp%2Fv2%2Fmedia&parent=1101"}],"wp:term":[{"taxonomy":"product_brand","embeddable":true,"href":"https:\/\/solenemaro41.fr\/index.php?rest_route=%2Fwp%2Fv2%2Fproduct_brand&post=1101"},{"taxonomy":"product_cat","embeddable":true,"href":"https:\/\/solenemaro41.fr\/index.php?rest_route=%2Fwp%2Fv2%2Fproduct_cat&post=1101"},{"taxonomy":"product_tag","embeddable":true,"href":"https:\/\/solenemaro41.fr\/index.php?rest_route=%2Fwp%2Fv2%2Fproduct_tag&post=1101"}],"curies":[{"name":"wp","href":"https:\/\/api.w.org\/{rel}","templated":true}]}}