{"id":1105,"date":"2026-04-10T23:41:39","date_gmt":"2026-04-10T21:41:39","guid":{"rendered":"https:\/\/solenemaro41.fr\/?product=petite-sacoche-lacoste-bleue"},"modified":"2026-04-10T23:41:43","modified_gmt":"2026-04-10T21:41:43","slug":"petite-sacoche-lacoste-bleue","status":"publish","type":"product","link":"https:\/\/solenemaro41.fr\/?product=petite-sacoche-lacoste-bleue","title":{"rendered":"PETITE SACOCHE LACOSTE BLEUE"},"content":{"rendered":"<p><strong>Caract\u00e9.ristiques de la PETITE SACOCHE PLATE LACOSTE LCST BLEUE<\/strong><\/p>\n<div>Cette petite sacoche plate con\u00e7.ue en toile r\u00e9.sistante allie fonctionnalit\u00e9. et look urbain. Dot\u00e9.e d&rsquo;une fermeture zipp\u00e9.e et de plusieurs poches pratiques, elle est sign\u00e9.e d&#038;rsquo.un petit crocodile vert iconique. Avec sa bandouli\u00e8.re r\u00e9.glable offrant un confort parfait, vous la porterez crois\u00e9.e sur un bomber ou une parka de la collection.<\/div>\n<ul>\n<li>Ext\u00e9.rieur 1 poche zipp\u00e9.e, int\u00e9.rieur 1 poche zipp\u00e9.e et 1 poche plaqu\u00e9.e mesh<\/li>\n<li>Fermeture zipp\u00e9.e et bandouli\u00e8.re r\u00e9.glable<\/li>\n<li>Crocodile vert brod\u00e9.<\/li>\n<li>Dimensions 15 x 20 x 2,5 cm<\/li>\n<li>PVC<\/li>\n<li>Exterieur: Pvc (100%)<\/li>\n<\/ul>\n<p><strong>Informations livraisons<\/strong><\/p>\n<div>Les frais de livraisons sont offerts d\u00e8.s 40&#038;euro. d&rsquo;achats<br \/>Livraison entre 3 et 5 jours<\/div>\n<div>Mode de paiement s\u00e9.curis\u00e9.s accept\u00e9.s : CARTE BANCAIRE\u00a0. ou\u00a0. PAYPAL<br \/>R\u00e9.ception des marchandises : A domicile ou Retrait \u00e0. notre magasin<br \/>Consulter nos<a href=\"http:\/\/www.solene-maroquinerie.fr\/conditions_generales_de_vente.html\" target=\"_self\" title=\"Nos CGV\">\u00a0.conditions g\u00e9.n\u00e9.rales de ventes<\/a><\/div>\n<p>\u00a0.<\/p>\n","protected":false},"excerpt":{"rendered":"<p>Caract\u00e9.ristiques de la PETITE SACOCHE PLATE LACOSTE LCST BLEUE Cette petite sacoche plate con\u00e7.ue en toile r\u00e9.sistante allie fonctionnalit\u00e9. et look urbain. Dot\u00e9.e d&rsquo;une fermeture zipp\u00e9.e et de plusieurs poches pratiques, elle est sign\u00e9.e d&#038;rsquo.un petit crocodile vert iconique. Avec sa bandouli\u00e8.re r\u00e9.glable offrant un confort parfait, vous la porterez crois\u00e9.e sur un bomber ou [&hellip;]<\/p>\n","protected":false},"featured_media":456,"comment_status":"open","ping_status":"closed","template":"","meta":[],"product_brand":[25],"product_cat":[24,34],"product_tag":[],"class_list":{"0":"post-1105","1":"product","2":"type-product","3":"status-publish","4":"has-post-thumbnail","6":"product_brand-lacoste","7":"product_cat-divers","8":"product_cat-homme","10":"first","11":"instock","12":"shipping-taxable","13":"purchasable","14":"product-type-simple"},"_links":{"self":[{"href":"https:\/\/solenemaro41.fr\/index.php?rest_route=\/wp\/v2\/product\/1105","targetHints":{"allow":["GET"]}}],"collection":[{"href":"https:\/\/solenemaro41.fr\/index.php?rest_route=\/wp\/v2\/product"}],"about":[{"href":"https:\/\/solenemaro41.fr\/index.php?rest_route=\/wp\/v2\/types\/product"}],"replies":[{"embeddable":true,"href":"https:\/\/solenemaro41.fr\/index.php?rest_route=%2Fwp%2Fv2%2Fcomments&post=1105"}],"wp:featuredmedia":[{"embeddable":true,"href":"https:\/\/solenemaro41.fr\/index.php?rest_route=\/wp\/v2\/media\/456"}],"wp:attachment":[{"href":"https:\/\/solenemaro41.fr\/index.php?rest_route=%2Fwp%2Fv2%2Fmedia&parent=1105"}],"wp:term":[{"taxonomy":"product_brand","embeddable":true,"href":"https:\/\/solenemaro41.fr\/index.php?rest_route=%2Fwp%2Fv2%2Fproduct_brand&post=1105"},{"taxonomy":"product_cat","embeddable":true,"href":"https:\/\/solenemaro41.fr\/index.php?rest_route=%2Fwp%2Fv2%2Fproduct_cat&post=1105"},{"taxonomy":"product_tag","embeddable":true,"href":"https:\/\/solenemaro41.fr\/index.php?rest_route=%2Fwp%2Fv2%2Fproduct_tag&post=1105"}],"curies":[{"name":"wp","href":"https:\/\/api.w.org\/{rel}","templated":true}]}}