{"id":1109,"date":"2026-04-10T23:41:43","date_gmt":"2026-04-10T21:41:43","guid":{"rendered":"https:\/\/solenemaro41.fr\/?product=sac-karl-lagerfeld-porte-epaule"},"modified":"2026-04-10T23:41:47","modified_gmt":"2026-04-10T21:41:47","slug":"sac-karl-lagerfeld-porte-epaule","status":"publish","type":"product","link":"https:\/\/solenemaro41.fr\/?product=sac-karl-lagerfeld-porte-epaule","title":{"rendered":"SAC KARL LAGERFELD PORT\u00c9 \u00c9PAULE"},"content":{"rendered":"<p><strong>Caract\u00e9.ristiques du <span>SAC KARL LAGERFELD PORT\u00c9. \u00c9.PAULE K\/PINS EN BOUCL\u00c9.\u00a0.<\/span><\/strong><\/p>\n<div><span><span><\/span><\/span><span><span><span><span><span><span><span><span>Un sac port\u00e9. \u00e9.paule tr\u00e8.s chic confectionn\u00e9. en boucl\u00e9. monochrome et orn\u00e9. de pin&rsquo;s KARL argent\u00e9.s. Ce mod\u00e8.le textur\u00e9. est dot\u00e9. d&rsquo;une construction matelass\u00e9.e et d&rsquo;un zip \u00e0. la base qui permet d&rsquo;optimiser l&rsquo;espace de rangement. L&rsquo;ornement KARL Monogram au niveau de la sangle compl\u00e8.te cette pi\u00e8.ce cr\u00e9.ative.\u00a0.<\/span><\/span><\/span><\/span><\/span><\/span><\/span><\/span><\/div>\n<div>\n<ul>\n<li>Fermeture zipp\u00e9.e sur le dessus\u00a0.<\/li>\n<li>Sangle non r\u00e9.glable\u00a0.<\/li>\n<li>Base zipp\u00e9.e extensible pour maximiser le rangement\u00a0.<\/li>\n<li>KARL badges at the front\u00a0.<\/li>\n<\/ul>\n<p> Dimensions\u00a0. <\/p>\n<ul>\n<li>27 x 21 x 9 cm<\/li>\n<\/ul><\/div>\n<div>Mati\u00e8.re\u00a0.<\/div>\n<div>\n<ul>\n<li>Composition:\u00a0.23\u00a0.% LAINE &#8211; 15\u00a0.% ACRYLIQUE &#8211; 10\u00a0.% POLYAMIDE &#8211; 4\u00a0.% COTON &#8211; 2\u00a0.% VISCOSE &#8211; 46\u00a0.% CUIR DE VACHE<\/li>\n<li>Mati\u00e8.re:\u00a0.Tiss\u00e9.<\/li>\n<\/ul><\/div>\n<div><span><span><\/span><\/span> <\/p>\n<p><strong>Informations livraisons<\/strong><\/p>\n<p> <span><span><\/span><\/span> <\/p>\n<p>Les frais de livraisons sont offerts d\u00e8.s 40&#038;euro. d&rsquo;achats<\/p>\n<p> <span><span><\/span><\/span> <\/p>\n<div>Livraison entre 3 et 5 jours<\/div>\n<p> <span><span><\/span><\/span> <\/p>\n<p>Mode de paiement s\u00e9.curis\u00e9.s accept\u00e9.s : CARTE BANCAIRE\u00a0. ou\u00a0. PAYPAL<\/p>\n<\/p><\/div>\n","protected":false},"excerpt":{"rendered":"<p>Caract\u00e9.ristiques du SAC KARL LAGERFELD PORT\u00c9. \u00c9.PAULE K\/PINS EN BOUCL\u00c9.\u00a0. Un sac port\u00e9. \u00e9.paule tr\u00e8.s chic confectionn\u00e9. en boucl\u00e9. monochrome et orn\u00e9. de pin&rsquo;s KARL argent\u00e9.s. Ce mod\u00e8.le textur\u00e9. est dot\u00e9. d&rsquo;une construction matelass\u00e9.e et d&rsquo;un zip \u00e0. la base qui permet d&rsquo;optimiser l&rsquo;espace de rangement. L&rsquo;ornement KARL Monogram au niveau de la sangle compl\u00e8.te [&hellip;]<\/p>\n","protected":false},"featured_media":1108,"comment_status":"open","ping_status":"closed","template":"","meta":[],"product_brand":[73],"product_cat":[24,72],"product_tag":[],"class_list":{"0":"post-1109","1":"product","2":"type-product","3":"status-publish","4":"has-post-thumbnail","6":"product_brand-karl-lagerfeld","7":"product_cat-divers","8":"product_cat-karl-lagerfeld-karl-lagerfeld","10":"first","11":"instock","12":"shipping-taxable","13":"purchasable","14":"product-type-simple"},"_links":{"self":[{"href":"https:\/\/solenemaro41.fr\/index.php?rest_route=\/wp\/v2\/product\/1109","targetHints":{"allow":["GET"]}}],"collection":[{"href":"https:\/\/solenemaro41.fr\/index.php?rest_route=\/wp\/v2\/product"}],"about":[{"href":"https:\/\/solenemaro41.fr\/index.php?rest_route=\/wp\/v2\/types\/product"}],"replies":[{"embeddable":true,"href":"https:\/\/solenemaro41.fr\/index.php?rest_route=%2Fwp%2Fv2%2Fcomments&post=1109"}],"wp:featuredmedia":[{"embeddable":true,"href":"https:\/\/solenemaro41.fr\/index.php?rest_route=\/wp\/v2\/media\/1108"}],"wp:attachment":[{"href":"https:\/\/solenemaro41.fr\/index.php?rest_route=%2Fwp%2Fv2%2Fmedia&parent=1109"}],"wp:term":[{"taxonomy":"product_brand","embeddable":true,"href":"https:\/\/solenemaro41.fr\/index.php?rest_route=%2Fwp%2Fv2%2Fproduct_brand&post=1109"},{"taxonomy":"product_cat","embeddable":true,"href":"https:\/\/solenemaro41.fr\/index.php?rest_route=%2Fwp%2Fv2%2Fproduct_cat&post=1109"},{"taxonomy":"product_tag","embeddable":true,"href":"https:\/\/solenemaro41.fr\/index.php?rest_route=%2Fwp%2Fv2%2Fproduct_tag&post=1109"}],"curies":[{"name":"wp","href":"https:\/\/api.w.org\/{rel}","templated":true}]}}