{"id":1114,"date":"2026-04-10T23:41:49","date_gmt":"2026-04-10T21:41:49","guid":{"rendered":"https:\/\/solenemaro41.fr\/?product=portefeuille-lacoste-chantaco"},"modified":"2026-04-10T23:41:51","modified_gmt":"2026-04-10T21:41:51","slug":"portefeuille-lacoste-chantaco","status":"publish","type":"product","link":"https:\/\/solenemaro41.fr\/?product=portefeuille-lacoste-chantaco","title":{"rendered":"PORTEFEUILLE LACOSTE CHANTACO"},"content":{"rendered":"<p><strong style=\"font-size: 1em.\">Caract\u00e9.ristiques du Grand portefeuille unisexe LACOSTE Chantaco zipp\u00e9. en cuir piqu\u00e9. noir<\/strong><\/p>\n<div>\n<div>Confectionn\u00e9. en cuir piqu\u00e9. premium iconique, ce grand portefeuille zipp\u00e9. Chantaco se glissera facilement dans un cabas coordonn\u00e9. de la collection. Chic et bien pens\u00e9., il renferme de nombreux rangements dont douze fentes pour vos cartes et vos re\u00e7.us. Une poche plate externe compl\u00e8.te cet accessoire pens\u00e9. pour un quotidien bien organis\u00e9..<\/div>\n<ul>\n<li>Ext\u00e9.rieur 1 poche plate et 1 fente pour carte, int\u00e9.rieur 12 fentes pour cartes et 1 poche gousset<\/li>\n<li>Fermeture zipp\u00e9.e<\/li>\n<li>Crocodile en m\u00e9.tal<\/li>\n<li>Dimensions 20,5 x 10 x 2 cm<\/li>\n<li>Cuir piqu\u00e9. italien<\/li>\n<li>Exterieur: Refente de cuir vachette (100%)<\/li>\n<\/ul><\/div>\n<p><strong style=\"font-size: 1em.\">Informations livraisons<\/strong><\/p>\n<div><span>Les frais de livraisons sont offerts d\u00e8.s 40&#038;euro. d&rsquo;achats<br \/>Livraison entre 3 et 5 jours<br \/><\/span><\/div>\n<div><span>Mode de paiement s\u00e9.curis\u00e9.s accept\u00e9.s : CARTE BANCAIRE\u00a0. ou\u00a0. PAYPAL<br \/>R\u00e9.ception des marchandises : A domicile ou Retrait \u00e0. notre magasin<br \/>Consulter nos<a href=\"http:\/\/www.solene-maroquinerie.fr\/conditions_generales_de_vente.html\" target=\"_self\" title=\"Nos CGV\">\u00a0.conditions g\u00e9.n\u00e9.rales de ventes<\/a><\/span><\/div>\n<p>\u00a0.<\/p>\n","protected":false},"excerpt":{"rendered":"<p>Caract\u00e9.ristiques du Grand portefeuille unisexe LACOSTE Chantaco zipp\u00e9. en cuir piqu\u00e9. noir Confectionn\u00e9. en cuir piqu\u00e9. premium iconique, ce grand portefeuille zipp\u00e9. Chantaco se glissera facilement dans un cabas coordonn\u00e9. de la collection. Chic et bien pens\u00e9., il renferme de nombreux rangements dont douze fentes pour vos cartes et vos re\u00e7.us. Une poche plate externe [&hellip;]<\/p>\n","protected":false},"featured_media":1113,"comment_status":"open","ping_status":"closed","template":"","meta":[],"product_brand":[25],"product_cat":[32,33],"product_tag":[],"class_list":{"0":"post-1114","1":"product","2":"type-product","3":"status-publish","4":"has-post-thumbnail","6":"product_brand-lacoste","7":"product_cat-petite-maroquinerie","8":"product_cat-petite-maroquinerie-lacoste","10":"first","11":"outofstock","12":"shipping-taxable","13":"purchasable","14":"product-type-simple"},"_links":{"self":[{"href":"https:\/\/solenemaro41.fr\/index.php?rest_route=\/wp\/v2\/product\/1114","targetHints":{"allow":["GET"]}}],"collection":[{"href":"https:\/\/solenemaro41.fr\/index.php?rest_route=\/wp\/v2\/product"}],"about":[{"href":"https:\/\/solenemaro41.fr\/index.php?rest_route=\/wp\/v2\/types\/product"}],"replies":[{"embeddable":true,"href":"https:\/\/solenemaro41.fr\/index.php?rest_route=%2Fwp%2Fv2%2Fcomments&post=1114"}],"wp:featuredmedia":[{"embeddable":true,"href":"https:\/\/solenemaro41.fr\/index.php?rest_route=\/wp\/v2\/media\/1113"}],"wp:attachment":[{"href":"https:\/\/solenemaro41.fr\/index.php?rest_route=%2Fwp%2Fv2%2Fmedia&parent=1114"}],"wp:term":[{"taxonomy":"product_brand","embeddable":true,"href":"https:\/\/solenemaro41.fr\/index.php?rest_route=%2Fwp%2Fv2%2Fproduct_brand&post=1114"},{"taxonomy":"product_cat","embeddable":true,"href":"https:\/\/solenemaro41.fr\/index.php?rest_route=%2Fwp%2Fv2%2Fproduct_cat&post=1114"},{"taxonomy":"product_tag","embeddable":true,"href":"https:\/\/solenemaro41.fr\/index.php?rest_route=%2Fwp%2Fv2%2Fproduct_tag&post=1114"}],"curies":[{"name":"wp","href":"https:\/\/api.w.org\/{rel}","templated":true}]}}