{"id":1121,"date":"2026-04-10T23:41:59","date_gmt":"2026-04-10T21:41:59","guid":{"rendered":"https:\/\/solenemaro41.fr\/?product=portefeuille-lacoste-fitzgerald"},"modified":"2026-04-10T23:42:02","modified_gmt":"2026-04-10T21:42:02","slug":"portefeuille-lacoste-fitzgerald","status":"publish","type":"product","link":"https:\/\/solenemaro41.fr\/?product=portefeuille-lacoste-fitzgerald","title":{"rendered":"PORTEFEUILLE LACOSTE FITZGERALD"},"content":{"rendered":"<p><strong>Caract\u00e9.ristiques du PORTEFEUILLE LACOSTE FITZGERALD NOIR<\/strong><\/p>\n<div>Inspir\u00e9.e par le c\u00e9.l\u00e8.bre \u00e9.crivain de Gatsby Le Magnifique, la ligne Fitzgerald nous offre ce portefeuille Lacoste avec des coutures contrast\u00e9.es. Il se glissera dans la poche arri\u00e8.re d&rsquo;un pantalon, en toute discr\u00e9.tion.<\/div>\n<ul>\n<li>Rangements 3 cartes et porte-monnaie<\/li>\n<li>Crocodile m\u00e9.tal bross\u00e9.<\/li>\n<\/ul>\n<p>Dimensions<\/p>\n<ul>\n<li>12 x 10 x 3 cm<\/li>\n<\/ul>\n<p>Composition :<\/p>\n<ul>\n<li>Ext\u00e9.rieur : Cuir de vachette (100%) \/ Interieur: Cuir de vachette (100%) \/ Doublure: Coton (100%)<\/li>\n<\/ul>\n<p><strong>Informations livraisons<\/strong><\/p>\n<p>Les frais de livraisons sont offerts d\u00e8.s 40&#038;euro. d&rsquo;achats<\/p>\n<p>Mode de paiement s\u00e9.curis\u00e9.s accept\u00e9.s : CARTE BANCAIRE\u00a0. ou\u00a0. PAYPAL<\/p>\n<div>R\u00e9.ception des marchandises : A domicile ou Retrait \u00e0. notre magasin<\/div>\n<div>Livraison entre 3 et 5 jours<\/div>\n<div>Retrait au magasin sous 24h (rdv)<\/div>\n<div>Consulter nos<a href=\"https:\/\/www.solene-maroquinerie.fr\/conditions_generales_de_vente.html\" target=\"_self\" title=\"Nos CGV\">\u00a0.conditions g\u00e9.n\u00e9.rales de ventes<\/a><\/div>\n","protected":false},"excerpt":{"rendered":"<p>Caract\u00e9.ristiques du PORTEFEUILLE LACOSTE FITZGERALD NOIR Inspir\u00e9.e par le c\u00e9.l\u00e8.bre \u00e9.crivain de Gatsby Le Magnifique, la ligne Fitzgerald nous offre ce portefeuille Lacoste avec des coutures contrast\u00e9.es. Il se glissera dans la poche arri\u00e8.re d&rsquo;un pantalon, en toute discr\u00e9.tion. Rangements 3 cartes et porte-monnaie Crocodile m\u00e9.tal bross\u00e9. Dimensions 12 x 10 x 3 cm Composition [&hellip;]<\/p>\n","protected":false},"featured_media":485,"comment_status":"open","ping_status":"closed","template":"","meta":[],"product_brand":[25],"product_cat":[32,33],"product_tag":[],"class_list":{"0":"post-1121","1":"product","2":"type-product","3":"status-publish","4":"has-post-thumbnail","6":"product_brand-lacoste","7":"product_cat-petite-maroquinerie","8":"product_cat-petite-maroquinerie-lacoste","10":"first","11":"instock","12":"shipping-taxable","13":"purchasable","14":"product-type-simple"},"_links":{"self":[{"href":"https:\/\/solenemaro41.fr\/index.php?rest_route=\/wp\/v2\/product\/1121","targetHints":{"allow":["GET"]}}],"collection":[{"href":"https:\/\/solenemaro41.fr\/index.php?rest_route=\/wp\/v2\/product"}],"about":[{"href":"https:\/\/solenemaro41.fr\/index.php?rest_route=\/wp\/v2\/types\/product"}],"replies":[{"embeddable":true,"href":"https:\/\/solenemaro41.fr\/index.php?rest_route=%2Fwp%2Fv2%2Fcomments&post=1121"}],"wp:featuredmedia":[{"embeddable":true,"href":"https:\/\/solenemaro41.fr\/index.php?rest_route=\/wp\/v2\/media\/485"}],"wp:attachment":[{"href":"https:\/\/solenemaro41.fr\/index.php?rest_route=%2Fwp%2Fv2%2Fmedia&parent=1121"}],"wp:term":[{"taxonomy":"product_brand","embeddable":true,"href":"https:\/\/solenemaro41.fr\/index.php?rest_route=%2Fwp%2Fv2%2Fproduct_brand&post=1121"},{"taxonomy":"product_cat","embeddable":true,"href":"https:\/\/solenemaro41.fr\/index.php?rest_route=%2Fwp%2Fv2%2Fproduct_cat&post=1121"},{"taxonomy":"product_tag","embeddable":true,"href":"https:\/\/solenemaro41.fr\/index.php?rest_route=%2Fwp%2Fv2%2Fproduct_tag&post=1121"}],"curies":[{"name":"wp","href":"https:\/\/api.w.org\/{rel}","templated":true}]}}