{"id":1192,"date":"2026-04-10T23:56:20","date_gmt":"2026-04-10T21:56:20","guid":{"rendered":"https:\/\/solenemaro41.fr\/?product=eastpak-padded-5e1-wally-patern"},"modified":"2026-04-10T23:56:20","modified_gmt":"2026-04-10T21:56:20","slug":"eastpak-padded-5e1-wally-patern","status":"publish","type":"product","link":"https:\/\/solenemaro41.fr\/?product=eastpak-padded-5e1-wally-patern","title":{"rendered":"EASTPAK PADDED 5E1 WALLY PATERN"},"content":{"rendered":"<p><span style=\"font-size: small.\"><strong><span style=\"font-family: arial, helvetica, sans-serif.\">Collaboration officielle avec O\u00f9. est Charlie rend hommage \u00e0. l&#8217;embl\u00e9.matique s\u00e9.rie de livres-jeux. Cherchez Charlie sur ce sac \u00e0. dos Eastpak classique rehauss\u00e9. des logos des deux marques. Ajustez les bretelles rembourr\u00e9.es pour le porter confortablement toute la journ\u00e9.e.<\/span><\/strong><\/span><\/p>\n<p><span style=\"font-family: arial, helvetica, sans-serif. font-size: 10pt.\">Le sac \u00e0. dos Padded est le mod\u00e8.le le plus c\u00e9.l\u00e8.bre\u00a0.d&rsquo;Eastpak, combinant un style frais et une fabrication robuste, pour emmener facilement tout ce dont vous avez besoin pour voyager en s\u00e9.curit\u00e9., qu&rsquo;il soit grand ou petit. Le dos rembourr\u00e9. et les sangles \u00e9.paules ergonomiques en font l&rsquo;un des sacs \u00e0. dos les plus confortables !<\/span><\/p>\n<p><span style=\"font-family: arial, helvetica, sans-serif. font-size: 10pt.\">Le Padded est disponible dans de nombreux coloris et motifs, n&rsquo;h\u00e9.sitez pas \u00e0. nous contacter pour plus de conseils.<\/span><\/p>\n<div>\n<ul>\n<li><span style=\"font-family: arial, helvetica, sans-serif. font-size: 10pt.\">Grand compartiment principal<\/span><\/li>\n<li><span style=\"font-family: arial, helvetica, sans-serif. font-size: 10pt.\">Poche \u00e0. zip sur le devant pour ranger tes petites affaires<\/span><\/li>\n<li><span style=\"font-family: arial, helvetica, sans-serif. font-size: 10pt.\">Dos rembourr\u00e9. confortable<\/span><\/li>\n<li><span style=\"font-family: arial, helvetica, sans-serif. font-size: 10pt.\">Sangles \u00e9.paules \u00e9.paisses et rembourr\u00e9.es<\/span><\/li>\n<\/ul>\n<p><span style=\"font-family: arial, helvetica, sans-serif. font-size: 10pt.\">Hauteur : 40 cm<\/span><\/p>\n<p><span style=\"font-family: arial, helvetica, sans-serif. font-size: 10pt.\">Largeur : 30 cm<\/span><\/p>\n<p><span style=\"font-family: arial, helvetica, sans-serif. font-size: 10pt.\">Profondeur : 18 cm<\/span><\/p>\n<p><span style=\"font-family: arial, helvetica, sans-serif. font-size: 10pt.\">Volume : 24 L<\/span><\/p>\n<p><span style=\"font-family: arial, helvetica, sans-serif. font-size: 10pt.\">Poids : 420g<\/span><\/p>\n<p><span style=\"font-family: arial, helvetica, sans-serif. font-size: 10pt.\">Garantie : 30 ans<\/span><\/p>\n<div><span style=\"font-family: arial, helvetica, sans-serif. font-size: 10pt.\">Mat\u00e9.riel : Polyamide<\/span><\/div>\n<\/p><\/div>\n<div><span><br \/><\/span><\/div>\n","protected":false},"excerpt":{"rendered":"<p>Collaboration officielle avec O\u00f9. est Charlie rend hommage \u00e0. l&#8217;embl\u00e9.matique s\u00e9.rie de livres-jeux. Cherchez Charlie sur ce sac \u00e0. dos Eastpak classique rehauss\u00e9. des logos des deux marques. Ajustez les bretelles rembourr\u00e9.es pour le porter confortablement toute la journ\u00e9.e. Le sac \u00e0. dos Padded est le mod\u00e8.le le plus c\u00e9.l\u00e8.bre\u00a0.d&rsquo;Eastpak, combinant un style frais et [&hellip;]<\/p>\n","protected":false},"featured_media":1191,"comment_status":"open","ping_status":"closed","template":"","meta":[],"product_brand":[20],"product_cat":[19,18],"product_tag":[],"class_list":{"0":"post-1192","1":"product","2":"type-product","3":"status-publish","4":"has-post-thumbnail","6":"product_brand-eastpak","7":"product_cat-sac-a-dos","8":"product_cat-sac-a-dos-padded","10":"first","11":"instock","12":"shipping-taxable","13":"purchasable","14":"product-type-simple"},"_links":{"self":[{"href":"https:\/\/solenemaro41.fr\/index.php?rest_route=\/wp\/v2\/product\/1192","targetHints":{"allow":["GET"]}}],"collection":[{"href":"https:\/\/solenemaro41.fr\/index.php?rest_route=\/wp\/v2\/product"}],"about":[{"href":"https:\/\/solenemaro41.fr\/index.php?rest_route=\/wp\/v2\/types\/product"}],"replies":[{"embeddable":true,"href":"https:\/\/solenemaro41.fr\/index.php?rest_route=%2Fwp%2Fv2%2Fcomments&post=1192"}],"wp:featuredmedia":[{"embeddable":true,"href":"https:\/\/solenemaro41.fr\/index.php?rest_route=\/wp\/v2\/media\/1191"}],"wp:attachment":[{"href":"https:\/\/solenemaro41.fr\/index.php?rest_route=%2Fwp%2Fv2%2Fmedia&parent=1192"}],"wp:term":[{"taxonomy":"product_brand","embeddable":true,"href":"https:\/\/solenemaro41.fr\/index.php?rest_route=%2Fwp%2Fv2%2Fproduct_brand&post=1192"},{"taxonomy":"product_cat","embeddable":true,"href":"https:\/\/solenemaro41.fr\/index.php?rest_route=%2Fwp%2Fv2%2Fproduct_cat&post=1192"},{"taxonomy":"product_tag","embeddable":true,"href":"https:\/\/solenemaro41.fr\/index.php?rest_route=%2Fwp%2Fv2%2Fproduct_tag&post=1192"}],"curies":[{"name":"wp","href":"https:\/\/api.w.org\/{rel}","templated":true}]}}