{"id":1221,"date":"2026-04-10T23:56:46","date_gmt":"2026-04-10T21:56:46","guid":{"rendered":"https:\/\/solenemaro41.fr\/?product=cartable-tanns-41cm-antonia-ble"},"modified":"2026-04-10T23:56:48","modified_gmt":"2026-04-10T21:56:48","slug":"cartable-tanns-41cm-antonia-ble","status":"publish","type":"product","link":"https:\/\/solenemaro41.fr\/?product=cartable-tanns-41cm-antonia-ble","title":{"rendered":"CARTABLE TANN&rsquo;S 41cm ANTONIA BLE"},"content":{"rendered":"<p><strong>Caract\u00e9.ristiques du CARTABLE TANN&rsquo;S 41cm ANTONIA BLEU<\/strong><\/p>\n<p><span>Le mod\u00e8.le Antonia charmera nos petites \u00e9.coli\u00e8.res avec son motif fleuri orn\u00e9. de pompons aux couleurs assorties. Son petit plus, une ganse et des d\u00e9.tails dor\u00e9.s pour encore plus de style !<\/span><br \/><span>Mati\u00e8.re \u00e9.co-responsable : ce cartable est fabriqu\u00e9. \u00e0. partir d&rsquo;un polyester de haute qualit\u00e9. issu de bouteilles plastiques recycl\u00e9.es.<\/span><\/p>\n<p><strong>Dimensions :<\/strong><\/p>\n<ul>\n<li><span>41cm x 33cm x 17cm<\/span><\/li>\n<li><span>23 Litres<\/span><\/li>\n<\/ul>\n<p><strong>Poids :<\/strong><\/p>\n<ul>\n<li>1,11 Kg<\/li>\n<\/ul>\n<p><strong>Informations livraisons<\/strong><\/p>\n<p>Les frais de livraisons sont offerts d\u00e8.s 40&#038;euro. d&rsquo;achats<\/p>\n<div>Livraison entre 3 et 5 jours<\/div>\n<p>Mode de paiement s\u00e9.curis\u00e9.s accept\u00e9.s : CARTE BANCAIRE\u00a0. ou\u00a0. PAYPAL<\/p>\n<div>R\u00e9.ception des marchandises : A domicile ou Retrait \u00e0. notre magasin<\/div>\n<div>Consulter nos<a href=\"https:\/\/www.solene-maroquinerie.fr\/conditions_generales_de_vente.html\" target=\"_self\" title=\"Nos CGV\">\u00a0.conditions g\u00e9.n\u00e9.rales de ventes<\/a><\/div>\n<p>\u00a0.<\/p>\n","protected":false},"excerpt":{"rendered":"<p>Caract\u00e9.ristiques du CARTABLE TANN&rsquo;S 41cm ANTONIA BLEU Le mod\u00e8.le Antonia charmera nos petites \u00e9.coli\u00e8.res avec son motif fleuri orn\u00e9. de pompons aux couleurs assorties. Son petit plus, une ganse et des d\u00e9.tails dor\u00e9.s pour encore plus de style !Mati\u00e8.re \u00e9.co-responsable : ce cartable est fabriqu\u00e9. \u00e0. partir d&rsquo;un polyester de haute qualit\u00e9. issu de bouteilles [&hellip;]<\/p>\n","protected":false},"featured_media":1220,"comment_status":"open","ping_status":"closed","template":"","meta":[],"product_brand":[38],"product_cat":[65,37],"product_tag":[],"class_list":{"0":"post-1221","1":"product","2":"type-product","3":"status-publish","4":"has-post-thumbnail","6":"product_brand-tanns","7":"product_cat-cartable-tanns-41cm","8":"product_cat-cartables","10":"first","11":"outofstock","12":"shipping-taxable","13":"purchasable","14":"product-type-simple"},"_links":{"self":[{"href":"https:\/\/solenemaro41.fr\/index.php?rest_route=\/wp\/v2\/product\/1221","targetHints":{"allow":["GET"]}}],"collection":[{"href":"https:\/\/solenemaro41.fr\/index.php?rest_route=\/wp\/v2\/product"}],"about":[{"href":"https:\/\/solenemaro41.fr\/index.php?rest_route=\/wp\/v2\/types\/product"}],"replies":[{"embeddable":true,"href":"https:\/\/solenemaro41.fr\/index.php?rest_route=%2Fwp%2Fv2%2Fcomments&post=1221"}],"wp:featuredmedia":[{"embeddable":true,"href":"https:\/\/solenemaro41.fr\/index.php?rest_route=\/wp\/v2\/media\/1220"}],"wp:attachment":[{"href":"https:\/\/solenemaro41.fr\/index.php?rest_route=%2Fwp%2Fv2%2Fmedia&parent=1221"}],"wp:term":[{"taxonomy":"product_brand","embeddable":true,"href":"https:\/\/solenemaro41.fr\/index.php?rest_route=%2Fwp%2Fv2%2Fproduct_brand&post=1221"},{"taxonomy":"product_cat","embeddable":true,"href":"https:\/\/solenemaro41.fr\/index.php?rest_route=%2Fwp%2Fv2%2Fproduct_cat&post=1221"},{"taxonomy":"product_tag","embeddable":true,"href":"https:\/\/solenemaro41.fr\/index.php?rest_route=%2Fwp%2Fv2%2Fproduct_tag&post=1221"}],"curies":[{"name":"wp","href":"https:\/\/api.w.org\/{rel}","templated":true}]}}