{"id":1225,"date":"2026-04-10T23:56:49","date_gmt":"2026-04-10T21:56:49","guid":{"rendered":"https:\/\/solenemaro41.fr\/?product=cartable-souple-tanns-saute-mou"},"modified":"2026-04-10T23:56:51","modified_gmt":"2026-04-10T21:56:51","slug":"cartable-souple-tanns-saute-mou","status":"publish","type":"product","link":"https:\/\/solenemaro41.fr\/?product=cartable-souple-tanns-saute-mou","title":{"rendered":"CARTABLE SOUPLE TANN&rsquo;S SAUTE-MOU"},"content":{"rendered":"<p><strong>Caract\u00e9.ristiques du CARTABLE SOUPLE TANN&rsquo;S SAUTE-MOUTON L&rsquo;ECOLE DES TANN&rsquo;S<\/strong><\/p>\n<p>Jouer \u00e0. saute-mouton ou compter les moutons ? Quelle que soit leur pr\u00e9.f\u00e9.rence, ce cartable L&rsquo;\u00e9.cole des Tann&rsquo;s souple accompagnera nos tout-petits pour une rentr\u00e9.e tout en douceur.<br \/>L&rsquo;\u00e9.cole des Tann&rsquo;s s&#038;rsquo.invite dans les \u00e9.coles maternelles gr\u00e2.ce \u00e0. un cartable souple astucieux, ludique et color\u00e9. !<br \/>L&rsquo;\u00e9.cole des Tann&rsquo;s offre aux heureux porteurs un joli sac coulissant assorti et de grande contenance afin d&#038;rsquo.y glisser chaussons, change, affaires de sport, de danse ou de piscine&#038;hellip.<br \/>Ce duo cartable \/ sac coulissant est id\u00e9.al pour accompagner les plus jeunes aussi bien \u00e0. l&#038;rsquo.\u00e9.cole que chez la nounou, pour un week-end chez les grands parents ou m\u00ea.me lors de leurs activit\u00e9.s extra scolaires.<br \/>Ces sacs ont \u00e9.t\u00e9. fabriqu\u00e9.s dans un polyester de haute qualit\u00e9. issu \u00e0. 100% de bouteilles en plastique recycl\u00e9.es.<br \/>Cette mati\u00e8.re est aussi r\u00e9.sistante \u00e0. l&#038;rsquo.eau et gardera au sec les affaires de votre enfant en cas de pluies fines.<strong><br \/><\/strong><\/p>\n<p><strong>Dimensions :<\/strong><\/p>\n<ul>\n<li>29cm x 27cm x 10cm<\/li>\n<li>8 Litres<\/li>\n<\/ul>\n<p><strong>Poids :<\/strong><\/p>\n<ul>\n<li>0,43 Kg<\/li>\n<\/ul>\n<p><strong>Informations livraisons<\/strong><\/p>\n<p>Les frais de livraisons sont offerts d\u00e8.s 40&#038;euro. d&rsquo;achats<\/p>\n<div>Livraison entre 3 et 5 jours<\/div>\n<p>Mode de paiement s\u00e9.curis\u00e9.s accept\u00e9.s : CARTE BANCAIRE\u00a0. ou\u00a0. PAYPAL<\/p>\n<div>R\u00e9.ception des marchandises : A domicile ou Retrait \u00e0. notre magasin<\/div>\n<div>Consulter nos<a href=\"https:\/\/www.solene-maroquinerie.fr\/conditions_generales_de_vente.html\" target=\"_self\" title=\"Nos CGV\">\u00a0.conditions g\u00e9.n\u00e9.rales de ventes<\/a><\/div>\n","protected":false},"excerpt":{"rendered":"<p>Caract\u00e9.ristiques du CARTABLE SOUPLE TANN&rsquo;S SAUTE-MOUTON L&rsquo;ECOLE DES TANN&rsquo;S Jouer \u00e0. saute-mouton ou compter les moutons ? Quelle que soit leur pr\u00e9.f\u00e9.rence, ce cartable L&rsquo;\u00e9.cole des Tann&rsquo;s souple accompagnera nos tout-petits pour une rentr\u00e9.e tout en douceur.L&rsquo;\u00e9.cole des Tann&rsquo;s s&#038;rsquo.invite dans les \u00e9.coles maternelles gr\u00e2.ce \u00e0. un cartable souple astucieux, ludique et color\u00e9. !L&rsquo;\u00e9.cole des [&hellip;]<\/p>\n","protected":false},"featured_media":1224,"comment_status":"open","ping_status":"closed","template":"","meta":[],"product_brand":[38],"product_cat":[57,37],"product_tag":[],"class_list":{"0":"post-1225","1":"product","2":"type-product","3":"status-publish","4":"has-post-thumbnail","6":"product_brand-tanns","7":"product_cat-cartable-maternelle","8":"product_cat-cartables","10":"first","11":"instock","12":"shipping-taxable","13":"purchasable","14":"product-type-simple"},"_links":{"self":[{"href":"https:\/\/solenemaro41.fr\/index.php?rest_route=\/wp\/v2\/product\/1225","targetHints":{"allow":["GET"]}}],"collection":[{"href":"https:\/\/solenemaro41.fr\/index.php?rest_route=\/wp\/v2\/product"}],"about":[{"href":"https:\/\/solenemaro41.fr\/index.php?rest_route=\/wp\/v2\/types\/product"}],"replies":[{"embeddable":true,"href":"https:\/\/solenemaro41.fr\/index.php?rest_route=%2Fwp%2Fv2%2Fcomments&post=1225"}],"wp:featuredmedia":[{"embeddable":true,"href":"https:\/\/solenemaro41.fr\/index.php?rest_route=\/wp\/v2\/media\/1224"}],"wp:attachment":[{"href":"https:\/\/solenemaro41.fr\/index.php?rest_route=%2Fwp%2Fv2%2Fmedia&parent=1225"}],"wp:term":[{"taxonomy":"product_brand","embeddable":true,"href":"https:\/\/solenemaro41.fr\/index.php?rest_route=%2Fwp%2Fv2%2Fproduct_brand&post=1225"},{"taxonomy":"product_cat","embeddable":true,"href":"https:\/\/solenemaro41.fr\/index.php?rest_route=%2Fwp%2Fv2%2Fproduct_cat&post=1225"},{"taxonomy":"product_tag","embeddable":true,"href":"https:\/\/solenemaro41.fr\/index.php?rest_route=%2Fwp%2Fv2%2Fproduct_tag&post=1225"}],"curies":[{"name":"wp","href":"https:\/\/api.w.org\/{rel}","templated":true}]}}