{"id":1284,"date":"2026-04-11T00:01:02","date_gmt":"2026-04-10T22:01:02","guid":{"rendered":"https:\/\/solenemaro41.fr\/?product=trousse-eastpak-benchmark-7d2-so"},"modified":"2026-04-11T00:01:03","modified_gmt":"2026-04-10T22:01:03","slug":"trousse-eastpak-benchmark-7d2-so","status":"publish","type":"product","link":"https:\/\/solenemaro41.fr\/?product=trousse-eastpak-benchmark-7d2-so","title":{"rendered":"TROUSSE EASTPAK BENCHMARK 7D2 SO"},"content":{"rendered":"<p><strong>Caract\u00e9.ristiques du TROUSSE EASTPAK BENCHMARK 7D2 SOFT PINK<\/strong><\/p>\n<p>Un grand compartiment principal zipp\u00e9.<strong><br \/><\/strong><\/p>\n<p><strong>Dimensions :<\/strong><\/p>\n<ul>\n<li>Hauteur : 6 cm, Largeur : 20,5 cm, Profondeur : 7,5 cm<\/li>\n<\/ul>\n<p><strong>Composition :<\/strong><\/p>\n<ul>\n<li>Fabrication 100 % nylon<\/li>\n<li>100% vegan<\/li>\n<\/ul>\n<p><strong>Informations livraisons<\/strong><\/p>\n<p>Les frais de livraisons sont offerts d\u00e8.s 40&#038;euro. d&rsquo;achats<\/p>\n<div>Livraison entre 3 et 5 jours<\/div>\n<p>Mode de paiement s\u00e9.curis\u00e9.s accept\u00e9.s : CARTE BANCAIRE\u00a0. ou\u00a0. PAYPAL<\/p>\n<div>R\u00e9.ception des marchandises : A domicile ou Retrait \u00e0. notre magasin<\/div>\n<div>Consulter nos<a href=\"https:\/\/www.solene-maroquinerie.fr\/conditions_generales_de_vente.html\" target=\"_self\" title=\"Nos CGV\">\u00a0.conditions g\u00e9.n\u00e9.rales de ventes<\/a><\/div>\n<p>\u00a0.<\/p>\n","protected":false},"excerpt":{"rendered":"<p>Caract\u00e9.ristiques du TROUSSE EASTPAK BENCHMARK 7D2 SOFT PINK Un grand compartiment principal zipp\u00e9. Dimensions : Hauteur : 6 cm, Largeur : 20,5 cm, Profondeur : 7,5 cm Composition : Fabrication 100 % nylon 100% vegan Informations livraisons Les frais de livraisons sont offerts d\u00e8.s 40&#038;euro. d&rsquo;achats Livraison entre 3 et 5 jours Mode de paiement [&hellip;]<\/p>\n","protected":false},"featured_media":1283,"comment_status":"open","ping_status":"closed","template":"","meta":[],"product_brand":[20],"product_cat":[24,30],"product_tag":[],"class_list":{"0":"post-1284","1":"product","2":"type-product","3":"status-publish","4":"has-post-thumbnail","6":"product_brand-eastpak","7":"product_cat-divers","8":"product_cat-trousse-benchmark","10":"first","11":"instock","12":"shipping-taxable","13":"purchasable","14":"product-type-simple"},"_links":{"self":[{"href":"https:\/\/solenemaro41.fr\/index.php?rest_route=\/wp\/v2\/product\/1284","targetHints":{"allow":["GET"]}}],"collection":[{"href":"https:\/\/solenemaro41.fr\/index.php?rest_route=\/wp\/v2\/product"}],"about":[{"href":"https:\/\/solenemaro41.fr\/index.php?rest_route=\/wp\/v2\/types\/product"}],"replies":[{"embeddable":true,"href":"https:\/\/solenemaro41.fr\/index.php?rest_route=%2Fwp%2Fv2%2Fcomments&post=1284"}],"wp:featuredmedia":[{"embeddable":true,"href":"https:\/\/solenemaro41.fr\/index.php?rest_route=\/wp\/v2\/media\/1283"}],"wp:attachment":[{"href":"https:\/\/solenemaro41.fr\/index.php?rest_route=%2Fwp%2Fv2%2Fmedia&parent=1284"}],"wp:term":[{"taxonomy":"product_brand","embeddable":true,"href":"https:\/\/solenemaro41.fr\/index.php?rest_route=%2Fwp%2Fv2%2Fproduct_brand&post=1284"},{"taxonomy":"product_cat","embeddable":true,"href":"https:\/\/solenemaro41.fr\/index.php?rest_route=%2Fwp%2Fv2%2Fproduct_cat&post=1284"},{"taxonomy":"product_tag","embeddable":true,"href":"https:\/\/solenemaro41.fr\/index.php?rest_route=%2Fwp%2Fv2%2Fproduct_tag&post=1284"}],"curies":[{"name":"wp","href":"https:\/\/api.w.org\/{rel}","templated":true}]}}