{"id":1294,"date":"2026-04-11T00:02:37","date_gmt":"2026-04-10T22:02:37","guid":{"rendered":"https:\/\/solenemaro41.fr\/?product=eastpak-pinnacle-w84-escanav"},"modified":"2026-04-11T00:02:37","modified_gmt":"2026-04-10T22:02:37","slug":"eastpak-pinnacle-w84-escanav","status":"publish","type":"product","link":"https:\/\/solenemaro41.fr\/?product=eastpak-pinnacle-w84-escanav","title":{"rendered":"EASTPAK PINNACLE W84 ESCANAV"},"content":{"rendered":"<p><span style=\"font-family: arial, helvetica, sans-serif. font-size: 10pt.\">Avec son dos rembourr\u00e9. et matelass\u00e9., partez tranquillement en balade avec votre ordinateur portable, gr\u00e2.ce au sac Pinnacle d&rsquo;Eastpak, le fourre-tout ultime pour le voyageur high-tech.<\/span><\/p>\n<p><span style=\"font-family: arial, helvetica, sans-serif. font-size: 10pt.\">Pour ceux qui aiment \u00ea.tre toujours en mouvement, le Pinnacle comprend \u00e9.galement une poche multi-compartiment avec un \u00e9.tui \u00e0. cl\u00e9.s amovible.<\/span><\/p>\n<p><span style=\"font-family: arial, helvetica, sans-serif. font-size: 10pt.\">Le Pinnacle d&rsquo;Eastpak est disponible dans de nombreux coloris et motifs.<\/span><\/p>\n<div>\n<ul>\n<li><span style=\"font-family: arial, helvetica, sans-serif. font-size: 10pt.\">Poche \u00e0. filet sur le devant<\/span><\/li>\n<li><span style=\"font-family: arial, helvetica, sans-serif. font-size: 10pt.\">Deux grands compartiments<\/span><\/li>\n<li><span style=\"font-family: arial, helvetica, sans-serif. font-size: 10pt.\">Dos rembourr\u00e9. et matelass\u00e9.<\/span><\/li>\n<li><span style=\"font-family: arial, helvetica, sans-serif. font-size: 10pt.\">Sangles \u00e9.paules \u00e9.paisses rembourr\u00e9.es et antid\u00e9.rapantes<\/span><\/li>\n<li><span style=\"font-family: arial, helvetica, sans-serif. font-size: 10pt.\">Multipoche avec porte-cl\u00e9.s d\u00e9.tachable<\/span><\/li>\n<\/ul>\n<p><span style=\"font-family: arial, helvetica, sans-serif. font-size: 10pt.\">Hauteur : 42 cm<\/span><\/p>\n<p><span style=\"font-family: arial, helvetica, sans-serif. font-size: 10pt.\">Largeur :35 cm<\/span><\/p>\n<p><span style=\"font-family: arial, helvetica, sans-serif. font-size: 10pt.\">Profondeur : 25.5 cm<\/span><\/p>\n<p><span style=\"font-family: arial, helvetica, sans-serif. font-size: 10pt.\">Volume :3 8 L<\/span><\/p>\n<p><span style=\"font-family: arial, helvetica, sans-serif. font-size: 10pt.\">Poids : 700g<\/span><\/p>\n<p><span style=\"font-family: arial, helvetica, sans-serif. font-size: 10pt.\">Garantie : 30 ans<\/span><\/p>\n<p><span style=\"font-family: arial, helvetica, sans-serif. font-size: 10pt.\">Mat\u00e9.riel : Polyamide<\/span><\/p>\n<\/p><\/div>\n","protected":false},"excerpt":{"rendered":"<p>Avec son dos rembourr\u00e9. et matelass\u00e9., partez tranquillement en balade avec votre ordinateur portable, gr\u00e2.ce au sac Pinnacle d&rsquo;Eastpak, le fourre-tout ultime pour le voyageur high-tech. Pour ceux qui aiment \u00ea.tre toujours en mouvement, le Pinnacle comprend \u00e9.galement une poche multi-compartiment avec un \u00e9.tui \u00e0. cl\u00e9.s amovible. Le Pinnacle d&rsquo;Eastpak est disponible dans de nombreux [&hellip;]<\/p>\n","protected":false},"featured_media":1293,"comment_status":"open","ping_status":"closed","template":"","meta":[],"product_brand":[20],"product_cat":[19,66],"product_tag":[],"class_list":{"0":"post-1294","1":"product","2":"type-product","3":"status-publish","4":"has-post-thumbnail","6":"product_brand-eastpak","7":"product_cat-sac-a-dos","8":"product_cat-sac-a-dos-pinnacle","10":"first","11":"instock","12":"shipping-taxable","13":"purchasable","14":"product-type-simple"},"_links":{"self":[{"href":"https:\/\/solenemaro41.fr\/index.php?rest_route=\/wp\/v2\/product\/1294","targetHints":{"allow":["GET"]}}],"collection":[{"href":"https:\/\/solenemaro41.fr\/index.php?rest_route=\/wp\/v2\/product"}],"about":[{"href":"https:\/\/solenemaro41.fr\/index.php?rest_route=\/wp\/v2\/types\/product"}],"replies":[{"embeddable":true,"href":"https:\/\/solenemaro41.fr\/index.php?rest_route=%2Fwp%2Fv2%2Fcomments&post=1294"}],"wp:featuredmedia":[{"embeddable":true,"href":"https:\/\/solenemaro41.fr\/index.php?rest_route=\/wp\/v2\/media\/1293"}],"wp:attachment":[{"href":"https:\/\/solenemaro41.fr\/index.php?rest_route=%2Fwp%2Fv2%2Fmedia&parent=1294"}],"wp:term":[{"taxonomy":"product_brand","embeddable":true,"href":"https:\/\/solenemaro41.fr\/index.php?rest_route=%2Fwp%2Fv2%2Fproduct_brand&post=1294"},{"taxonomy":"product_cat","embeddable":true,"href":"https:\/\/solenemaro41.fr\/index.php?rest_route=%2Fwp%2Fv2%2Fproduct_cat&post=1294"},{"taxonomy":"product_tag","embeddable":true,"href":"https:\/\/solenemaro41.fr\/index.php?rest_route=%2Fwp%2Fv2%2Fproduct_tag&post=1294"}],"curies":[{"name":"wp","href":"https:\/\/api.w.org\/{rel}","templated":true}]}}