{"id":1320,"date":"2026-04-11T00:05:45","date_gmt":"2026-04-10T22:05:45","guid":{"rendered":"https:\/\/solenemaro41.fr\/?product=sac-cabas-armani-exchange-bleu"},"modified":"2026-04-11T00:05:47","modified_gmt":"2026-04-10T22:05:47","slug":"sac-cabas-armani-exchange-bleu","status":"publish","type":"product","link":"https:\/\/solenemaro41.fr\/?product=sac-cabas-armani-exchange-bleu","title":{"rendered":"SAC CABAS ARMANI EXCHANGE BLEU"},"content":{"rendered":"<p><strong>Caract\u00e9.ristiques du\u00a0.SAC CABAS ARMANI EXCHANGE BLEU<\/strong><\/p>\n<ul>\n<li>Simili cuir<\/li>\n<li>Logo de la marque<\/li>\n<li>Bandouli\u00e8.re amovible<\/li>\n<li>Double poign\u00e9.e<\/li>\n<li>Int\u00e9.rieur sans doublure<\/li>\n<\/ul>\n<p>Composition :\u00a0.<\/p>\n<ul>\n<li>\n<p><span><span>100% polyur\u00e9.thane<\/span><\/span><\/p>\n<\/li>\n<\/ul>\n<p><strong>Informations livraisons<\/strong><\/p>\n<div>Les frais de livraisons sont offerts d\u00e8.s 40&#038;euro. d&rsquo;achats<br \/>Livraison entre 3 et 5 jours<\/div>\n<div>Mode de paiement s\u00e9.curis\u00e9.s accept\u00e9.s : CARTE BANCAIRE\u00a0. ou\u00a0. PAYPAL<br \/>R\u00e9.ception des marchandises : A domicile ou Retrait \u00e0. notre magasin<br \/>Consulter nos<a href=\"https:\/\/www.solene-maroquinerie.fr\/conditions_generales_de_vente.html\" target=\"_self\" title=\"Nos CGV\">\u00a0.conditions g\u00e9.n\u00e9.rales de ventes<\/a><\/div>\n","protected":false},"excerpt":{"rendered":"<p>Caract\u00e9.ristiques du\u00a0.SAC CABAS ARMANI EXCHANGE BLEU Simili cuir Logo de la marque Bandouli\u00e8.re amovible Double poign\u00e9.e Int\u00e9.rieur sans doublure Composition :\u00a0. 100% polyur\u00e9.thane Informations livraisons Les frais de livraisons sont offerts d\u00e8.s 40&#038;euro. d&rsquo;achatsLivraison entre 3 et 5 jours Mode de paiement s\u00e9.curis\u00e9.s accept\u00e9.s : CARTE BANCAIRE\u00a0. ou\u00a0. PAYPALR\u00e9.ception des marchandises : A domicile ou [&hellip;]<\/p>\n","protected":false},"featured_media":1319,"comment_status":"open","ping_status":"closed","template":"","meta":[],"product_brand":[70],"product_cat":[28,69],"product_tag":[],"class_list":{"0":"post-1320","1":"product","2":"type-product","3":"status-publish","4":"has-post-thumbnail","6":"product_brand-armani-exchange","7":"product_cat-sac-a-main-2","8":"product_cat-sac-femme","10":"first","11":"instock","12":"shipping-taxable","13":"purchasable","14":"product-type-simple"},"_links":{"self":[{"href":"https:\/\/solenemaro41.fr\/index.php?rest_route=\/wp\/v2\/product\/1320","targetHints":{"allow":["GET"]}}],"collection":[{"href":"https:\/\/solenemaro41.fr\/index.php?rest_route=\/wp\/v2\/product"}],"about":[{"href":"https:\/\/solenemaro41.fr\/index.php?rest_route=\/wp\/v2\/types\/product"}],"replies":[{"embeddable":true,"href":"https:\/\/solenemaro41.fr\/index.php?rest_route=%2Fwp%2Fv2%2Fcomments&post=1320"}],"wp:featuredmedia":[{"embeddable":true,"href":"https:\/\/solenemaro41.fr\/index.php?rest_route=\/wp\/v2\/media\/1319"}],"wp:attachment":[{"href":"https:\/\/solenemaro41.fr\/index.php?rest_route=%2Fwp%2Fv2%2Fmedia&parent=1320"}],"wp:term":[{"taxonomy":"product_brand","embeddable":true,"href":"https:\/\/solenemaro41.fr\/index.php?rest_route=%2Fwp%2Fv2%2Fproduct_brand&post=1320"},{"taxonomy":"product_cat","embeddable":true,"href":"https:\/\/solenemaro41.fr\/index.php?rest_route=%2Fwp%2Fv2%2Fproduct_cat&post=1320"},{"taxonomy":"product_tag","embeddable":true,"href":"https:\/\/solenemaro41.fr\/index.php?rest_route=%2Fwp%2Fv2%2Fproduct_tag&post=1320"}],"curies":[{"name":"wp","href":"https:\/\/api.w.org\/{rel}","templated":true}]}}