{"id":1334,"date":"2026-04-11T00:05:58","date_gmt":"2026-04-10T22:05:58","guid":{"rendered":"https:\/\/solenemaro41.fr\/?product=sac-a-main-emilie-le-tanneur-tan-3"},"modified":"2026-04-11T00:06:02","modified_gmt":"2026-04-10T22:06:02","slug":"sac-a-main-emilie-le-tanneur-tan-3","status":"publish","type":"product","link":"https:\/\/solenemaro41.fr\/?product=sac-a-main-emilie-le-tanneur-tan-3","title":{"rendered":"SAC A MAIN EMILIE LE TANNEUR TAN"},"content":{"rendered":"<p><strong>Caract\u00e9.ristiques du SAC \u00c0. MAIN \u00c0. DOUBLE RABAT LE TANNEUR EMILIE EN CUIR GRAIN\u00c9. MARRON TAN<\/strong><\/p>\n<p>Sac \u00e0. main avec double rabat, bijouterie T signature et marquage Le Tanneur.<\/p>\n<p>Port\u00e9. main, \u00e9.paule ou crois\u00e9. gr\u00e2.ce \u00e0. sa bandouli\u00e8.re ajustable et amovible.<\/p>\n<ul>\n<li><span>1 poche plate.<\/span><\/li>\n<li><span>1 poche plate arri\u00e8.re dos.<\/span><\/li>\n<li><span>1 poche plate avant.<\/span><\/li>\n<li><span>Bandouli\u00e8.re ajustable et amovible.<\/span><\/li>\n<li><span>Accessoires m\u00e9.talliques finition dor\u00e9. clair.<\/span><\/li>\n<\/ul>\n<p><span>La ligne cumule les d\u00e9.tails \u00e9.l\u00e9.gants, volontairement mis en avant ou plac\u00e9.s discr\u00e8.tement selon la saison.<\/span><\/p>\n<p><span>Ici, un nouveau double-rabat en pointe, r\u00e9.v\u00e9.lant la bijouterie T signature de ce mod\u00e8.le qui demande autant \u00e0. \u00ea.tre port\u00e9. qu&#038;rsquo.observ\u00e9..<\/span><\/p>\n<p><span>Ce petit mod\u00e8.le forge \u00e0. sa mani\u00e8.re la r\u00e9.putation de cette ligne embl\u00e9.matique.<\/span><\/p>\n<p>Dimensions :<\/p>\n<ul>\n<li><span>L 26 x H 20 x P 11 cm<\/span><\/li>\n<\/ul>\n<p>Composition :\u00a0.<\/p>\n<ul>\n<li>\n<p>Cuir de vachette pleine fleur grain\u00e9.. Doublure textile Le Bleu.<\/p>\n<\/li>\n<li>\n<p><span>Le cuir grain\u00e9. pleine fleur allie \u00e9.l\u00e9.gance et sp\u00e9.cificit\u00e9. gr\u00e2.ce \u00e0. son grain apparent. Le cuir pleine fleur est un cuir dont la surface est rest\u00e9.e intacte et naturelle. C&#038;rsquo.est la partie la plus noble du cuir.\u00a0.<\/span><\/p>\n<\/li>\n<li>\n<p><span>Une sensation agr\u00e9.able au toucher le rend tr\u00e8.s singulier. De quoi donner du relief \u00e0. \u00e0. ce sac.<\/span><\/p>\n<\/li>\n<li>\n<p><span>Ce cuir est certifi\u00e9. Leather Working Group (LWG). Il s&#038;rsquo.agit d&#038;rsquo.un label charg\u00e9. d&#038;rsquo.\u00e9.valuer les tanneries du monde entier.<br \/><\/span><\/p>\n<\/li>\n<\/ul>\n<p><strong>Informations livraisons<\/strong><\/p>\n<div>Les frais de livraisons sont offerts d\u00e8.s 40&#038;euro. d&rsquo;achats<br \/>Livraison entre 3 et 5 jours<\/div>\n<div>Mode de paiement s\u00e9.curis\u00e9.s accept\u00e9.s : CARTE BANCAIRE\u00a0. ou\u00a0. PAYPAL<br \/>R\u00e9.ception des marchandises : A domicile ou Retrait \u00e0. notre magasin<br \/>Consulter nos<a href=\"https:\/\/www.solene-maroquinerie.fr\/conditions_generales_de_vente.html\" target=\"_self\" title=\"Nos CGV\">\u00a0.conditions g\u00e9.n\u00e9.rales de ventes<\/a><\/div>\n","protected":false},"excerpt":{"rendered":"<p>Caract\u00e9.ristiques du SAC \u00c0. MAIN \u00c0. DOUBLE RABAT LE TANNEUR EMILIE EN CUIR GRAIN\u00c9. MARRON TAN Sac \u00e0. main avec double rabat, bijouterie T signature et marquage Le Tanneur. Port\u00e9. main, \u00e9.paule ou crois\u00e9. gr\u00e2.ce \u00e0. sa bandouli\u00e8.re ajustable et amovible. 1 poche plate. 1 poche plate arri\u00e8.re dos. 1 poche plate avant. Bandouli\u00e8.re ajustable [&hellip;]<\/p>\n","protected":false},"featured_media":1333,"comment_status":"open","ping_status":"closed","template":"","meta":[],"product_brand":[48],"product_cat":[47,28],"product_tag":[],"class_list":{"0":"post-1334","1":"product","2":"type-product","3":"status-publish","4":"has-post-thumbnail","6":"product_brand-le-tanneur","7":"product_cat-femme-le-tanneur","8":"product_cat-sac-a-main-2","10":"first","11":"instock","12":"shipping-taxable","13":"purchasable","14":"product-type-simple"},"_links":{"self":[{"href":"https:\/\/solenemaro41.fr\/index.php?rest_route=\/wp\/v2\/product\/1334","targetHints":{"allow":["GET"]}}],"collection":[{"href":"https:\/\/solenemaro41.fr\/index.php?rest_route=\/wp\/v2\/product"}],"about":[{"href":"https:\/\/solenemaro41.fr\/index.php?rest_route=\/wp\/v2\/types\/product"}],"replies":[{"embeddable":true,"href":"https:\/\/solenemaro41.fr\/index.php?rest_route=%2Fwp%2Fv2%2Fcomments&post=1334"}],"wp:featuredmedia":[{"embeddable":true,"href":"https:\/\/solenemaro41.fr\/index.php?rest_route=\/wp\/v2\/media\/1333"}],"wp:attachment":[{"href":"https:\/\/solenemaro41.fr\/index.php?rest_route=%2Fwp%2Fv2%2Fmedia&parent=1334"}],"wp:term":[{"taxonomy":"product_brand","embeddable":true,"href":"https:\/\/solenemaro41.fr\/index.php?rest_route=%2Fwp%2Fv2%2Fproduct_brand&post=1334"},{"taxonomy":"product_cat","embeddable":true,"href":"https:\/\/solenemaro41.fr\/index.php?rest_route=%2Fwp%2Fv2%2Fproduct_cat&post=1334"},{"taxonomy":"product_tag","embeddable":true,"href":"https:\/\/solenemaro41.fr\/index.php?rest_route=%2Fwp%2Fv2%2Fproduct_tag&post=1334"}],"curies":[{"name":"wp","href":"https:\/\/api.w.org\/{rel}","templated":true}]}}