{"id":1339,"date":"2026-04-11T00:06:07","date_gmt":"2026-04-10T22:06:07","guid":{"rendered":"https:\/\/solenemaro41.fr\/?product=sac-a-main-emilie-le-tanneur-2"},"modified":"2026-04-11T00:06:09","modified_gmt":"2026-04-10T22:06:09","slug":"sac-a-main-emilie-le-tanneur-2","status":"publish","type":"product","link":"https:\/\/solenemaro41.fr\/?product=sac-a-main-emilie-le-tanneur-2","title":{"rendered":"SAC A MAIN EMILIE LE TANNEUR"},"content":{"rendered":"<p><strong>Caract\u00e9.ristiques du PETIT SAC A MAIN LE TANNEUR EMILIE MARRON TAN<\/strong><\/p>\n<ul>\n<li>\n<p><span>Petit sac \u00e0. main avec poign\u00e9.es toron et trois compartiments dont un zipp\u00e9..<\/span><\/p>\n<\/li>\n<li>\n<p><span>Pi\u00e8.ces T m\u00e9.talliques signature de la ligne.<\/span><\/p>\n<\/li>\n<li>\n<p><span>Charms emboss\u00e9. Le Tanneur amovible.<\/span><\/p>\n<\/li>\n<li>\n<p><span>Port\u00e9. main, \u00e9.paule ou crois\u00e9. gr\u00e2.ce \u00e0. sa bandouli\u00e8.re ajustable et amovible.<\/span><\/p>\n<\/li>\n<\/ul>\n<p>Dimensions :<\/p>\n<ul>\n<li>L 22 x H 17 x P 9,5 cm<\/li>\n<\/ul>\n<p>Composition :\u00a0.<\/p>\n<ul>\n<li>\n<p>Cuir de vachette pleine fleur grain\u00e9.. Doublure textile\u00a0.Le Bleu.<\/p>\n<\/li>\n<li>\n<p><span>Le cuir grain\u00e9. pleine fleur allie \u00e9.l\u00e9.gance et sp\u00e9.cificit\u00e9. gr\u00e2.ce \u00e0. son grain apparent. Le cuir pleine fleur est un cuir dont la surface est rest\u00e9.e intacte et naturelle. C&#038;rsquo.est la partie la plus noble du cuir.\u00a0.<\/span><\/p>\n<\/li>\n<li>\n<p><span>Une sensation agr\u00e9.able au toucher le rend tr\u00e8.s singulier. De quoi donner du relief \u00e0. \u00e0. ce sac.<\/span><\/p>\n<\/li>\n<li>\n<p><span><span>Ce cuir est certifi\u00e9. Leather Working Group (LWG). Il s&#038;rsquo.agit d&#038;rsquo.un label charg\u00e9. d&#038;rsquo.\u00e9.valuer les tanneries du monde entier.<\/span><br \/><\/span><\/p>\n<\/li>\n<\/ul>\n<p><strong>Informations livraisons<\/strong><\/p>\n<div>Les frais de livraisons sont offerts d\u00e8.s 40&#038;euro. d&rsquo;achats<br \/>Livraison entre 3 et 5 jours<\/div>\n<div>Mode de paiement s\u00e9.curis\u00e9.s accept\u00e9.s : CARTE BANCAIRE\u00a0. ou\u00a0. PAYPAL<br \/>R\u00e9.ception des marchandises : A domicile ou Retrait \u00e0. notre magasin<br \/>Consulter nos<a href=\"https:\/\/www.solene-maroquinerie.fr\/conditions_generales_de_vente.html\" target=\"_self\" title=\"Nos CGV\">\u00a0.conditions g\u00e9.n\u00e9.rales de ventes<\/a><\/div>\n","protected":false},"excerpt":{"rendered":"<p>Caract\u00e9.ristiques du PETIT SAC A MAIN LE TANNEUR EMILIE MARRON TAN Petit sac \u00e0. main avec poign\u00e9.es toron et trois compartiments dont un zipp\u00e9.. Pi\u00e8.ces T m\u00e9.talliques signature de la ligne. Charms emboss\u00e9. Le Tanneur amovible. Port\u00e9. main, \u00e9.paule ou crois\u00e9. gr\u00e2.ce \u00e0. sa bandouli\u00e8.re ajustable et amovible. Dimensions : L 22 x H 17 [&hellip;]<\/p>\n","protected":false},"featured_media":1338,"comment_status":"open","ping_status":"closed","template":"","meta":[],"product_brand":[48],"product_cat":[47,28],"product_tag":[],"class_list":{"0":"post-1339","1":"product","2":"type-product","3":"status-publish","4":"has-post-thumbnail","6":"product_brand-le-tanneur","7":"product_cat-femme-le-tanneur","8":"product_cat-sac-a-main-2","10":"first","11":"instock","12":"shipping-taxable","13":"purchasable","14":"product-type-simple"},"_links":{"self":[{"href":"https:\/\/solenemaro41.fr\/index.php?rest_route=\/wp\/v2\/product\/1339","targetHints":{"allow":["GET"]}}],"collection":[{"href":"https:\/\/solenemaro41.fr\/index.php?rest_route=\/wp\/v2\/product"}],"about":[{"href":"https:\/\/solenemaro41.fr\/index.php?rest_route=\/wp\/v2\/types\/product"}],"replies":[{"embeddable":true,"href":"https:\/\/solenemaro41.fr\/index.php?rest_route=%2Fwp%2Fv2%2Fcomments&post=1339"}],"wp:featuredmedia":[{"embeddable":true,"href":"https:\/\/solenemaro41.fr\/index.php?rest_route=\/wp\/v2\/media\/1338"}],"wp:attachment":[{"href":"https:\/\/solenemaro41.fr\/index.php?rest_route=%2Fwp%2Fv2%2Fmedia&parent=1339"}],"wp:term":[{"taxonomy":"product_brand","embeddable":true,"href":"https:\/\/solenemaro41.fr\/index.php?rest_route=%2Fwp%2Fv2%2Fproduct_brand&post=1339"},{"taxonomy":"product_cat","embeddable":true,"href":"https:\/\/solenemaro41.fr\/index.php?rest_route=%2Fwp%2Fv2%2Fproduct_cat&post=1339"},{"taxonomy":"product_tag","embeddable":true,"href":"https:\/\/solenemaro41.fr\/index.php?rest_route=%2Fwp%2Fv2%2Fproduct_tag&post=1339"}],"curies":[{"name":"wp","href":"https:\/\/api.w.org\/{rel}","templated":true}]}}