{"id":1341,"date":"2026-04-11T00:06:09","date_gmt":"2026-04-10T22:06:09","guid":{"rendered":"https:\/\/solenemaro41.fr\/?product=sac-a-main-le-tanneur-gisele"},"modified":"2026-04-11T00:06:14","modified_gmt":"2026-04-10T22:06:14","slug":"sac-a-main-le-tanneur-gisele","status":"publish","type":"product","link":"https:\/\/solenemaro41.fr\/?product=sac-a-main-le-tanneur-gisele","title":{"rendered":"SAC \u00c0 MAIN LE TANNEUR GIS\u00c8LE"},"content":{"rendered":"<p><strong>Caract\u00e9.ristiques du\u00a0.<\/strong><strong>SAC \u00c0. MAIN MOYEN MODELE LE TANNEUR GIS\u00c8.LE EN CUIR GRAIN\u00c9. TAN<\/strong><\/p>\n<ul>\n<li>Sac bugatti moyen mod\u00e8.le avec charms T signature et marquage Le Tanneur.<\/li>\n<li>Port\u00e9. main, \u00e9.paule ou crois\u00e9. gr\u00e2.ce \u00e0. sa bandouli\u00e8.re ajustable et amovible.<\/li>\n<li>2 poches plates, 1 poche zipp\u00e9.e et 1 soufflet, 1 poche plate avant bouton aimant\u00e9., 1 poche plate arri\u00e8.re bouton aimant\u00e9..<\/li>\n<li>Bandouli\u00e8.re amovible et ajustable.<\/li>\n<li>Accessoires m\u00e9.talliques finition dor\u00e9. clair.<\/li>\n<\/ul>\n<p>Dimensions :<\/p>\n<ul>\n<li><span style=\"font-family: arial, helvetica, sans-serif. font-size: small.\">L 29,5 x H 23 x P 12 cm<\/span><\/li>\n<\/ul>\n<p>Composition :\u00a0.<\/p>\n<ul>\n<li>\n<p>Cuir de vachette pleine fleur grain\u00e9.. Doublure textile Le Bleu.<\/p>\n<\/li>\n<li>\n<p>Le cuir grain\u00e9. pleine fleur allie \u00e9.l\u00e9.gance et sp\u00e9.cificit\u00e9. gr\u00e2.ce \u00e0. son grain apparent. Le cuir pleine fleur est un cuir dont la surface est rest\u00e9.e intacte et naturelle. C&#038;rsquo.est la partie la plus noble du cuir. Une sensation agr\u00e9.able au toucher le rend tr\u00e8.s singulier.<\/p>\n<\/li>\n<\/ul>\n<p><strong>Informations livraisons<\/strong><\/p>\n<div>Les frais de livraisons sont offerts d\u00e8.s 40&#038;euro. d&rsquo;achats<br \/>Livraison entre 3 et 5 jours<\/div>\n<div>Mode de paiement s\u00e9.curis\u00e9.s accept\u00e9.s : CARTE BANCAIRE\u00a0. ou\u00a0. PAYPAL<br \/>R\u00e9.ception des marchandises : A domicile ou Retrait \u00e0. notre magasin<br \/>Consulter nos<a href=\"https:\/\/www.solene-maroquinerie.fr\/conditions_generales_de_vente.html\" target=\"_self\" title=\"Nos CGV\">\u00a0.conditions g\u00e9.n\u00e9.rales de ventes<\/a><\/div>\n","protected":false},"excerpt":{"rendered":"<p>Caract\u00e9.ristiques du\u00a0.SAC \u00c0. MAIN MOYEN MODELE LE TANNEUR GIS\u00c8.LE EN CUIR GRAIN\u00c9. TAN Sac bugatti moyen mod\u00e8.le avec charms T signature et marquage Le Tanneur. Port\u00e9. main, \u00e9.paule ou crois\u00e9. gr\u00e2.ce \u00e0. sa bandouli\u00e8.re ajustable et amovible. 2 poches plates, 1 poche zipp\u00e9.e et 1 soufflet, 1 poche plate avant bouton aimant\u00e9., 1 poche plate [&hellip;]<\/p>\n","protected":false},"featured_media":324,"comment_status":"open","ping_status":"closed","template":"","meta":[],"product_brand":[48],"product_cat":[24,47],"product_tag":[],"class_list":{"0":"post-1341","1":"product","2":"type-product","3":"status-publish","4":"has-post-thumbnail","6":"product_brand-le-tanneur","7":"product_cat-divers","8":"product_cat-femme-le-tanneur","10":"first","11":"instock","12":"shipping-taxable","13":"purchasable","14":"product-type-simple"},"_links":{"self":[{"href":"https:\/\/solenemaro41.fr\/index.php?rest_route=\/wp\/v2\/product\/1341","targetHints":{"allow":["GET"]}}],"collection":[{"href":"https:\/\/solenemaro41.fr\/index.php?rest_route=\/wp\/v2\/product"}],"about":[{"href":"https:\/\/solenemaro41.fr\/index.php?rest_route=\/wp\/v2\/types\/product"}],"replies":[{"embeddable":true,"href":"https:\/\/solenemaro41.fr\/index.php?rest_route=%2Fwp%2Fv2%2Fcomments&post=1341"}],"wp:featuredmedia":[{"embeddable":true,"href":"https:\/\/solenemaro41.fr\/index.php?rest_route=\/wp\/v2\/media\/324"}],"wp:attachment":[{"href":"https:\/\/solenemaro41.fr\/index.php?rest_route=%2Fwp%2Fv2%2Fmedia&parent=1341"}],"wp:term":[{"taxonomy":"product_brand","embeddable":true,"href":"https:\/\/solenemaro41.fr\/index.php?rest_route=%2Fwp%2Fv2%2Fproduct_brand&post=1341"},{"taxonomy":"product_cat","embeddable":true,"href":"https:\/\/solenemaro41.fr\/index.php?rest_route=%2Fwp%2Fv2%2Fproduct_cat&post=1341"},{"taxonomy":"product_tag","embeddable":true,"href":"https:\/\/solenemaro41.fr\/index.php?rest_route=%2Fwp%2Fv2%2Fproduct_tag&post=1341"}],"curies":[{"name":"wp","href":"https:\/\/api.w.org\/{rel}","templated":true}]}}