{"id":1346,"date":"2026-04-11T00:06:15","date_gmt":"2026-04-10T22:06:15","guid":{"rendered":"https:\/\/solenemaro41.fr\/?product=sac-bandouliere-moyen-ella"},"modified":"2026-04-11T00:06:21","modified_gmt":"2026-04-10T22:06:21","slug":"sac-bandouliere-moyen-ella","status":"publish","type":"product","link":"https:\/\/solenemaro41.fr\/?product=sac-bandouliere-moyen-ella","title":{"rendered":"SAC BANDOULI\u00c8RE MOYEN ELLA"},"content":{"rendered":"<p><strong><span style=\"font-size: small.\">Caract\u00e9.ristiques du\u00a0.SAC BANDOULI\u00c8.RE MOYEN LE TANNEUR ELLA MARRON ACAJOU<\/span><\/strong><\/p>\n<ul>\n<li>\n<p>Besace moyen mod\u00e8.le avec marquage Le Tanneur et int\u00e9.rieur jacquard anniversaire 125 ans.<\/p>\n<\/li>\n<li>\n<p>1 poche plate et 1 poche zipp\u00e9.e avant et 1 poche plate dos.<\/p>\n<\/li>\n<li>\n<p><span>Mou<\/span>squeton cl\u00e9.s.<\/p>\n<\/li>\n<li>\n<p>1 poche plate arri\u00e8.re.\u00a0.<\/p>\n<\/li>\n<li>\n<p>oign\u00e9.e amovible.<\/p>\n<\/li>\n<li>\n<p>Bandouli\u00e8.re ajustable et amovible.<\/p>\n<\/li>\n<li>\n<p>Accessoires m\u00e9.talliques finition dor\u00e9. clair.<\/p>\n<\/li>\n<li>\n<p>Cette besace Le Tanneur s&rsquo;affirme avec caract\u00e8.re, arborant fi\u00e8.rement de nombreux d\u00e9.tails \u00e0. la fois \u00e9.l\u00e9.gants et pratiques.<\/p>\n<\/li>\n<li>\n<p>En plus d&rsquo;un nouveau jeu en relief, nous avons dot\u00e9. ce mod\u00e8.le d&rsquo;une poign\u00e9.e ajust\u00e9.e au corps du sac, de multiples poches et d&rsquo;un d\u00e9.tail qui fait tout son charme : les &#038;oelig.illets lumineux sur la bandouli\u00e8.re, vous aimez ?<\/p>\n<\/li>\n<\/ul>\n<p>Dimensions :<\/p>\n<ul>\n<li>L 22 x 18 x 8 cm<span><\/span><\/li>\n<\/ul>\n<p>Composition :\u00a0.<\/p>\n<ul>\n<li>\n<p>Cuir de vachette pleine fleur grain\u00e9.. Doublure textile jacquard noir.<\/p>\n<\/li>\n<li>\n<p><span>Le cuir grain\u00e9. pleine fleur allie \u00e9.l\u00e9.gance et sp\u00e9.cificit\u00e9. gr\u00e2.ce \u00e0. son grain apparent. Le cuir pleine fleur est un cuir dont la surface est rest\u00e9.e intacte et naturelle. C&#038;rsquo.est la partie la plus noble du cuir.\u00a0.<\/span><\/p>\n<\/li>\n<li>\n<p><span>Une sensation agr\u00e9.able au toucher le rend tr\u00e8.s singulier. De quoi donner du relief \u00e0. \u00e0. ce sac.<\/span><\/p>\n<\/li>\n<\/ul>\n<p><strong>Informations livraisons<\/strong><\/p>\n<div>Les frais de livraisons sont offerts d\u00e8.s 40&#038;euro. d&rsquo;achats<br \/>Livraison entre 3 et 5 jours<\/div>\n<div>Mode de paiement s\u00e9.curis\u00e9.s accept\u00e9.s : CARTE BANCAIRE\u00a0. ou\u00a0. PAYPAL<br \/>R\u00e9.ception des marchandises : A domicile ou Retrait \u00e0. notre magasin<br \/>Consulter nos<a href=\"https:\/\/www.solene-maroquinerie.fr\/conditions_generales_de_vente.html\" target=\"_self\" title=\"Nos CGV\">\u00a0.conditions g\u00e9.n\u00e9.rales de ventes<\/a><\/div>\n","protected":false},"excerpt":{"rendered":"<p>Caract\u00e9.ristiques du\u00a0.SAC BANDOULI\u00c8.RE MOYEN LE TANNEUR ELLA MARRON ACAJOU Besace moyen mod\u00e8.le avec marquage Le Tanneur et int\u00e9.rieur jacquard anniversaire 125 ans. 1 poche plate et 1 poche zipp\u00e9.e avant et 1 poche plate dos. Mousqueton cl\u00e9.s. 1 poche plate arri\u00e8.re.\u00a0. oign\u00e9.e amovible. Bandouli\u00e8.re ajustable et amovible. Accessoires m\u00e9.talliques finition dor\u00e9. clair. Cette besace Le [&hellip;]<\/p>\n","protected":false},"featured_media":1345,"comment_status":"open","ping_status":"closed","template":"","meta":[],"product_brand":[48],"product_cat":[24,47],"product_tag":[],"class_list":{"0":"post-1346","1":"product","2":"type-product","3":"status-publish","4":"has-post-thumbnail","6":"product_brand-le-tanneur","7":"product_cat-divers","8":"product_cat-femme-le-tanneur","10":"first","11":"instock","12":"shipping-taxable","13":"purchasable","14":"product-type-simple"},"_links":{"self":[{"href":"https:\/\/solenemaro41.fr\/index.php?rest_route=\/wp\/v2\/product\/1346","targetHints":{"allow":["GET"]}}],"collection":[{"href":"https:\/\/solenemaro41.fr\/index.php?rest_route=\/wp\/v2\/product"}],"about":[{"href":"https:\/\/solenemaro41.fr\/index.php?rest_route=\/wp\/v2\/types\/product"}],"replies":[{"embeddable":true,"href":"https:\/\/solenemaro41.fr\/index.php?rest_route=%2Fwp%2Fv2%2Fcomments&post=1346"}],"wp:featuredmedia":[{"embeddable":true,"href":"https:\/\/solenemaro41.fr\/index.php?rest_route=\/wp\/v2\/media\/1345"}],"wp:attachment":[{"href":"https:\/\/solenemaro41.fr\/index.php?rest_route=%2Fwp%2Fv2%2Fmedia&parent=1346"}],"wp:term":[{"taxonomy":"product_brand","embeddable":true,"href":"https:\/\/solenemaro41.fr\/index.php?rest_route=%2Fwp%2Fv2%2Fproduct_brand&post=1346"},{"taxonomy":"product_cat","embeddable":true,"href":"https:\/\/solenemaro41.fr\/index.php?rest_route=%2Fwp%2Fv2%2Fproduct_cat&post=1346"},{"taxonomy":"product_tag","embeddable":true,"href":"https:\/\/solenemaro41.fr\/index.php?rest_route=%2Fwp%2Fv2%2Fproduct_tag&post=1346"}],"curies":[{"name":"wp","href":"https:\/\/api.w.org\/{rel}","templated":true}]}}