{"id":1515,"date":"2026-04-11T00:38:55","date_gmt":"2026-04-10T22:38:55","guid":{"rendered":"https:\/\/solenemaro41.fr\/?product=banane-reversible-cabaia-assouan"},"modified":"2026-04-11T00:40:05","modified_gmt":"2026-04-10T22:40:05","slug":"banane-reversible-cabaia-assouan","status":"publish","type":"product","link":"https:\/\/solenemaro41.fr\/?product=banane-reversible-cabaia-assouan","title":{"rendered":"BANANE REVERSIBLE CABAIA ASSOUAN"},"content":{"rendered":"<div data-accordion-content=\"open\">\n<p><strong>Descriptif de la\u00a0.BANANE REVERSIBLE CABAIA ASSOUAN<\/strong><\/p>\n<h4>Le sac Nano, le sac bandouli\u00e8.re pens\u00e9. pour accueillir tous vos essentiels.<\/h4>\n<ul>\n<li>Garantie \u00e0. vie<\/li>\n<li>R\u00e9.versible : c\u00f4.t\u00e9. motif &#038;. c\u00f4.t\u00e9. color\u00e9. uni<\/li>\n<li>Compartiment principal pour ranger vos essentiels + une poche lat\u00e9.rale de la taille d&rsquo;une carte bancaire<\/li>\n<li>Vegan &#038;. d\u00e9.perlante<\/li>\n<li>Toutes les tailles de t\u00e9.l\u00e9.phones rentrent \u00e0. l&rsquo;int\u00e9.rieur<\/li>\n<li>Fermeture du sac banane avec un zip YKK<\/li>\n<li>Peut se porter \u00e0. la taille et \u00e0. l&rsquo;\u00e9.paule<\/li>\n<\/ul>\n<p data-mce-fragment=\"1\"><strong data-mce-fragment=\"1\"><\/strong><strong data-mce-fragment=\"1\">Dimensions (1,5L):<span data-mce-fragment=\"1\">\u00a0.<\/span><\/strong>28cm (largeur) x 14cm (hauteur) x 9cm (profondeur)<\/p>\n<ul>\n<li><strong>Taille bandouli\u00e8.re<\/strong>\u00a0.: Entre 47cm et 85cm<\/li>\n<li><strong data-mce-fragment=\"1\">Largeur bandouli\u00e8.re<\/strong>\u00a0.: 3,8cm<\/li>\n<\/ul><\/div>\n<div>\n<p>ENTRETIEN ET COMPOSITION<\/p>\n<p> <span data-accordion-button-icon=\"open\"><\/span><\/div>\n<div data-accordion-content=\"open\">\n<p>Ne pas passer \u00e0. la machine, nettoyer d\u00e9.licatement avec un linge humide et du savon.<\/p>\n<p><strong>Composition :<\/strong><br \/>Tissu ext\u00e9.rieur principal : 100% polyester<br \/>Rev\u00ea.tement ext\u00e9.rieur : polyur\u00e9.thane<br \/>Doublure int\u00e9.rieure : 100% polyester<\/p>\n<p><strong>Informations livraisons<\/strong><br \/>Les frais de livraisons sont offerts d\u00e8.s 40&#038;euro. d&rsquo;achats<br \/>Livraison entre 3 et 5 jours<br \/>Mode de paiement s\u00e9.curis\u00e9.s accept\u00e9.s : CARTE BANCAIRE\u00a0. ou\u00a0. PAYPAL<br \/>R\u00e9.ception des marchandises : A domicile ou Retrait \u00e0. notre magasin<br \/>Consulter nos<a href=\"http:\/\/www.solene-maroquinerie.fr\/conditions_generales_de_vente.html\" target=\"_self\" title=\"Nos CGV\">\u00a0.conditions g\u00e9.n\u00e9.rales de ventes<\/a><\/p>\n<\/p><\/div>\n","protected":false},"excerpt":{"rendered":"<p>Descriptif de la\u00a0.BANANE REVERSIBLE CABAIA ASSOUAN Le sac Nano, le sac bandouli\u00e8.re pens\u00e9. pour accueillir tous vos essentiels. Garantie \u00e0. vie R\u00e9.versible : c\u00f4.t\u00e9. motif &#038;. c\u00f4.t\u00e9. color\u00e9. uni Compartiment principal pour ranger vos essentiels + une poche lat\u00e9.rale de la taille d&rsquo;une carte bancaire Vegan &#038;. d\u00e9.perlante Toutes les tailles de t\u00e9.l\u00e9.phones rentrent \u00e0. [&hellip;]<\/p>\n","protected":false},"featured_media":1514,"comment_status":"open","ping_status":"closed","template":"","meta":[],"product_brand":[42],"product_cat":[45,77],"product_tag":[],"class_list":{"0":"post-1515","1":"product","2":"type-product","3":"status-publish","4":"has-post-thumbnail","6":"product_brand-cabaia","7":"product_cat-banane","8":"product_cat-banane-cabaia","10":"first","11":"instock","12":"shipping-taxable","13":"purchasable","14":"product-type-simple"},"_links":{"self":[{"href":"https:\/\/solenemaro41.fr\/index.php?rest_route=\/wp\/v2\/product\/1515","targetHints":{"allow":["GET"]}}],"collection":[{"href":"https:\/\/solenemaro41.fr\/index.php?rest_route=\/wp\/v2\/product"}],"about":[{"href":"https:\/\/solenemaro41.fr\/index.php?rest_route=\/wp\/v2\/types\/product"}],"replies":[{"embeddable":true,"href":"https:\/\/solenemaro41.fr\/index.php?rest_route=%2Fwp%2Fv2%2Fcomments&post=1515"}],"wp:featuredmedia":[{"embeddable":true,"href":"https:\/\/solenemaro41.fr\/index.php?rest_route=\/wp\/v2\/media\/1514"}],"wp:attachment":[{"href":"https:\/\/solenemaro41.fr\/index.php?rest_route=%2Fwp%2Fv2%2Fmedia&parent=1515"}],"wp:term":[{"taxonomy":"product_brand","embeddable":true,"href":"https:\/\/solenemaro41.fr\/index.php?rest_route=%2Fwp%2Fv2%2Fproduct_brand&post=1515"},{"taxonomy":"product_cat","embeddable":true,"href":"https:\/\/solenemaro41.fr\/index.php?rest_route=%2Fwp%2Fv2%2Fproduct_cat&post=1515"},{"taxonomy":"product_tag","embeddable":true,"href":"https:\/\/solenemaro41.fr\/index.php?rest_route=%2Fwp%2Fv2%2Fproduct_tag&post=1515"}],"curies":[{"name":"wp","href":"https:\/\/api.w.org\/{rel}","templated":true}]}}