{"id":1529,"date":"2026-04-11T00:40:47","date_gmt":"2026-04-10T22:40:47","guid":{"rendered":"https:\/\/solenemaro41.fr\/?product=sac-cabas-main-lancaster-camel"},"modified":"2026-04-11T00:40:55","modified_gmt":"2026-04-10T22:40:55","slug":"sac-cabas-main-lancaster-camel","status":"publish","type":"product","link":"https:\/\/solenemaro41.fr\/?product=sac-cabas-main-lancaster-camel","title":{"rendered":"SAC CABAS MAIN LANCASTER CAMEL"},"content":{"rendered":"<div><strong>Caract\u00e9.ristiques du SAC CABAS MAIN LANCASTER SUAVE EVEN CAMEL<\/strong><\/div>\n<div>\n<ul>\n<li><span>Fermeture \u00e0. rabat avec fermoir<\/span><\/li>\n<li><span>Poche arri\u00e8.re ext\u00e9.rieure<\/span><\/li>\n<li><span>Poche int\u00e9.rieure zipp\u00e9.e<\/span><\/li>\n<li><span>Poche int\u00e9.rieure simple<\/span><\/li>\n<li>Sac fabriqu\u00e9. en France<\/li>\n<\/ul>\n<p>Finition :<\/p>\n<ul>\n<li>M\u00e9.tal argent\u00e9. brillant<\/li>\n<\/ul>\n<p>Dimensions :<\/p>\n<ul>\n<li>26 x 18 x 10 cm<\/li>\n<\/ul>\n<p>Composition :<\/p>\n<ul>\n<li><span><span>Refente de cuir de vachette finition lisse<\/span><\/span><\/li>\n<li>Doublure int\u00e9.rieure synth\u00e9.tique<\/li>\n<\/ul>\n<p><strong>Informations livraisons<\/strong><\/p>\n<p>Les frais de livraisons sont offerts d\u00e8.s 40&#038;euro. d&rsquo;achats<\/p>\n<p>Mode de paiement s\u00e9.curis\u00e9.s accept\u00e9.s : CARTE BANCAIRE\u00a0. ou\u00a0. PAYPAL<\/p>\n<div>R\u00e9.ception des marchandises : A domicile ou Retrait \u00e0. notre magasin<\/div>\n<div>Livraison entre 3 et 5 jours<\/div>\n<div>Retrait au magasin sous 24h (rdv)<\/div>\n<div>Consulter nos<a href=\"https:\/\/www.solene-maroquinerie.fr\/conditions_generales_de_vente.html\" target=\"_self\" title=\"Nos CGV\">\u00a0.conditions g\u00e9.n\u00e9.rales de ventes<\/a><\/div>\n<p> <strong><br \/><\/strong><\/div>\n","protected":false},"excerpt":{"rendered":"<p>Caract\u00e9.ristiques du SAC CABAS MAIN LANCASTER SUAVE EVEN CAMEL Fermeture \u00e0. rabat avec fermoir Poche arri\u00e8.re ext\u00e9.rieure Poche int\u00e9.rieure zipp\u00e9.e Poche int\u00e9.rieure simple Sac fabriqu\u00e9. en France Finition : M\u00e9.tal argent\u00e9. brillant Dimensions : 26 x 18 x 10 cm Composition : Refente de cuir de vachette finition lisse Doublure int\u00e9.rieure synth\u00e9.tique Informations livraisons Les [&hellip;]<\/p>\n","protected":false},"featured_media":1528,"comment_status":"open","ping_status":"closed","template":"","meta":[],"product_brand":[29],"product_cat":[27,28],"product_tag":[],"class_list":{"0":"post-1529","1":"product","2":"type-product","3":"status-publish","4":"has-post-thumbnail","6":"product_brand-lancaster","7":"product_cat-sac-a-main","8":"product_cat-sac-a-main-2","10":"first","11":"instock","12":"shipping-taxable","13":"purchasable","14":"product-type-simple"},"_links":{"self":[{"href":"https:\/\/solenemaro41.fr\/index.php?rest_route=\/wp\/v2\/product\/1529","targetHints":{"allow":["GET"]}}],"collection":[{"href":"https:\/\/solenemaro41.fr\/index.php?rest_route=\/wp\/v2\/product"}],"about":[{"href":"https:\/\/solenemaro41.fr\/index.php?rest_route=\/wp\/v2\/types\/product"}],"replies":[{"embeddable":true,"href":"https:\/\/solenemaro41.fr\/index.php?rest_route=%2Fwp%2Fv2%2Fcomments&post=1529"}],"wp:featuredmedia":[{"embeddable":true,"href":"https:\/\/solenemaro41.fr\/index.php?rest_route=\/wp\/v2\/media\/1528"}],"wp:attachment":[{"href":"https:\/\/solenemaro41.fr\/index.php?rest_route=%2Fwp%2Fv2%2Fmedia&parent=1529"}],"wp:term":[{"taxonomy":"product_brand","embeddable":true,"href":"https:\/\/solenemaro41.fr\/index.php?rest_route=%2Fwp%2Fv2%2Fproduct_brand&post=1529"},{"taxonomy":"product_cat","embeddable":true,"href":"https:\/\/solenemaro41.fr\/index.php?rest_route=%2Fwp%2Fv2%2Fproduct_cat&post=1529"},{"taxonomy":"product_tag","embeddable":true,"href":"https:\/\/solenemaro41.fr\/index.php?rest_route=%2Fwp%2Fv2%2Fproduct_tag&post=1529"}],"curies":[{"name":"wp","href":"https:\/\/api.w.org\/{rel}","templated":true}]}}