{"id":1589,"date":"2026-04-11T00:43:21","date_gmt":"2026-04-10T22:43:21","guid":{"rendered":"https:\/\/solenemaro41.fr\/?product=double-pochette-lancaster-dune"},"modified":"2026-04-11T00:43:23","modified_gmt":"2026-04-10T22:43:23","slug":"double-pochette-lancaster-dune","status":"publish","type":"product","link":"https:\/\/solenemaro41.fr\/?product=double-pochette-lancaster-dune","title":{"rendered":"DOUBLE POCHETTE LANCASTER DUNE"},"content":{"rendered":"<div><strong>Caract\u00e9.ristiques de la DOUBLE POCHETTE LANCASTER DUNE CAMEL<\/strong><\/div>\n<div>\n<ul>\n<li><span>Port\u00e9. travers, port\u00e9. \u00e9.paule<\/span><\/li>\n<li><span>Bandouli\u00e8.re amovible r\u00e9.glable<\/span><\/li>\n<li><span>Fermeture zipp\u00e9.e<\/span><\/li>\n<\/ul>\n<p>Finition :<\/p>\n<ul>\n<li>M\u00e9.tal dor\u00e9. brillant<\/li>\n<\/ul>\n<p>Dimensions :<\/p>\n<ul>\n<li><span>18,5 x 11 x 4 cm<\/span><\/li>\n<\/ul>\n<p>Composition :<\/p>\n<ul>\n<li><span><span>Cuir de vachette grain\u00e9.<\/span><\/span><\/li>\n<li>Doublure int\u00e9.rieure textile<\/li>\n<\/ul>\n<p><strong>Informations livraisons<\/strong><\/p>\n<p>Les frais de livraisons sont offerts d\u00e8.s 40&#038;euro. d&rsquo;achats<\/p>\n<p>Mode de paiement s\u00e9.curis\u00e9.s accept\u00e9.s : CARTE BANCAIRE\u00a0. ou\u00a0. PAYPAL<\/p>\n<div>R\u00e9.ception des marchandises : A domicile ou Retrait \u00e0. notre magasin<\/div>\n<div>Livraison entre 3 et 5 jours<\/div>\n<div>Retrait au magasin sous 24h (rdv)<\/div>\n<div>Consulter nos<a href=\"https:\/\/www.solene-maroquinerie.fr\/conditions_generales_de_vente.html\" target=\"_self\" title=\"Nos CGV\">\u00a0.conditions g\u00e9.n\u00e9.rales de ventes<\/a><\/div>\n<p> <strong><br \/><\/strong><\/div>\n","protected":false},"excerpt":{"rendered":"<p>Caract\u00e9.ristiques de la DOUBLE POCHETTE LANCASTER DUNE CAMEL Port\u00e9. travers, port\u00e9. \u00e9.paule Bandouli\u00e8.re amovible r\u00e9.glable Fermeture zipp\u00e9.e Finition : M\u00e9.tal dor\u00e9. brillant Dimensions : 18,5 x 11 x 4 cm Composition : Cuir de vachette grain\u00e9. Doublure int\u00e9.rieure textile Informations livraisons Les frais de livraisons sont offerts d\u00e8.s 40&#038;euro. d&rsquo;achats Mode de paiement s\u00e9.curis\u00e9.s accept\u00e9.s [&hellip;]<\/p>\n","protected":false},"featured_media":1588,"comment_status":"open","ping_status":"closed","template":"","meta":[],"product_brand":[29],"product_cat":[27,28],"product_tag":[],"class_list":{"0":"post-1589","1":"product","2":"type-product","3":"status-publish","4":"has-post-thumbnail","6":"product_brand-lancaster","7":"product_cat-sac-a-main","8":"product_cat-sac-a-main-2","10":"first","11":"instock","12":"shipping-taxable","13":"purchasable","14":"product-type-simple"},"_links":{"self":[{"href":"https:\/\/solenemaro41.fr\/index.php?rest_route=\/wp\/v2\/product\/1589","targetHints":{"allow":["GET"]}}],"collection":[{"href":"https:\/\/solenemaro41.fr\/index.php?rest_route=\/wp\/v2\/product"}],"about":[{"href":"https:\/\/solenemaro41.fr\/index.php?rest_route=\/wp\/v2\/types\/product"}],"replies":[{"embeddable":true,"href":"https:\/\/solenemaro41.fr\/index.php?rest_route=%2Fwp%2Fv2%2Fcomments&post=1589"}],"wp:featuredmedia":[{"embeddable":true,"href":"https:\/\/solenemaro41.fr\/index.php?rest_route=\/wp\/v2\/media\/1588"}],"wp:attachment":[{"href":"https:\/\/solenemaro41.fr\/index.php?rest_route=%2Fwp%2Fv2%2Fmedia&parent=1589"}],"wp:term":[{"taxonomy":"product_brand","embeddable":true,"href":"https:\/\/solenemaro41.fr\/index.php?rest_route=%2Fwp%2Fv2%2Fproduct_brand&post=1589"},{"taxonomy":"product_cat","embeddable":true,"href":"https:\/\/solenemaro41.fr\/index.php?rest_route=%2Fwp%2Fv2%2Fproduct_cat&post=1589"},{"taxonomy":"product_tag","embeddable":true,"href":"https:\/\/solenemaro41.fr\/index.php?rest_route=%2Fwp%2Fv2%2Fproduct_tag&post=1589"}],"curies":[{"name":"wp","href":"https:\/\/api.w.org\/{rel}","templated":true}]}}