{"id":1658,"date":"2026-04-11T00:45:04","date_gmt":"2026-04-10T22:45:04","guid":{"rendered":"https:\/\/solenemaro41.fr\/?product=sac-trotteur-lancaster-paris-ily-4"},"modified":"2026-04-11T00:45:09","modified_gmt":"2026-04-10T22:45:09","slug":"sac-trotteur-lancaster-paris-ily-4","status":"publish","type":"product","link":"https:\/\/solenemaro41.fr\/?product=sac-trotteur-lancaster-paris-ily-4","title":{"rendered":"SAC TROTTEUR LANCASTER PARIS ILY"},"content":{"rendered":"<p><strong>Caract\u00e9.ristiques du\u00a0.SAC BAGUETTE PARIS ILY ROSE BONBON<\/strong><\/p>\n<p><span><span>Ce petit sac trotteur est confectionn\u00e9. de cuir de vachette finition lisse. Il comporte une poche int\u00e9.rieure principale. Il se porte \u00e0. l&rsquo;\u00e9.paule ou crois\u00e9..<\/span><\/span><\/p>\n<ul>\n<li>Fermeture \u00e0.<span>\u00a0.rabat avec fermoir<\/span><\/li>\n<li>Bandouli\u00e8.re a<span>movible, r\u00e9.glable<\/span><\/li>\n<li><span><span><span>Port\u00e9. \u00e9.paule, port\u00e9. travers<\/span><\/span><\/span><\/li>\n<li>Mati\u00e8.re : C<span><span><span>uir de vachette lisse<\/span><\/span><\/span><\/li>\n<li>Doublure textile<\/li>\n<li>Finitions m\u00e9.tal argent\u00e9.\u00a0.<span>brillant<\/span><\/li>\n<\/ul>\n<p>Dimensions<\/p>\n<ul>\n<li><span><span><span>21 x 14 x 7 cm<\/span><\/span><\/span><\/li>\n<\/ul>\n<h4><strong>Informations livraisons<\/strong><\/h4>\n<div>Les frais de livraisons sont offerts d\u00e8.s 40&#038;euro. d&rsquo;achats<br \/>Livraison entre 3 et 5 jours<\/div>\n<div>Mode de paiement s\u00e9.curis\u00e9.s accept\u00e9.s : CARTE BANCAIRE\u00a0. ou\u00a0. PAYPAL<br \/>R\u00e9.ception des marchandises : A domicile ou Retrait \u00e0. notre magasin<br \/>Consulter nos<a href=\"http:\/\/www.solene-maroquinerie.fr\/conditions_generales_de_vente.html\" target=\"_self\" title=\"Nos CGV\">\u00a0.conditions g\u00e9.n\u00e9.rales de ventes<\/a><\/div>\n<p>\u00a0.<\/p>\n","protected":false},"excerpt":{"rendered":"<p>Caract\u00e9.ristiques du\u00a0.SAC BAGUETTE PARIS ILY ROSE BONBON Ce petit sac trotteur est confectionn\u00e9. de cuir de vachette finition lisse. Il comporte une poche int\u00e9.rieure principale. Il se porte \u00e0. l&rsquo;\u00e9.paule ou crois\u00e9.. Fermeture \u00e0.\u00a0.rabat avec fermoir Bandouli\u00e8.re amovible, r\u00e9.glable Port\u00e9. \u00e9.paule, port\u00e9. travers Mati\u00e8.re : Cuir de vachette lisse Doublure textile Finitions m\u00e9.tal argent\u00e9.\u00a0.brillant Dimensions [&hellip;]<\/p>\n","protected":false},"featured_media":1657,"comment_status":"open","ping_status":"closed","template":"","meta":[],"product_brand":[29],"product_cat":[27,28],"product_tag":[],"class_list":{"0":"post-1658","1":"product","2":"type-product","3":"status-publish","4":"has-post-thumbnail","6":"product_brand-lancaster","7":"product_cat-sac-a-main","8":"product_cat-sac-a-main-2","10":"first","11":"instock","12":"shipping-taxable","13":"purchasable","14":"product-type-simple"},"_links":{"self":[{"href":"https:\/\/solenemaro41.fr\/index.php?rest_route=\/wp\/v2\/product\/1658","targetHints":{"allow":["GET"]}}],"collection":[{"href":"https:\/\/solenemaro41.fr\/index.php?rest_route=\/wp\/v2\/product"}],"about":[{"href":"https:\/\/solenemaro41.fr\/index.php?rest_route=\/wp\/v2\/types\/product"}],"replies":[{"embeddable":true,"href":"https:\/\/solenemaro41.fr\/index.php?rest_route=%2Fwp%2Fv2%2Fcomments&post=1658"}],"wp:featuredmedia":[{"embeddable":true,"href":"https:\/\/solenemaro41.fr\/index.php?rest_route=\/wp\/v2\/media\/1657"}],"wp:attachment":[{"href":"https:\/\/solenemaro41.fr\/index.php?rest_route=%2Fwp%2Fv2%2Fmedia&parent=1658"}],"wp:term":[{"taxonomy":"product_brand","embeddable":true,"href":"https:\/\/solenemaro41.fr\/index.php?rest_route=%2Fwp%2Fv2%2Fproduct_brand&post=1658"},{"taxonomy":"product_cat","embeddable":true,"href":"https:\/\/solenemaro41.fr\/index.php?rest_route=%2Fwp%2Fv2%2Fproduct_cat&post=1658"},{"taxonomy":"product_tag","embeddable":true,"href":"https:\/\/solenemaro41.fr\/index.php?rest_route=%2Fwp%2Fv2%2Fproduct_tag&post=1658"}],"curies":[{"name":"wp","href":"https:\/\/api.w.org\/{rel}","templated":true}]}}