{"id":1725,"date":"2026-04-11T00:46:36","date_gmt":"2026-04-10T22:46:36","guid":{"rendered":"https:\/\/solenemaro41.fr\/?product=sac-a-dos-cabaia-maxi-nicosie"},"modified":"2026-04-11T00:46:36","modified_gmt":"2026-04-10T22:46:36","slug":"sac-a-dos-cabaia-maxi-nicosie","status":"publish","type":"product","link":"https:\/\/solenemaro41.fr\/?product=sac-a-dos-cabaia-maxi-nicosie","title":{"rendered":"SAC A DOS CABA\u00cfA MAXI NICOSIE"},"content":{"rendered":"<p><span style=\"font-family: arial, helvetica, sans-serif. font-size: small.\"><strong>Descriptif du SAC A DOS CABA\u00cf.A MAXI NICOSIE<\/strong><\/span><\/p>\n<ul>\n<li>Garanti \u00e0. vie<\/li>\n<li>Volume : 26L pour y glisser tous vos essentiels<\/li>\n<li>Syst\u00e8.me MOLLE pour attacher les pochettes avant et lat\u00e9.rales<\/li>\n<li>Compartiment rembourr\u00e9. pour ordinateur 15 pouces<\/li>\n<li>Vegan et d\u00e9.perlant<\/li>\n<li>Sangle attache valise<\/li>\n<li>Bretelles rembourr\u00e9.es et anti-transpirantes<\/li>\n<\/ul>\n<p><strong>Dimensions (26L):\u00a0.<\/strong>29cm (largeur) x 48cm (hauteur) x 17cm (profondeur)<\/p>\n<p><strong>Composition<\/strong><span>\u00a0.:\u00a0.<\/span><br \/><span>Tissu exterieur principal: <span><span><span><span>70% coton recycl\u00e9. et 30% polyester recycl\u00e9.<\/span><\/span><\/span><\/span><\/span><br \/><span>Tissu ext\u00e9.rieur enduit: 100% Polyurethane\u00a0.<\/span><br \/><span>Doublure interieure: 100% Polyester<\/span><\/p>\n<p>\u00a0.<\/p>\n<p>\u00a0.<a href=\"https:\/\/youtu.be\/2VwHt1A4nFg\" target=\"_blank\" title=\"Partager le lien\">https:\/\/youtu.be\/2VwHt1A4nFg<\/a><\/p>\n<h4><span style=\"font-family: arial, helvetica, sans-serif. font-size: small.\"><strong>Informations livraisons<\/strong><\/span><\/h4>\n<div><span style=\"font-family: arial, helvetica, sans-serif. font-size: small.\">Les frais de livraisons sont offerts d\u00e8.s 40&#038;euro. d&rsquo;achats<\/span><br \/><span style=\"font-family: arial, helvetica, sans-serif. font-size: small.\">Livraison entre 3 et 5 jours<\/span><\/div>\n<div><span style=\"font-family: arial, helvetica, sans-serif. font-size: small.\">Mode de paiement s\u00e9.curis\u00e9.s accept\u00e9.s : CARTE BANCAIRE\u00a0. ou\u00a0. PAYPAL<\/span><br \/><span style=\"font-family: arial, helvetica, sans-serif. font-size: small.\">R\u00e9.ception des marchandises : A domicile ou Retrait \u00e0. notre magasin<\/span><br \/><span style=\"font-family: arial, helvetica, sans-serif. font-size: small.\">Consulter nos<a href=\"http:\/\/www.solene-maroquinerie.fr\/conditions_generales_de_vente.html\" target=\"_self\" title=\"Nos CGV\">\u00a0.conditions g\u00e9.n\u00e9.rales de ventes<\/a><\/span><\/div>\n","protected":false},"excerpt":{"rendered":"<p>Descriptif du SAC A DOS CABA\u00cf.A MAXI NICOSIE Garanti \u00e0. vie Volume : 26L pour y glisser tous vos essentiels Syst\u00e8.me MOLLE pour attacher les pochettes avant et lat\u00e9.rales Compartiment rembourr\u00e9. pour ordinateur 15 pouces Vegan et d\u00e9.perlant Sangle attache valise Bretelles rembourr\u00e9.es et anti-transpirantes Dimensions (26L):\u00a0.29cm (largeur) x 48cm (hauteur) x 17cm (profondeur) Composition\u00a0.:\u00a0.Tissu [&hellip;]<\/p>\n","protected":false},"featured_media":462,"comment_status":"open","ping_status":"closed","template":"","meta":[],"product_brand":[42],"product_cat":[19,43],"product_tag":[],"class_list":{"0":"post-1725","1":"product","2":"type-product","3":"status-publish","4":"has-post-thumbnail","6":"product_brand-cabaia","7":"product_cat-sac-a-dos","8":"product_cat-sac-a-dos-cabaia-large","10":"first","11":"instock","12":"shipping-taxable","13":"purchasable","14":"product-type-simple"},"_links":{"self":[{"href":"https:\/\/solenemaro41.fr\/index.php?rest_route=\/wp\/v2\/product\/1725","targetHints":{"allow":["GET"]}}],"collection":[{"href":"https:\/\/solenemaro41.fr\/index.php?rest_route=\/wp\/v2\/product"}],"about":[{"href":"https:\/\/solenemaro41.fr\/index.php?rest_route=\/wp\/v2\/types\/product"}],"replies":[{"embeddable":true,"href":"https:\/\/solenemaro41.fr\/index.php?rest_route=%2Fwp%2Fv2%2Fcomments&post=1725"}],"wp:featuredmedia":[{"embeddable":true,"href":"https:\/\/solenemaro41.fr\/index.php?rest_route=\/wp\/v2\/media\/462"}],"wp:attachment":[{"href":"https:\/\/solenemaro41.fr\/index.php?rest_route=%2Fwp%2Fv2%2Fmedia&parent=1725"}],"wp:term":[{"taxonomy":"product_brand","embeddable":true,"href":"https:\/\/solenemaro41.fr\/index.php?rest_route=%2Fwp%2Fv2%2Fproduct_brand&post=1725"},{"taxonomy":"product_cat","embeddable":true,"href":"https:\/\/solenemaro41.fr\/index.php?rest_route=%2Fwp%2Fv2%2Fproduct_cat&post=1725"},{"taxonomy":"product_tag","embeddable":true,"href":"https:\/\/solenemaro41.fr\/index.php?rest_route=%2Fwp%2Fv2%2Fproduct_tag&post=1725"}],"curies":[{"name":"wp","href":"https:\/\/api.w.org\/{rel}","templated":true}]}}