{"id":1729,"date":"2026-04-11T00:46:40","date_gmt":"2026-04-10T22:46:40","guid":{"rendered":"https:\/\/solenemaro41.fr\/?product=nanobag-san-giljan"},"modified":"2026-04-11T00:46:40","modified_gmt":"2026-04-10T22:46:40","slug":"nanobag-san-giljan","status":"publish","type":"product","link":"https:\/\/solenemaro41.fr\/?product=nanobag-san-giljan","title":{"rendered":"NANOBAG SAN GILJAN"},"content":{"rendered":"<div data-accordion-content=\"open\">\n<p><strong>Descriptif du NANOBAG SAN GILJAN<\/strong><\/p>\n<h4>Le sac Nano, le sac bandouli\u00e8.re pens\u00e9. pour accueillir tous vos essentiels.<\/h4>\n<ul>\n<li>Garanti \u00e0. vie<\/li>\n<li>Deux poches int\u00e9.rieures<\/li>\n<li><span data-mce-fragment=\"1\">Ouverture grand angle<\/span><\/li>\n<li>Loge un t\u00e9.l\u00e9.phone (18cm de hauteur maximum)<\/li>\n<li>Vegan et d\u00e9.perlant<\/li>\n<li>Bandouli\u00e8.re r\u00e9.glable et amovible<\/li>\n<\/ul>\n<p><strong>Dimensions sac bandouli\u00e8.re (1,8L):<\/strong>\u00a0.19cm (hauteur) x 12cm (largeur) x 8,5cm (profondeur)<br \/><strong>Dimensions bandouli\u00e8.re:\u00a0.<\/strong>1,56m (boucle \u00e0. boucle) x 3,8cm (largeur)<\/p>\n<p>Vendu avec la bandouli\u00e8.re et la pochette nano assortie.<br \/><strong>Compatible avec les autres pochettes Nano.<\/strong><\/p>\n<\/p><\/div>\n<div>\n<p>ENTRETIEN ET COMPOSITION<\/p>\n<p> <span data-accordion-button-icon=\"open\"><\/span><\/div>\n<div data-accordion-content=\"open\">\n<p>Ne pas passer \u00e0. la machine, nettoyer d\u00e9.licatement avec un linge humide et du savon.<\/p>\n<p><strong>Composition :<\/strong><br \/>Tissu ext\u00e9.rieur principal : 100% polyester<br \/>Rev\u00ea.tement ext\u00e9.rieur : polyur\u00e9.thane<br \/>Doublure int\u00e9.rieure : 100% polyester<\/p>\n<p><strong>Informations livraisons<\/strong><br \/>Les frais de livraisons sont offerts d\u00e8.s 40&#038;euro. d&rsquo;achats<br \/>Livraison entre 3 et 5 jours<br \/>Mode de paiement s\u00e9.curis\u00e9.s accept\u00e9.s : CARTE BANCAIRE\u00a0. ou\u00a0. PAYPAL<br \/>R\u00e9.ception des marchandises : A domicile ou Retrait \u00e0. notre magasin<br \/>Consulter nos<a href=\"http:\/\/www.solene-maroquinerie.fr\/conditions_generales_de_vente.html\" target=\"_self\" title=\"Nos CGV\">\u00a0.conditions g\u00e9.n\u00e9.rales de ventes<\/a><\/p>\n<\/p><\/div>\n","protected":false},"excerpt":{"rendered":"<p>Descriptif du NANOBAG SAN GILJAN Le sac Nano, le sac bandouli\u00e8.re pens\u00e9. pour accueillir tous vos essentiels. Garanti \u00e0. vie Deux poches int\u00e9.rieures Ouverture grand angle Loge un t\u00e9.l\u00e9.phone (18cm de hauteur maximum) Vegan et d\u00e9.perlant Bandouli\u00e8.re r\u00e9.glable et amovible Dimensions sac bandouli\u00e8.re (1,8L):\u00a0.19cm (hauteur) x 12cm (largeur) x 8,5cm (profondeur)Dimensions bandouli\u00e8.re:\u00a0.1,56m (boucle \u00e0. boucle) [&hellip;]<\/p>\n","protected":false},"featured_media":1728,"comment_status":"open","ping_status":"closed","template":"","meta":[],"product_brand":[42],"product_cat":[24,76],"product_tag":[],"class_list":{"0":"post-1729","1":"product","2":"type-product","3":"status-publish","4":"has-post-thumbnail","6":"product_brand-cabaia","7":"product_cat-divers","8":"product_cat-nanobag-cabaia","10":"first","11":"instock","12":"shipping-taxable","13":"purchasable","14":"product-type-simple"},"_links":{"self":[{"href":"https:\/\/solenemaro41.fr\/index.php?rest_route=\/wp\/v2\/product\/1729","targetHints":{"allow":["GET"]}}],"collection":[{"href":"https:\/\/solenemaro41.fr\/index.php?rest_route=\/wp\/v2\/product"}],"about":[{"href":"https:\/\/solenemaro41.fr\/index.php?rest_route=\/wp\/v2\/types\/product"}],"replies":[{"embeddable":true,"href":"https:\/\/solenemaro41.fr\/index.php?rest_route=%2Fwp%2Fv2%2Fcomments&post=1729"}],"wp:featuredmedia":[{"embeddable":true,"href":"https:\/\/solenemaro41.fr\/index.php?rest_route=\/wp\/v2\/media\/1728"}],"wp:attachment":[{"href":"https:\/\/solenemaro41.fr\/index.php?rest_route=%2Fwp%2Fv2%2Fmedia&parent=1729"}],"wp:term":[{"taxonomy":"product_brand","embeddable":true,"href":"https:\/\/solenemaro41.fr\/index.php?rest_route=%2Fwp%2Fv2%2Fproduct_brand&post=1729"},{"taxonomy":"product_cat","embeddable":true,"href":"https:\/\/solenemaro41.fr\/index.php?rest_route=%2Fwp%2Fv2%2Fproduct_cat&post=1729"},{"taxonomy":"product_tag","embeddable":true,"href":"https:\/\/solenemaro41.fr\/index.php?rest_route=%2Fwp%2Fv2%2Fproduct_tag&post=1729"}],"curies":[{"name":"wp","href":"https:\/\/api.w.org\/{rel}","templated":true}]}}