{"id":1762,"date":"2026-04-11T00:49:56","date_gmt":"2026-04-10T22:49:56","guid":{"rendered":"https:\/\/solenemaro41.fr\/?product=eastpak-day-pakr-1o3-plum-purpl"},"modified":"2026-04-11T00:49:57","modified_gmt":"2026-04-10T22:49:57","slug":"eastpak-day-pakr-1o3-plum-purpl","status":"publish","type":"product","link":"https:\/\/solenemaro41.fr\/?product=eastpak-day-pakr-1o3-plum-purpl","title":{"rendered":"EASTPAK DAY PAK&rsquo;R 1O3 PLUM PURPL"},"content":{"rendered":"<div>\n<div>\n<div>Le compagnon id\u00e9.al au quotidien, inspir\u00e9. de notre sac \u00e0. dos Eastpak embl\u00e9.matique. Notre sac \u00e0. dos Padded Pak&rsquo;r a \u00e9.t\u00e9. r\u00e9.invent\u00e9. avec encore plus de fonctionnalit\u00e9.s, dont une housse pour ordinateur portable int\u00e9.gr\u00e9.e, une poche s\u00e9.curis\u00e9.e zipp\u00e9.e \u00e0. l&rsquo;arri\u00e8.re et deux poches lat\u00e9.rales multifonctions.<\/div>\n<\/p><\/div>\n<\/p><\/div>\n<div>\n<h3>Caract\u00e9.ristiques<\/h3>\n<div>\n<ul>\n<li>Compartiment principal avec poche avant zipp\u00e9.e et poche arri\u00e8.re s\u00e9.curis\u00e9.e<\/li>\n<li>Hauteur\u00a0.: 40\u00a0.cm, Largeur\u00a0.: 30\u00a0.cm, Profondeur\u00a0.: 18\u00a0.cm<\/li>\n<li>100\u00a0.% nylon<\/li>\n<li>Bretelles r\u00e9.glables et panneau dorsal rembourr\u00e9.s<\/li>\n<li>Housse rembourr\u00e9.e pour ordinateur portable jusqu&rsquo;\u00e0. 14\u00a0.pouces<\/li>\n<li>Deux poches lat\u00e9.rales multifonctions<\/li>\n<\/ul>\n<h3>D\u00e9.tails<\/h3>\n<dl>\n<dt>Hauteur : 40 cm<\/dt>\n<dt>Largeur : 30 cm<\/dt>\n<dt>Profondeur : 18 cm<\/dt>\n<dt>Le Volume : 24 Litres<\/dt>\n<dt>Poids : 400 g<\/dt>\n<dt>Garantie : 30 ans<\/dt>\n<dt>Portable : 14&#038;Prime.&#038;Prime.<\/dt>\n<dt>MacBook : 14&#038;Prime.<\/dt>\n<\/dl>\n<\/div><\/div>\n","protected":false},"excerpt":{"rendered":"<p>Le compagnon id\u00e9.al au quotidien, inspir\u00e9. de notre sac \u00e0. dos Eastpak embl\u00e9.matique. Notre sac \u00e0. dos Padded Pak&rsquo;r a \u00e9.t\u00e9. r\u00e9.invent\u00e9. avec encore plus de fonctionnalit\u00e9.s, dont une housse pour ordinateur portable int\u00e9.gr\u00e9.e, une poche s\u00e9.curis\u00e9.e zipp\u00e9.e \u00e0. l&rsquo;arri\u00e8.re et deux poches lat\u00e9.rales multifonctions. Caract\u00e9.ristiques Compartiment principal avec poche avant zipp\u00e9.e et poche arri\u00e8.re [&hellip;]<\/p>\n","protected":false},"featured_media":1761,"comment_status":"open","ping_status":"closed","template":"","meta":[],"product_brand":[20],"product_cat":[19,74],"product_tag":[],"class_list":{"0":"post-1762","1":"product","2":"type-product","3":"status-publish","4":"has-post-thumbnail","6":"product_brand-eastpak","7":"product_cat-sac-a-dos","8":"product_cat-sac-a-dos-day-pakr","10":"first","11":"instock","12":"shipping-taxable","13":"purchasable","14":"product-type-simple"},"_links":{"self":[{"href":"https:\/\/solenemaro41.fr\/index.php?rest_route=\/wp\/v2\/product\/1762","targetHints":{"allow":["GET"]}}],"collection":[{"href":"https:\/\/solenemaro41.fr\/index.php?rest_route=\/wp\/v2\/product"}],"about":[{"href":"https:\/\/solenemaro41.fr\/index.php?rest_route=\/wp\/v2\/types\/product"}],"replies":[{"embeddable":true,"href":"https:\/\/solenemaro41.fr\/index.php?rest_route=%2Fwp%2Fv2%2Fcomments&post=1762"}],"wp:featuredmedia":[{"embeddable":true,"href":"https:\/\/solenemaro41.fr\/index.php?rest_route=\/wp\/v2\/media\/1761"}],"wp:attachment":[{"href":"https:\/\/solenemaro41.fr\/index.php?rest_route=%2Fwp%2Fv2%2Fmedia&parent=1762"}],"wp:term":[{"taxonomy":"product_brand","embeddable":true,"href":"https:\/\/solenemaro41.fr\/index.php?rest_route=%2Fwp%2Fv2%2Fproduct_brand&post=1762"},{"taxonomy":"product_cat","embeddable":true,"href":"https:\/\/solenemaro41.fr\/index.php?rest_route=%2Fwp%2Fv2%2Fproduct_cat&post=1762"},{"taxonomy":"product_tag","embeddable":true,"href":"https:\/\/solenemaro41.fr\/index.php?rest_route=%2Fwp%2Fv2%2Fproduct_tag&post=1762"}],"curies":[{"name":"wp","href":"https:\/\/api.w.org\/{rel}","templated":true}]}}