{"id":1794,"date":"2026-04-11T09:36:03","date_gmt":"2026-04-11T07:36:03","guid":{"rendered":"https:\/\/solenemaro41.fr\/?product=sac-cabas-lancaster-smooth-noir"},"modified":"2026-04-11T09:36:09","modified_gmt":"2026-04-11T07:36:09","slug":"sac-cabas-lancaster-smooth-noir","status":"publish","type":"product","link":"https:\/\/solenemaro41.fr\/?product=sac-cabas-lancaster-smooth-noir","title":{"rendered":"SAC CABAS LANCASTER SMOOTH NOIR"},"content":{"rendered":"<p><strong>Caract\u00e9.ristiques du\u00a0.SAC CABAS \u00c9.PAULE LANCASTER SMOOTH NOIR<\/strong><\/p>\n<ul>\n<li><span>Poche arri\u00e8.re zipp\u00e9.e<\/span><\/li>\n<li><span>Compartiment t\u00e9.l\u00e9.phone<\/span><\/li>\n<li><span>Poche int\u00e9.rieure zipp\u00e9.e<\/span><\/li>\n<li><span>Poche int\u00e9.rieure simple<\/span><\/li>\n<li>Poche int\u00e9.rieure simple<\/li>\n<\/ul>\n<p>Finition :<\/p>\n<ul>\n<li>M\u00e9.tal argent\u00e9. brillant<\/li>\n<\/ul>\n<p>Dimensions :<\/p>\n<ul>\n<li>28 x 25 x 13 cm<\/li>\n<\/ul>\n<p>Composition :<\/p>\n<ul>\n<li>Refente de cuir de vachette lisse<\/li>\n<li>Doublure textile logo<\/li>\n<\/ul>\n<p><strong>Informations livraisons<\/strong><br \/>Les frais de livraisons sont offerts d\u00e8.s 40&#038;euro. d&rsquo;achats<br \/>Mode de paiement s\u00e9.curis\u00e9.s accept\u00e9.s : CARTE BANCAIRE\u00a0. ou\u00a0. PAYPAL<br \/>R\u00e9.ception des marchandises : A domicile ou Retrait \u00e0. notre magasin<br \/>Livraison entre 3 et 5 jours<br \/>Retrait au magasin sous 24h (rdv)<br \/>Consulter nos<a href=\"https:\/\/www.solene-maroquinerie.fr\/conditions_generales_de_vente.html\" target=\"_self\" title=\"Nos CGV\">\u00a0.conditions g\u00e9.n\u00e9.rales de ventes<\/a><\/p>\n","protected":false},"excerpt":{"rendered":"<p>Caract\u00e9.ristiques du\u00a0.SAC CABAS \u00c9.PAULE LANCASTER SMOOTH NOIR Poche arri\u00e8.re zipp\u00e9.e Compartiment t\u00e9.l\u00e9.phone Poche int\u00e9.rieure zipp\u00e9.e Poche int\u00e9.rieure simple Poche int\u00e9.rieure simple Finition : M\u00e9.tal argent\u00e9. brillant Dimensions : 28 x 25 x 13 cm Composition : Refente de cuir de vachette lisse Doublure textile logo Informations livraisonsLes frais de livraisons sont offerts d\u00e8.s 40&#038;euro. d&rsquo;achatsMode [&hellip;]<\/p>\n","protected":false},"featured_media":1793,"comment_status":"open","ping_status":"closed","template":"","meta":[],"product_brand":[29],"product_cat":[27,28],"product_tag":[],"class_list":{"0":"post-1794","1":"product","2":"type-product","3":"status-publish","4":"has-post-thumbnail","6":"product_brand-lancaster","7":"product_cat-sac-a-main","8":"product_cat-sac-a-main-2","10":"first","11":"instock","12":"shipping-taxable","13":"purchasable","14":"product-type-simple"},"_links":{"self":[{"href":"https:\/\/solenemaro41.fr\/index.php?rest_route=\/wp\/v2\/product\/1794","targetHints":{"allow":["GET"]}}],"collection":[{"href":"https:\/\/solenemaro41.fr\/index.php?rest_route=\/wp\/v2\/product"}],"about":[{"href":"https:\/\/solenemaro41.fr\/index.php?rest_route=\/wp\/v2\/types\/product"}],"replies":[{"embeddable":true,"href":"https:\/\/solenemaro41.fr\/index.php?rest_route=%2Fwp%2Fv2%2Fcomments&post=1794"}],"wp:featuredmedia":[{"embeddable":true,"href":"https:\/\/solenemaro41.fr\/index.php?rest_route=\/wp\/v2\/media\/1793"}],"wp:attachment":[{"href":"https:\/\/solenemaro41.fr\/index.php?rest_route=%2Fwp%2Fv2%2Fmedia&parent=1794"}],"wp:term":[{"taxonomy":"product_brand","embeddable":true,"href":"https:\/\/solenemaro41.fr\/index.php?rest_route=%2Fwp%2Fv2%2Fproduct_brand&post=1794"},{"taxonomy":"product_cat","embeddable":true,"href":"https:\/\/solenemaro41.fr\/index.php?rest_route=%2Fwp%2Fv2%2Fproduct_cat&post=1794"},{"taxonomy":"product_tag","embeddable":true,"href":"https:\/\/solenemaro41.fr\/index.php?rest_route=%2Fwp%2Fv2%2Fproduct_tag&post=1794"}],"curies":[{"name":"wp","href":"https:\/\/api.w.org\/{rel}","templated":true}]}}