{"id":1800,"date":"2026-04-11T09:36:12","date_gmt":"2026-04-11T07:36:12","guid":{"rendered":"https:\/\/solenemaro41.fr\/?product=sac-a-main-lancaster-foulonne-do"},"modified":"2026-04-11T09:36:18","modified_gmt":"2026-04-11T07:36:18","slug":"sac-a-main-lancaster-foulonne-do","status":"publish","type":"product","link":"https:\/\/solenemaro41.fr\/?product=sac-a-main-lancaster-foulonne-do","title":{"rendered":"SAC A MAIN LANCASTER FOULONN\u00c9 DO"},"content":{"rendered":"<p><strong>Caract\u00e9.ristiques du SAC A MAIN LANCASTER FOULONN\u00c9. DOUBLE NOIR IN NUDE<\/strong><\/p>\n<p><span>Ce sac \u00e0. main est confectionn\u00e9. de cuir de vachette grain\u00e9.. Il comporte une grande poche int\u00e9.rieure. Il se porte \u00e0. la main, \u00e0. l&rsquo;\u00e9.paule ou crois\u00e9..<\/span><\/p>\n<ul>\n<li><span>Port\u00e9. main, port\u00e9. \u00e9.paule<\/span><\/li>\n<li><span>Fermeture zipp\u00e9.e<\/span><\/li>\n<li>Bandouli\u00e8.re amovible r\u00e9.glable<\/li>\n<\/ul>\n<p>Finition :<\/p>\n<ul>\n<li>M\u00e9.tal dor\u00e9. brillant<\/li>\n<\/ul>\n<p>Dimensions :<\/p>\n<ul>\n<li>28 x 21 x 10 cm<\/li>\n<\/ul>\n<p>Composition :<\/p>\n<ul>\n<li>\n<p>Cuir de vachette pleine fleur finition grain\u00e9.e<\/p>\n<p> <span><\/span><\/li>\n<li>\n<p>Doublure Vachette<\/p>\n<\/li>\n<\/ul>\n<p><strong>Informations livraisons<\/strong><\/p>\n<p>Les frais de livraisons sont offerts d\u00e8.s 40&#038;euro. d&rsquo;achats<\/p>\n<p>Mode de paiement s\u00e9.curis\u00e9.s accept\u00e9.s : CARTE BANCAIRE\u00a0. ou\u00a0. PAYPAL<\/p>\n<div>R\u00e9.ception des marchandises : A domicile ou Retrait \u00e0. notre magasin<\/div>\n<div>Livraison entre 3 et 5 jours<\/div>\n<div>Retrait au magasin sous 24h (rdv)<\/div>\n<div>Consulter nos<a href=\"https:\/\/www.solene-maroquinerie.fr\/conditions_generales_de_vente.html\" target=\"_self\" title=\"Nos CGV\">\u00a0.conditions g\u00e9.n\u00e9.rales de ventes<br \/><\/a><\/div>\n","protected":false},"excerpt":{"rendered":"<p>Caract\u00e9.ristiques du SAC A MAIN LANCASTER FOULONN\u00c9. DOUBLE NOIR IN NUDE Ce sac \u00e0. main est confectionn\u00e9. de cuir de vachette grain\u00e9.. Il comporte une grande poche int\u00e9.rieure. Il se porte \u00e0. la main, \u00e0. l&rsquo;\u00e9.paule ou crois\u00e9.. Port\u00e9. main, port\u00e9. \u00e9.paule Fermeture zipp\u00e9.e Bandouli\u00e8.re amovible r\u00e9.glable Finition : M\u00e9.tal dor\u00e9. brillant Dimensions : 28 [&hellip;]<\/p>\n","protected":false},"featured_media":1799,"comment_status":"open","ping_status":"closed","template":"","meta":[],"product_brand":[29],"product_cat":[27,28],"product_tag":[],"class_list":{"0":"post-1800","1":"product","2":"type-product","3":"status-publish","4":"has-post-thumbnail","6":"product_brand-lancaster","7":"product_cat-sac-a-main","8":"product_cat-sac-a-main-2","10":"first","11":"instock","12":"shipping-taxable","13":"purchasable","14":"product-type-simple"},"_links":{"self":[{"href":"https:\/\/solenemaro41.fr\/index.php?rest_route=\/wp\/v2\/product\/1800","targetHints":{"allow":["GET"]}}],"collection":[{"href":"https:\/\/solenemaro41.fr\/index.php?rest_route=\/wp\/v2\/product"}],"about":[{"href":"https:\/\/solenemaro41.fr\/index.php?rest_route=\/wp\/v2\/types\/product"}],"replies":[{"embeddable":true,"href":"https:\/\/solenemaro41.fr\/index.php?rest_route=%2Fwp%2Fv2%2Fcomments&post=1800"}],"wp:featuredmedia":[{"embeddable":true,"href":"https:\/\/solenemaro41.fr\/index.php?rest_route=\/wp\/v2\/media\/1799"}],"wp:attachment":[{"href":"https:\/\/solenemaro41.fr\/index.php?rest_route=%2Fwp%2Fv2%2Fmedia&parent=1800"}],"wp:term":[{"taxonomy":"product_brand","embeddable":true,"href":"https:\/\/solenemaro41.fr\/index.php?rest_route=%2Fwp%2Fv2%2Fproduct_brand&post=1800"},{"taxonomy":"product_cat","embeddable":true,"href":"https:\/\/solenemaro41.fr\/index.php?rest_route=%2Fwp%2Fv2%2Fproduct_cat&post=1800"},{"taxonomy":"product_tag","embeddable":true,"href":"https:\/\/solenemaro41.fr\/index.php?rest_route=%2Fwp%2Fv2%2Fproduct_tag&post=1800"}],"curies":[{"name":"wp","href":"https:\/\/api.w.org\/{rel}","templated":true}]}}