{"id":1808,"date":"2026-04-11T09:36:33","date_gmt":"2026-04-11T07:36:33","guid":{"rendered":"https:\/\/solenemaro41.fr\/?product=sac-cabas-lancaster-maya"},"modified":"2026-04-11T09:36:40","modified_gmt":"2026-04-11T07:36:40","slug":"sac-cabas-lancaster-maya","status":"publish","type":"product","link":"https:\/\/solenemaro41.fr\/?product=sac-cabas-lancaster-maya","title":{"rendered":"SAC CABAS LANCASTER MAYA"},"content":{"rendered":"<div><strong>Caract\u00e9.ristiques du SAC CABAS LANCASTER MAYA NOIR<\/strong><\/div>\n<ul>\n<li><span>Poche arri\u00e8.re zipp\u00e9.e, poche int\u00e9.rieure zipp\u00e9.e<\/span><\/li>\n<li>Mati\u00e8.re : Polychlorure de vinyle garni de refente de cuir de vachette finition lisse<\/li>\n<li>Finitions m\u00e9.tal argent\u00e9. brillant<\/li>\n<li>Dimensions : 28\u00a0.<span>x 24 x 12 cm<\/span><\/li>\n<li>Anses d<span>oubles, non r\u00e9.glables<\/span><\/li>\n<\/ul>\n<h4><strong>Informations livraisons<\/strong><\/h4>\n<div>Les frais de livraisons sont offerts d\u00e8.s 40&#038;euro. d&rsquo;achats<\/div>\n<div>Livraison entre 3 et 5 jours<\/div>\n<p>Mode de paiement s\u00e9.curis\u00e9.s accept\u00e9.s : CARTE BANCAIRE\u00a0. ou\u00a0. PAYPAL<\/p>\n<div>R\u00e9.ception des marchandises : A domicile ou Retrait \u00e0. notre magasin<br \/>Consulter nos<a href=\"http:\/\/www.solene-maroquinerie.fr\/conditions_generales_de_vente.html\" target=\"_self\" title=\"Nos CGV\">\u00a0.conditions g\u00e9.n\u00e9.rales de ventes<\/a><\/div>\n","protected":false},"excerpt":{"rendered":"<p>Caract\u00e9.ristiques du SAC CABAS LANCASTER MAYA NOIR Poche arri\u00e8.re zipp\u00e9.e, poche int\u00e9.rieure zipp\u00e9.e Mati\u00e8.re : Polychlorure de vinyle garni de refente de cuir de vachette finition lisse Finitions m\u00e9.tal argent\u00e9. brillant Dimensions : 28\u00a0.x 24 x 12 cm Anses doubles, non r\u00e9.glables Informations livraisons Les frais de livraisons sont offerts d\u00e8.s 40&#038;euro. d&rsquo;achats Livraison entre [&hellip;]<\/p>\n","protected":false},"featured_media":1807,"comment_status":"open","ping_status":"closed","template":"","meta":[],"product_brand":[29],"product_cat":[27,28],"product_tag":[],"class_list":{"0":"post-1808","1":"product","2":"type-product","3":"status-publish","4":"has-post-thumbnail","6":"product_brand-lancaster","7":"product_cat-sac-a-main","8":"product_cat-sac-a-main-2","10":"first","11":"instock","12":"shipping-taxable","13":"purchasable","14":"product-type-simple"},"_links":{"self":[{"href":"https:\/\/solenemaro41.fr\/index.php?rest_route=\/wp\/v2\/product\/1808","targetHints":{"allow":["GET"]}}],"collection":[{"href":"https:\/\/solenemaro41.fr\/index.php?rest_route=\/wp\/v2\/product"}],"about":[{"href":"https:\/\/solenemaro41.fr\/index.php?rest_route=\/wp\/v2\/types\/product"}],"replies":[{"embeddable":true,"href":"https:\/\/solenemaro41.fr\/index.php?rest_route=%2Fwp%2Fv2%2Fcomments&post=1808"}],"wp:featuredmedia":[{"embeddable":true,"href":"https:\/\/solenemaro41.fr\/index.php?rest_route=\/wp\/v2\/media\/1807"}],"wp:attachment":[{"href":"https:\/\/solenemaro41.fr\/index.php?rest_route=%2Fwp%2Fv2%2Fmedia&parent=1808"}],"wp:term":[{"taxonomy":"product_brand","embeddable":true,"href":"https:\/\/solenemaro41.fr\/index.php?rest_route=%2Fwp%2Fv2%2Fproduct_brand&post=1808"},{"taxonomy":"product_cat","embeddable":true,"href":"https:\/\/solenemaro41.fr\/index.php?rest_route=%2Fwp%2Fv2%2Fproduct_cat&post=1808"},{"taxonomy":"product_tag","embeddable":true,"href":"https:\/\/solenemaro41.fr\/index.php?rest_route=%2Fwp%2Fv2%2Fproduct_tag&post=1808"}],"curies":[{"name":"wp","href":"https:\/\/api.w.org\/{rel}","templated":true}]}}