{"id":1817,"date":"2026-04-11T09:36:49","date_gmt":"2026-04-11T07:36:49","guid":{"rendered":"https:\/\/solenemaro41.fr\/?product=sac-pochette-lancaster-dune-roug"},"modified":"2026-04-11T09:36:55","modified_gmt":"2026-04-11T07:36:55","slug":"sac-pochette-lancaster-dune-roug","status":"publish","type":"product","link":"https:\/\/solenemaro41.fr\/?product=sac-pochette-lancaster-dune-roug","title":{"rendered":"SAC POCHETTE LANCASTER DUNE ROUG"},"content":{"rendered":"<p><span><strong>Caract\u00e9.ristiques du\u00a0.SAC POCHETTE LANCASTER DUNE ROUGE<\/strong><\/span><\/p>\n<ul>\n<li><span><span>Port\u00e9. main, port\u00e9. \u00e9.paule, port\u00e9. travers<\/span><\/span><\/li>\n<li><span>Anses amovibles, courtes, non r\u00e9.glables, simples<\/span><\/li>\n<\/ul>\n<p>Finition :<\/p>\n<ul>\n<li>M\u00e9.tal dor\u00e9. brillant<\/li>\n<\/ul>\n<p>Dimensions :<\/p>\n<ul>\n<li>22.5 x 15 x 4 cm<\/li>\n<\/ul>\n<p>Composition :<\/p>\n<ul>\n<li><span>Cuir de vachette finition grain\u00e9.e\u00a0.<\/span>et doublure textile<\/li>\n<\/ul>\n<p>\u00a0.<\/p>\n<p><strong>Informations livraisons<\/strong><\/p>\n<p>Les frais de livraisons sont offerts d\u00e8.s 40&#038;euro. d&rsquo;achats<\/p>\n<p>Mode de paiement s\u00e9.curis\u00e9.s accept\u00e9.s : CARTE BANCAIRE\u00a0. ou\u00a0. PAYPAL<\/p>\n<div>R\u00e9.ception des marchandises : A domicile ou Retrait \u00e0. notre magasin<\/div>\n<div>Livraison entre 3 et 5 jours<\/div>\n<div>Retrait au magasin sous 24h (rdv)<\/div>\n<div>Consulter nos<a href=\"https:\/\/www.solene-maroquinerie.fr\/conditions_generales_de_vente.html\" target=\"_self\" title=\"Nos CGV\">\u00a0.conditions g\u00e9.n\u00e9.rales de ventes<\/a><\/div>\n","protected":false},"excerpt":{"rendered":"<p>Caract\u00e9.ristiques du\u00a0.SAC POCHETTE LANCASTER DUNE ROUGE Port\u00e9. main, port\u00e9. \u00e9.paule, port\u00e9. travers Anses amovibles, courtes, non r\u00e9.glables, simples Finition : M\u00e9.tal dor\u00e9. brillant Dimensions : 22.5 x 15 x 4 cm Composition : Cuir de vachette finition grain\u00e9.e\u00a0.et doublure textile \u00a0. Informations livraisons Les frais de livraisons sont offerts d\u00e8.s 40&#038;euro. d&rsquo;achats Mode de paiement [&hellip;]<\/p>\n","protected":false},"featured_media":1816,"comment_status":"open","ping_status":"closed","template":"","meta":[],"product_brand":[29],"product_cat":[27,28],"product_tag":[],"class_list":{"0":"post-1817","1":"product","2":"type-product","3":"status-publish","4":"has-post-thumbnail","6":"product_brand-lancaster","7":"product_cat-sac-a-main","8":"product_cat-sac-a-main-2","10":"first","11":"instock","12":"shipping-taxable","13":"purchasable","14":"product-type-simple"},"_links":{"self":[{"href":"https:\/\/solenemaro41.fr\/index.php?rest_route=\/wp\/v2\/product\/1817","targetHints":{"allow":["GET"]}}],"collection":[{"href":"https:\/\/solenemaro41.fr\/index.php?rest_route=\/wp\/v2\/product"}],"about":[{"href":"https:\/\/solenemaro41.fr\/index.php?rest_route=\/wp\/v2\/types\/product"}],"replies":[{"embeddable":true,"href":"https:\/\/solenemaro41.fr\/index.php?rest_route=%2Fwp%2Fv2%2Fcomments&post=1817"}],"wp:featuredmedia":[{"embeddable":true,"href":"https:\/\/solenemaro41.fr\/index.php?rest_route=\/wp\/v2\/media\/1816"}],"wp:attachment":[{"href":"https:\/\/solenemaro41.fr\/index.php?rest_route=%2Fwp%2Fv2%2Fmedia&parent=1817"}],"wp:term":[{"taxonomy":"product_brand","embeddable":true,"href":"https:\/\/solenemaro41.fr\/index.php?rest_route=%2Fwp%2Fv2%2Fproduct_brand&post=1817"},{"taxonomy":"product_cat","embeddable":true,"href":"https:\/\/solenemaro41.fr\/index.php?rest_route=%2Fwp%2Fv2%2Fproduct_cat&post=1817"},{"taxonomy":"product_tag","embeddable":true,"href":"https:\/\/solenemaro41.fr\/index.php?rest_route=%2Fwp%2Fv2%2Fproduct_tag&post=1817"}],"curies":[{"name":"wp","href":"https:\/\/api.w.org\/{rel}","templated":true}]}}