{"id":1822,"date":"2026-04-11T09:36:59","date_gmt":"2026-04-11T07:36:59","guid":{"rendered":"https:\/\/solenemaro41.fr\/?product=sac-besace-lancaster-dune-gaia-n"},"modified":"2026-04-11T09:37:05","modified_gmt":"2026-04-11T07:37:05","slug":"sac-besace-lancaster-dune-gaia-n","status":"publish","type":"product","link":"https:\/\/solenemaro41.fr\/?product=sac-besace-lancaster-dune-gaia-n","title":{"rendered":"SAC BESACE LANCASTER DUNE GAIA N"},"content":{"rendered":"<p><span><strong>Caract\u00e9.ristiques du\u00a0.SAC BESACE LANCASTER DUNE GAIA NOIR<\/strong><\/span><\/p>\n<p><span>Ce sac besace est confectionn\u00e9. de cuir de vachette finition grain\u00e9.. Il poss\u00e8.de une grande poche principale avec un rabat aimant\u00e9. comme fermoir, une double poche int\u00e9.rieure, une poche int\u00e9.rieure zipp\u00e9.e et une poche arri\u00e8.re ext\u00e9.rieure zipp\u00e9.e.\u00a0.Cette besace se porte \u00e0. l&rsquo;\u00e9.paule ou crois\u00e9..<\/span><\/p>\n<ul>\n<li><span><span>Port\u00e9. \u00e9.paule, port\u00e9. travers<\/span><\/span><\/li>\n<li>Bandouli\u00e8.re r\u00e9.glable<\/li>\n<\/ul>\n<p>Finition :<\/p>\n<ul>\n<li>M\u00e9.tal dor\u00e9. brillant<\/li>\n<\/ul>\n<p>Dimensions :<\/p>\n<ul>\n<li>25 x 19 x 7 cm<\/li>\n<\/ul>\n<p>Composition :<\/p>\n<ul>\n<li><span>Cuir de vachette finition grain\u00e9.e\u00a0.<\/span>et doublure polyester<\/li>\n<\/ul>\n<p>\u00a0.<\/p>\n<p><strong>Informations livraisons<\/strong><\/p>\n<p>Les frais de livraisons sont offerts d\u00e8.s 40&#038;euro. d&rsquo;achats<\/p>\n<p>Mode de paiement s\u00e9.curis\u00e9.s accept\u00e9.s : CARTE BANCAIRE\u00a0. ou\u00a0. PAYPAL<\/p>\n<div>R\u00e9.ception des marchandises : A domicile ou Retrait \u00e0. notre magasin<\/div>\n<div>Livraison entre 3 et 5 jours<\/div>\n<div>Retrait au magasin sous 24h (rdv)<\/div>\n<div>Consulter nos<a href=\"https:\/\/www.solene-maroquinerie.fr\/conditions_generales_de_vente.html\" target=\"_self\" title=\"Nos CGV\">\u00a0.conditions g\u00e9.n\u00e9.rales de ventes<\/a><\/div>\n","protected":false},"excerpt":{"rendered":"<p>Caract\u00e9.ristiques du\u00a0.SAC BESACE LANCASTER DUNE GAIA NOIR Ce sac besace est confectionn\u00e9. de cuir de vachette finition grain\u00e9.. Il poss\u00e8.de une grande poche principale avec un rabat aimant\u00e9. comme fermoir, une double poche int\u00e9.rieure, une poche int\u00e9.rieure zipp\u00e9.e et une poche arri\u00e8.re ext\u00e9.rieure zipp\u00e9.e.\u00a0.Cette besace se porte \u00e0. l&rsquo;\u00e9.paule ou crois\u00e9.. Port\u00e9. \u00e9.paule, port\u00e9. travers [&hellip;]<\/p>\n","protected":false},"featured_media":1821,"comment_status":"open","ping_status":"closed","template":"","meta":[],"product_brand":[29],"product_cat":[27,28],"product_tag":[],"class_list":{"0":"post-1822","1":"product","2":"type-product","3":"status-publish","4":"has-post-thumbnail","6":"product_brand-lancaster","7":"product_cat-sac-a-main","8":"product_cat-sac-a-main-2","10":"first","11":"instock","12":"shipping-taxable","13":"purchasable","14":"product-type-simple"},"_links":{"self":[{"href":"https:\/\/solenemaro41.fr\/index.php?rest_route=\/wp\/v2\/product\/1822","targetHints":{"allow":["GET"]}}],"collection":[{"href":"https:\/\/solenemaro41.fr\/index.php?rest_route=\/wp\/v2\/product"}],"about":[{"href":"https:\/\/solenemaro41.fr\/index.php?rest_route=\/wp\/v2\/types\/product"}],"replies":[{"embeddable":true,"href":"https:\/\/solenemaro41.fr\/index.php?rest_route=%2Fwp%2Fv2%2Fcomments&post=1822"}],"wp:featuredmedia":[{"embeddable":true,"href":"https:\/\/solenemaro41.fr\/index.php?rest_route=\/wp\/v2\/media\/1821"}],"wp:attachment":[{"href":"https:\/\/solenemaro41.fr\/index.php?rest_route=%2Fwp%2Fv2%2Fmedia&parent=1822"}],"wp:term":[{"taxonomy":"product_brand","embeddable":true,"href":"https:\/\/solenemaro41.fr\/index.php?rest_route=%2Fwp%2Fv2%2Fproduct_brand&post=1822"},{"taxonomy":"product_cat","embeddable":true,"href":"https:\/\/solenemaro41.fr\/index.php?rest_route=%2Fwp%2Fv2%2Fproduct_cat&post=1822"},{"taxonomy":"product_tag","embeddable":true,"href":"https:\/\/solenemaro41.fr\/index.php?rest_route=%2Fwp%2Fv2%2Fproduct_tag&post=1822"}],"curies":[{"name":"wp","href":"https:\/\/api.w.org\/{rel}","templated":true}]}}