{"id":1855,"date":"2026-04-11T09:38:05","date_gmt":"2026-04-11T07:38:05","guid":{"rendered":"https:\/\/solenemaro41.fr\/?product=sac-plat-lacoste-l-12-12-bleu"},"modified":"2026-04-11T09:38:06","modified_gmt":"2026-04-11T07:38:06","slug":"sac-plat-lacoste-l-12-12-bleu","status":"publish","type":"product","link":"https:\/\/solenemaro41.fr\/?product=sac-plat-lacoste-l-12-12-bleu","title":{"rendered":"SAC PLAT LACOSTE L.12.12 BLEU"},"content":{"rendered":"<p><strong>Caract\u00e9.ristiques du\u00a0.SAC PLAT A BANDOULIERE LACOSTE L.12.12 CONCEPT NOIR<\/strong><\/p>\n<div>Ce sac plat l\u00e9.ger \u00e0. fermeture zipp\u00e9.e est un essentiel du vestiaire f\u00e9.minin. Sa bandouli\u00e8.re amovible et ajustable offre plusieurs options de port\u00e9.. Avec son embossage Petit Piqu\u00e9. inspir\u00e9. de la mati\u00e8.re du polo Original L.12.12 et son crocodile vert brod\u00e9., cette pi\u00e8.ce est un concentr\u00e9. de codes Lacoste.<\/div>\n<ul>\n<li><span>Dimensions : L 27 x H 17,5 cm<\/span><\/li>\n<li><span>Longueur bandouli\u00e8.re : 122 cm<\/span><\/li>\n<li><span>Poche int\u00e9.rieure zipp\u00e9.e en mesh<\/span><\/li>\n<li><span>Crocodile vert brod\u00e9. sur le devant<\/span><\/li>\n<li><span>Exterieur: Pvc (100%)<\/span><\/li>\n<\/ul>\n<p><strong>Informations livraisons<\/strong><\/p>\n<p>Les frais de livraisons sont offerts d\u00e8.s 40&#038;euro. d&rsquo;achats<\/p>\n<div>Livraison entre 3 et 5 jours<\/div>\n<p>Mode de paiement s\u00e9.curis\u00e9.s accept\u00e9.s : CARTE BANCAIRE\u00a0. ou\u00a0. PAYPAL<\/p>\n<div>R\u00e9.ception des marchandises : A domicile ou Retrait \u00e0. notre magasin<br \/>Consulter nos<a href=\"http:\/\/www.solene-maroquinerie.fr\/conditions_generales_de_vente.html\" target=\"_self\" title=\"Nos CGV\">\u00a0.conditions g\u00e9.n\u00e9.rales de ventes<\/a><\/div>\n","protected":false},"excerpt":{"rendered":"<p>Caract\u00e9.ristiques du\u00a0.SAC PLAT A BANDOULIERE LACOSTE L.12.12 CONCEPT NOIR Ce sac plat l\u00e9.ger \u00e0. fermeture zipp\u00e9.e est un essentiel du vestiaire f\u00e9.minin. Sa bandouli\u00e8.re amovible et ajustable offre plusieurs options de port\u00e9.. Avec son embossage Petit Piqu\u00e9. inspir\u00e9. de la mati\u00e8.re du polo Original L.12.12 et son crocodile vert brod\u00e9., cette pi\u00e8.ce est un concentr\u00e9. [&hellip;]<\/p>\n","protected":false},"featured_media":1854,"comment_status":"open","ping_status":"closed","template":"","meta":[],"product_brand":[25],"product_cat":[24,23],"product_tag":[],"class_list":{"0":"post-1855","1":"product","2":"type-product","3":"status-publish","4":"has-post-thumbnail","6":"product_brand-lacoste","7":"product_cat-divers","8":"product_cat-femme","10":"first","11":"instock","12":"shipping-taxable","13":"purchasable","14":"product-type-simple"},"_links":{"self":[{"href":"https:\/\/solenemaro41.fr\/index.php?rest_route=\/wp\/v2\/product\/1855","targetHints":{"allow":["GET"]}}],"collection":[{"href":"https:\/\/solenemaro41.fr\/index.php?rest_route=\/wp\/v2\/product"}],"about":[{"href":"https:\/\/solenemaro41.fr\/index.php?rest_route=\/wp\/v2\/types\/product"}],"replies":[{"embeddable":true,"href":"https:\/\/solenemaro41.fr\/index.php?rest_route=%2Fwp%2Fv2%2Fcomments&post=1855"}],"wp:featuredmedia":[{"embeddable":true,"href":"https:\/\/solenemaro41.fr\/index.php?rest_route=\/wp\/v2\/media\/1854"}],"wp:attachment":[{"href":"https:\/\/solenemaro41.fr\/index.php?rest_route=%2Fwp%2Fv2%2Fmedia&parent=1855"}],"wp:term":[{"taxonomy":"product_brand","embeddable":true,"href":"https:\/\/solenemaro41.fr\/index.php?rest_route=%2Fwp%2Fv2%2Fproduct_brand&post=1855"},{"taxonomy":"product_cat","embeddable":true,"href":"https:\/\/solenemaro41.fr\/index.php?rest_route=%2Fwp%2Fv2%2Fproduct_cat&post=1855"},{"taxonomy":"product_tag","embeddable":true,"href":"https:\/\/solenemaro41.fr\/index.php?rest_route=%2Fwp%2Fv2%2Fproduct_tag&post=1855"}],"curies":[{"name":"wp","href":"https:\/\/api.w.org\/{rel}","templated":true}]}}