{"id":1861,"date":"2026-04-11T09:38:12","date_gmt":"2026-04-11T07:38:12","guid":{"rendered":"https:\/\/solenemaro41.fr\/?product=sac-cabas-zippe-lacoste-anna-2"},"modified":"2026-04-11T09:38:12","modified_gmt":"2026-04-11T07:38:12","slug":"sac-cabas-zippe-lacoste-anna-2","status":"publish","type":"product","link":"https:\/\/solenemaro41.fr\/?product=sac-cabas-zippe-lacoste-anna-2","title":{"rendered":"SAC CABAS ZIPPE LACOSTE ANNA"},"content":{"rendered":"<p><strong>Caract\u00e9.ristiques du\u00a0.SAC CABAS ZIPPE LACOSTE ANNA ABIMES PETUNIA<\/strong><\/p>\n<div>\n<div>Alliant styles modernes et classiques, le sac Anna est d\u00e9.sormais zipp\u00e9. pour une s\u00e9.curit\u00e9. accrue. Sa taille compacte et ses multiples compartiments en font le compagnon id\u00e9.al pour vos journ\u00e9.es bien remplies.<\/div>\n<ul>\n<li><span>Dimensions : L 35 x H 30 x P 14 cm<\/span><\/li>\n<li><span>Ext\u00e9.rieur grain\u00e9., int\u00e9.rieur petit piqu\u00e9.<\/span><\/li>\n<li><span>Espace pour ordinateur 15 pouces<\/span><\/li>\n<li><span>Poche plate \u00e0. l&rsquo;int\u00e9.rieur<\/span><\/li>\n<li><span>Exterieur: Pvc (100%)<\/span><\/li>\n<\/ul><\/div>\n<p><strong>Informations livraisons<\/strong><\/p>\n<p>Les frais de livraisons sont offerts d\u00e8.s 40&#038;euro. d&rsquo;achats<\/p>\n<div>Livraison entre 3 et 5 jours<\/div>\n<p>Mode de paiement s\u00e9.curis\u00e9.s accept\u00e9.s : CARTE BANCAIRE\u00a0. ou\u00a0. PAYPAL<\/p>\n<div>R\u00e9.ception des marchandises : A domicile ou Retrait \u00e0. notre magasin<br \/>Consulter nos<a href=\"http:\/\/www.solene-maroquinerie.fr\/conditions_generales_de_vente.html\" target=\"_self\" title=\"Nos CGV\">\u00a0.conditions g\u00e9.n\u00e9.rales de ventes<\/a><\/div>\n","protected":false},"excerpt":{"rendered":"<p>Caract\u00e9.ristiques du\u00a0.SAC CABAS ZIPPE LACOSTE ANNA ABIMES PETUNIA Alliant styles modernes et classiques, le sac Anna est d\u00e9.sormais zipp\u00e9. pour une s\u00e9.curit\u00e9. accrue. Sa taille compacte et ses multiples compartiments en font le compagnon id\u00e9.al pour vos journ\u00e9.es bien remplies. Dimensions : L 35 x H 30 x P 14 cm Ext\u00e9.rieur grain\u00e9., int\u00e9.rieur petit [&hellip;]<\/p>\n","protected":false},"featured_media":1860,"comment_status":"open","ping_status":"closed","template":"","meta":[],"product_brand":[25],"product_cat":[24,23],"product_tag":[],"class_list":{"0":"post-1861","1":"product","2":"type-product","3":"status-publish","4":"has-post-thumbnail","6":"product_brand-lacoste","7":"product_cat-divers","8":"product_cat-femme","10":"first","11":"instock","12":"shipping-taxable","13":"purchasable","14":"product-type-simple"},"_links":{"self":[{"href":"https:\/\/solenemaro41.fr\/index.php?rest_route=\/wp\/v2\/product\/1861","targetHints":{"allow":["GET"]}}],"collection":[{"href":"https:\/\/solenemaro41.fr\/index.php?rest_route=\/wp\/v2\/product"}],"about":[{"href":"https:\/\/solenemaro41.fr\/index.php?rest_route=\/wp\/v2\/types\/product"}],"replies":[{"embeddable":true,"href":"https:\/\/solenemaro41.fr\/index.php?rest_route=%2Fwp%2Fv2%2Fcomments&post=1861"}],"wp:featuredmedia":[{"embeddable":true,"href":"https:\/\/solenemaro41.fr\/index.php?rest_route=\/wp\/v2\/media\/1860"}],"wp:attachment":[{"href":"https:\/\/solenemaro41.fr\/index.php?rest_route=%2Fwp%2Fv2%2Fmedia&parent=1861"}],"wp:term":[{"taxonomy":"product_brand","embeddable":true,"href":"https:\/\/solenemaro41.fr\/index.php?rest_route=%2Fwp%2Fv2%2Fproduct_brand&post=1861"},{"taxonomy":"product_cat","embeddable":true,"href":"https:\/\/solenemaro41.fr\/index.php?rest_route=%2Fwp%2Fv2%2Fproduct_cat&post=1861"},{"taxonomy":"product_tag","embeddable":true,"href":"https:\/\/solenemaro41.fr\/index.php?rest_route=%2Fwp%2Fv2%2Fproduct_tag&post=1861"}],"curies":[{"name":"wp","href":"https:\/\/api.w.org\/{rel}","templated":true}]}}