{"id":1872,"date":"2026-04-11T09:38:23","date_gmt":"2026-04-11T07:38:23","guid":{"rendered":"https:\/\/solenemaro41.fr\/?product=sac-bugatti-lacoste-daily-city"},"modified":"2026-04-11T09:38:24","modified_gmt":"2026-04-11T07:38:24","slug":"sac-bugatti-lacoste-daily-city","status":"publish","type":"product","link":"https:\/\/solenemaro41.fr\/?product=sac-bugatti-lacoste-daily-city","title":{"rendered":"SAC BUGATTI LACOSTE DAILY CITY"},"content":{"rendered":"<p><strong>Caract\u00e9.ristiques du\u00a0.SAC BUGATTI LACOSTE DAILY CITY NOIR<\/strong><\/p>\n<div>\n<div>Une forme bugatti iconique caract\u00e9.rise ce sac Daily City confectionn\u00e9. en toile r\u00e9.sistante. Ses rangements bien pens\u00e9.s et sa fermeture zipp\u00e9.e prot\u00e8.gent les essentiels. Sa bandouli\u00e8.re amovible confortable permet de varier les port\u00e9.s\u00a0.: \u00e0. la main, \u00e0. l&#038;rsquo.\u00e9.paule ou crois\u00e9., il garde toute son \u00e9.l\u00e9.gance.<\/div>\n<ul>\n<li><span>Dimensions : L 28 x H 22 x P 12 cm<\/span><\/li>\n<li><span>Mati\u00e8.re Petit Piqu\u00e9.<\/span><\/li>\n<li><span>Bandouli\u00e8.re amovible et ajustable entre 113 et 128 cm<\/span><\/li>\n<li><span>1 poche zipp\u00e9.e, 1 poche plate int\u00e9.rieures<\/span><\/li>\n<li><span>Crocodile ton sur ton sur le devant<\/span><\/li>\n<li><span>Exterieur: Pvc (100%)<\/span><\/li>\n<\/ul><\/div>\n<p><strong>Informations livraisons<\/strong><\/p>\n<p>Les frais de livraisons sont offerts d\u00e8.s 40&#038;euro. d&rsquo;achats<\/p>\n<div>Livraison entre 3 et 5 jours<\/div>\n<p>Mode de paiement s\u00e9.curis\u00e9.s accept\u00e9.s : CARTE BANCAIRE\u00a0. ou\u00a0. PAYPAL<\/p>\n<div>R\u00e9.ception des marchandises : A domicile ou Retrait \u00e0. notre magasin<br \/>Consulter nos<a href=\"http:\/\/www.solene-maroquinerie.fr\/conditions_generales_de_vente.html\" target=\"_self\" title=\"Nos CGV\">\u00a0.conditions g\u00e9.n\u00e9.rales de ventes<\/a><\/div>\n","protected":false},"excerpt":{"rendered":"<p>Caract\u00e9.ristiques du\u00a0.SAC BUGATTI LACOSTE DAILY CITY NOIR Une forme bugatti iconique caract\u00e9.rise ce sac Daily City confectionn\u00e9. en toile r\u00e9.sistante. Ses rangements bien pens\u00e9.s et sa fermeture zipp\u00e9.e prot\u00e8.gent les essentiels. Sa bandouli\u00e8.re amovible confortable permet de varier les port\u00e9.s\u00a0.: \u00e0. la main, \u00e0. l&#038;rsquo.\u00e9.paule ou crois\u00e9., il garde toute son \u00e9.l\u00e9.gance. Dimensions : L [&hellip;]<\/p>\n","protected":false},"featured_media":1871,"comment_status":"open","ping_status":"closed","template":"","meta":[],"product_brand":[25],"product_cat":[24,23],"product_tag":[],"class_list":{"0":"post-1872","1":"product","2":"type-product","3":"status-publish","4":"has-post-thumbnail","6":"product_brand-lacoste","7":"product_cat-divers","8":"product_cat-femme","10":"first","11":"outofstock","12":"shipping-taxable","13":"purchasable","14":"product-type-simple"},"_links":{"self":[{"href":"https:\/\/solenemaro41.fr\/index.php?rest_route=\/wp\/v2\/product\/1872","targetHints":{"allow":["GET"]}}],"collection":[{"href":"https:\/\/solenemaro41.fr\/index.php?rest_route=\/wp\/v2\/product"}],"about":[{"href":"https:\/\/solenemaro41.fr\/index.php?rest_route=\/wp\/v2\/types\/product"}],"replies":[{"embeddable":true,"href":"https:\/\/solenemaro41.fr\/index.php?rest_route=%2Fwp%2Fv2%2Fcomments&post=1872"}],"wp:featuredmedia":[{"embeddable":true,"href":"https:\/\/solenemaro41.fr\/index.php?rest_route=\/wp\/v2\/media\/1871"}],"wp:attachment":[{"href":"https:\/\/solenemaro41.fr\/index.php?rest_route=%2Fwp%2Fv2%2Fmedia&parent=1872"}],"wp:term":[{"taxonomy":"product_brand","embeddable":true,"href":"https:\/\/solenemaro41.fr\/index.php?rest_route=%2Fwp%2Fv2%2Fproduct_brand&post=1872"},{"taxonomy":"product_cat","embeddable":true,"href":"https:\/\/solenemaro41.fr\/index.php?rest_route=%2Fwp%2Fv2%2Fproduct_cat&post=1872"},{"taxonomy":"product_tag","embeddable":true,"href":"https:\/\/solenemaro41.fr\/index.php?rest_route=%2Fwp%2Fv2%2Fproduct_tag&post=1872"}],"curies":[{"name":"wp","href":"https:\/\/api.w.org\/{rel}","templated":true}]}}