{"id":1875,"date":"2026-04-11T09:38:25","date_gmt":"2026-04-11T07:38:25","guid":{"rendered":"https:\/\/solenemaro41.fr\/?product=sac-a-main-lacoste-daily-city-2"},"modified":"2026-04-11T09:38:27","modified_gmt":"2026-04-11T07:38:27","slug":"sac-a-main-lacoste-daily-city-2","status":"publish","type":"product","link":"https:\/\/solenemaro41.fr\/?product=sac-a-main-lacoste-daily-city-2","title":{"rendered":"SAC A MAIN LACOSTE DAILY CITY"},"content":{"rendered":"<p><strong>Caract\u00e9.ristiques du\u00a0.SAC CABAS MOYEN LACOSTE DAILY CITY NOIR<\/strong><\/p>\n<div>\n<div>Au bureau comme en ville, le cabas Daily City est un essentiel aux lignes modernes et au design \u00e9.pur\u00e9.. Son volume g\u00e9.n\u00e9.reux et ses poches multiples accueillent les essentiels du quotidien et m\u00ea.me un PC 14 pouces. Un classique adapt\u00e9. aux nouveaux styles de vie.<\/div>\n<ul>\n<li><span>Dimensions : L 36 x H 27 x P 16,5 cm<\/span><\/li>\n<li><span>Mati\u00e8.re Petit Piqu\u00e9.<\/span><\/li>\n<li><span>Espace pour ordinateur 14 pouces<\/span><\/li>\n<li><span>1 poche zipp\u00e9.e, 1 poche plaqu\u00e9.e int\u00e9.rieures<\/span><\/li>\n<li><span>Crocodile ton sur ton sur le devant<\/span><\/li>\n<li><span>Exterieur: Pvc (100%)<\/span><\/li>\n<\/ul><\/div>\n<p><strong>Informations livraisons<\/strong><\/p>\n<p>Les frais de livraisons sont offerts d\u00e8.s 40&#038;euro. d&rsquo;achats<\/p>\n<div>Livraison entre 3 et 5 jours<\/div>\n<p>Mode de paiement s\u00e9.curis\u00e9.s accept\u00e9.s : CARTE BANCAIRE\u00a0. ou\u00a0. PAYPAL<\/p>\n<div>R\u00e9.ception des marchandises : A domicile ou Retrait \u00e0. notre magasin<br \/>Consulter nos<a href=\"http:\/\/www.solene-maroquinerie.fr\/conditions_generales_de_vente.html\" target=\"_self\" title=\"Nos CGV\">\u00a0.conditions g\u00e9.n\u00e9.rales de ventes<\/a><\/div>\n","protected":false},"excerpt":{"rendered":"<p>Caract\u00e9.ristiques du\u00a0.SAC CABAS MOYEN LACOSTE DAILY CITY NOIR Au bureau comme en ville, le cabas Daily City est un essentiel aux lignes modernes et au design \u00e9.pur\u00e9.. Son volume g\u00e9.n\u00e9.reux et ses poches multiples accueillent les essentiels du quotidien et m\u00ea.me un PC 14 pouces. Un classique adapt\u00e9. aux nouveaux styles de vie. Dimensions : [&hellip;]<\/p>\n","protected":false},"featured_media":1874,"comment_status":"open","ping_status":"closed","template":"","meta":[],"product_brand":[25],"product_cat":[23,28],"product_tag":[],"class_list":{"0":"post-1875","1":"product","2":"type-product","3":"status-publish","4":"has-post-thumbnail","6":"product_brand-lacoste","7":"product_cat-femme","8":"product_cat-sac-a-main-2","10":"first","11":"instock","12":"shipping-taxable","13":"purchasable","14":"product-type-simple"},"_links":{"self":[{"href":"https:\/\/solenemaro41.fr\/index.php?rest_route=\/wp\/v2\/product\/1875","targetHints":{"allow":["GET"]}}],"collection":[{"href":"https:\/\/solenemaro41.fr\/index.php?rest_route=\/wp\/v2\/product"}],"about":[{"href":"https:\/\/solenemaro41.fr\/index.php?rest_route=\/wp\/v2\/types\/product"}],"replies":[{"embeddable":true,"href":"https:\/\/solenemaro41.fr\/index.php?rest_route=%2Fwp%2Fv2%2Fcomments&post=1875"}],"wp:featuredmedia":[{"embeddable":true,"href":"https:\/\/solenemaro41.fr\/index.php?rest_route=\/wp\/v2\/media\/1874"}],"wp:attachment":[{"href":"https:\/\/solenemaro41.fr\/index.php?rest_route=%2Fwp%2Fv2%2Fmedia&parent=1875"}],"wp:term":[{"taxonomy":"product_brand","embeddable":true,"href":"https:\/\/solenemaro41.fr\/index.php?rest_route=%2Fwp%2Fv2%2Fproduct_brand&post=1875"},{"taxonomy":"product_cat","embeddable":true,"href":"https:\/\/solenemaro41.fr\/index.php?rest_route=%2Fwp%2Fv2%2Fproduct_cat&post=1875"},{"taxonomy":"product_tag","embeddable":true,"href":"https:\/\/solenemaro41.fr\/index.php?rest_route=%2Fwp%2Fv2%2Fproduct_tag&post=1875"}],"curies":[{"name":"wp","href":"https:\/\/api.w.org\/{rel}","templated":true}]}}