{"id":1877,"date":"2026-04-11T09:38:27","date_gmt":"2026-04-11T07:38:27","guid":{"rendered":"https:\/\/solenemaro41.fr\/?product=sac-a-bandouliere-lacoste-maheki"},"modified":"2026-04-11T09:38:29","modified_gmt":"2026-04-11T07:38:29","slug":"sac-a-bandouliere-lacoste-maheki","status":"publish","type":"product","link":"https:\/\/solenemaro41.fr\/?product=sac-a-bandouliere-lacoste-maheki","title":{"rendered":"SAC A BANDOULIERE LACOSTE MAHEKI"},"content":{"rendered":"<p><strong>Caract\u00e9.ristiques du\u00a0.SAC A BANDOULIERE LACOSTE MAHEKI EN CUIR EMBOSSE NOIR<\/strong><\/p>\n<div>\n<div>La ligne Maheki revisite les codes iconiques Lacoste. Cuir \u00e9.l\u00e9.gant, monogramme emboss\u00e9., crocodile signature font de ce mod\u00e8.le un futur intemporel. Son format pratique multiplie les rangements et un rabat \u00e0. l&#038;rsquo.avant prot\u00e8.ge les essentiels. Sa bandouli\u00e8.re sportive lib\u00e8.re le mouvement.<\/div>\n<ul>\n<li><span>Dimensions\u00a0.: L 21 x H 14,5 x P 9 cm<\/span><\/li>\n<li><span>Ext\u00e9.rieur en cuir emboss\u00e9.<\/span><\/li>\n<li><span>Bandouli\u00e8.re amovible et ajustable entre 78 et 110 cm<\/span><\/li>\n<li><span>3 poches int\u00e9.rieures<\/span><\/li>\n<li><span>Crocodile sur le rabat<\/span><\/li>\n<li><span>Exterieur: Cuir de vachette (100%)<\/span><\/li>\n<\/ul><\/div>\n<p><strong>Informations livraisons<\/strong><\/p>\n<p>Les frais de livraisons sont offerts d\u00e8.s 40&#038;euro. d&rsquo;achats<\/p>\n<div>Livraison entre 3 et 5 jours<\/div>\n<p>Mode de paiement s\u00e9.curis\u00e9.s accept\u00e9.s : CARTE BANCAIRE\u00a0. ou\u00a0. PAYPAL<\/p>\n<div>R\u00e9.ception des marchandises : A domicile ou Retrait \u00e0. notre magasin<br \/>Consulter nos<a href=\"http:\/\/www.solene-maroquinerie.fr\/conditions_generales_de_vente.html\" target=\"_self\" title=\"Nos CGV\">\u00a0.conditions g\u00e9.n\u00e9.rales de ventes<\/a><\/div>\n","protected":false},"excerpt":{"rendered":"<p>Caract\u00e9.ristiques du\u00a0.SAC A BANDOULIERE LACOSTE MAHEKI EN CUIR EMBOSSE NOIR La ligne Maheki revisite les codes iconiques Lacoste. Cuir \u00e9.l\u00e9.gant, monogramme emboss\u00e9., crocodile signature font de ce mod\u00e8.le un futur intemporel. Son format pratique multiplie les rangements et un rabat \u00e0. l&#038;rsquo.avant prot\u00e8.ge les essentiels. Sa bandouli\u00e8.re sportive lib\u00e8.re le mouvement. Dimensions\u00a0.: L 21 x [&hellip;]<\/p>\n","protected":false},"featured_media":128,"comment_status":"open","ping_status":"closed","template":"","meta":[],"product_brand":[25],"product_cat":[24,23],"product_tag":[],"class_list":{"0":"post-1877","1":"product","2":"type-product","3":"status-publish","4":"has-post-thumbnail","6":"product_brand-lacoste","7":"product_cat-divers","8":"product_cat-femme","10":"first","11":"outofstock","12":"shipping-taxable","13":"purchasable","14":"product-type-simple"},"_links":{"self":[{"href":"https:\/\/solenemaro41.fr\/index.php?rest_route=\/wp\/v2\/product\/1877","targetHints":{"allow":["GET"]}}],"collection":[{"href":"https:\/\/solenemaro41.fr\/index.php?rest_route=\/wp\/v2\/product"}],"about":[{"href":"https:\/\/solenemaro41.fr\/index.php?rest_route=\/wp\/v2\/types\/product"}],"replies":[{"embeddable":true,"href":"https:\/\/solenemaro41.fr\/index.php?rest_route=%2Fwp%2Fv2%2Fcomments&post=1877"}],"wp:featuredmedia":[{"embeddable":true,"href":"https:\/\/solenemaro41.fr\/index.php?rest_route=\/wp\/v2\/media\/128"}],"wp:attachment":[{"href":"https:\/\/solenemaro41.fr\/index.php?rest_route=%2Fwp%2Fv2%2Fmedia&parent=1877"}],"wp:term":[{"taxonomy":"product_brand","embeddable":true,"href":"https:\/\/solenemaro41.fr\/index.php?rest_route=%2Fwp%2Fv2%2Fproduct_brand&post=1877"},{"taxonomy":"product_cat","embeddable":true,"href":"https:\/\/solenemaro41.fr\/index.php?rest_route=%2Fwp%2Fv2%2Fproduct_cat&post=1877"},{"taxonomy":"product_tag","embeddable":true,"href":"https:\/\/solenemaro41.fr\/index.php?rest_route=%2Fwp%2Fv2%2Fproduct_tag&post=1877"}],"curies":[{"name":"wp","href":"https:\/\/api.w.org\/{rel}","templated":true}]}}