{"id":1901,"date":"2026-04-11T09:42:14","date_gmt":"2026-04-11T07:42:14","guid":{"rendered":"https:\/\/solenemaro41.fr\/?product=sac-a-dos-cabaia-medium-rabat"},"modified":"2026-04-11T09:42:14","modified_gmt":"2026-04-11T07:42:14","slug":"sac-a-dos-cabaia-medium-rabat","status":"publish","type":"product","link":"https:\/\/solenemaro41.fr\/?product=sac-a-dos-cabaia-medium-rabat","title":{"rendered":"SAC A DOS CABA\u00cfA MEDIUM RABAT"},"content":{"rendered":"<p><span><strong>Descriptif du SAC A DOS CABA\u00cf.A MEDIUM RABAT<\/strong><\/span><\/p>\n<ul>\n<li>Garanti \u00e0. vie<\/li>\n<li>Volume : 23L pour y glisser tous vos essentiels<\/li>\n<li>Syst\u00e8.me MOLLE pour attacher les pochettes avant et lat\u00e9.rales<\/li>\n<li>Compartiment rembourr\u00e9. pour ordinateur 13 pouces<\/li>\n<li>Vegan et d\u00e9.perlant<\/li>\n<li>Sangle attache valise<\/li>\n<li>Bretelles rembourr\u00e9.es et anti-transpirantes<\/li>\n<\/ul>\n<p><strong>Dimensions (23L):\u00a0.<\/strong>27cm (largeur) x 41cm (hauteur) x 16cm (profondeur)<\/p>\n<p><strong>Composition<\/strong><span>\u00a0.:\u00a0.<\/span><br \/><span>Tissu exterieur principal:\u00a0.<span>70% coton recycl\u00e9. et 30% polyester recycl\u00e9.<\/span><\/span><br \/><span>Tissu ext\u00e9.rieur enduit: Polyurethane\u00a0.<\/span><br \/><span>Doublure interieure: 100% Polyester<\/span><\/p>\n<p><span>\u00a0.<a href=\"https:\/\/youtu.be\/fI5vMmxNag0\" target=\"_blank\" title=\"Partager le lien\">https:\/\/youtu.be\/fI5vMmxNag0<\/a><\/span><\/p>\n<h4><span>Informations livraisons<\/span><\/h4>\n<div><span>Les frais de livraisons sont offerts d\u00e8.s 40&#038;euro. d&rsquo;achats<\/span><br \/><span>Livraison entre 3 et 5 jours<\/span><\/div>\n<div><span>Mode de paiement s\u00e9.curis\u00e9.s accept\u00e9.s : CARTE BANCAIRE\u00a0. ou\u00a0. PAYPAL<\/span><br \/><span>R\u00e9.ception des marchandises : A domicile ou Retrait \u00e0. notre magasin<\/span><br \/><span>Consulter nos<a href=\"http:\/\/www.solene-maroquinerie.fr\/conditions_generales_de_vente.html\" target=\"_self\" title=\"Nos CGV\">\u00a0.conditions g\u00e9.n\u00e9.rales de ventes<\/a><\/span><\/div>\n<p>\u00a0.<\/p>\n","protected":false},"excerpt":{"rendered":"<p>Descriptif du SAC A DOS CABA\u00cf.A MEDIUM RABAT Garanti \u00e0. vie Volume : 23L pour y glisser tous vos essentiels Syst\u00e8.me MOLLE pour attacher les pochettes avant et lat\u00e9.rales Compartiment rembourr\u00e9. pour ordinateur 13 pouces Vegan et d\u00e9.perlant Sangle attache valise Bretelles rembourr\u00e9.es et anti-transpirantes Dimensions (23L):\u00a0.27cm (largeur) x 41cm (hauteur) x 16cm (profondeur) Composition\u00a0.:\u00a0.Tissu [&hellip;]<\/p>\n","protected":false},"featured_media":1900,"comment_status":"open","ping_status":"closed","template":"","meta":[],"product_brand":[42],"product_cat":[19,41],"product_tag":[],"class_list":{"0":"post-1901","1":"product","2":"type-product","3":"status-publish","4":"has-post-thumbnail","6":"product_brand-cabaia","7":"product_cat-sac-a-dos","8":"product_cat-sac-a-dos-cabaia-medium","10":"first","11":"instock","12":"shipping-taxable","13":"purchasable","14":"product-type-simple"},"_links":{"self":[{"href":"https:\/\/solenemaro41.fr\/index.php?rest_route=\/wp\/v2\/product\/1901","targetHints":{"allow":["GET"]}}],"collection":[{"href":"https:\/\/solenemaro41.fr\/index.php?rest_route=\/wp\/v2\/product"}],"about":[{"href":"https:\/\/solenemaro41.fr\/index.php?rest_route=\/wp\/v2\/types\/product"}],"replies":[{"embeddable":true,"href":"https:\/\/solenemaro41.fr\/index.php?rest_route=%2Fwp%2Fv2%2Fcomments&post=1901"}],"wp:featuredmedia":[{"embeddable":true,"href":"https:\/\/solenemaro41.fr\/index.php?rest_route=\/wp\/v2\/media\/1900"}],"wp:attachment":[{"href":"https:\/\/solenemaro41.fr\/index.php?rest_route=%2Fwp%2Fv2%2Fmedia&parent=1901"}],"wp:term":[{"taxonomy":"product_brand","embeddable":true,"href":"https:\/\/solenemaro41.fr\/index.php?rest_route=%2Fwp%2Fv2%2Fproduct_brand&post=1901"},{"taxonomy":"product_cat","embeddable":true,"href":"https:\/\/solenemaro41.fr\/index.php?rest_route=%2Fwp%2Fv2%2Fproduct_cat&post=1901"},{"taxonomy":"product_tag","embeddable":true,"href":"https:\/\/solenemaro41.fr\/index.php?rest_route=%2Fwp%2Fv2%2Fproduct_tag&post=1901"}],"curies":[{"name":"wp","href":"https:\/\/api.w.org\/{rel}","templated":true}]}}