{"id":1920,"date":"2026-04-11T09:46:17","date_gmt":"2026-04-11T07:46:17","guid":{"rendered":"https:\/\/solenemaro41.fr\/?product=sac-a-dos-cabaia-small-luxembour"},"modified":"2026-04-11T09:46:17","modified_gmt":"2026-04-11T07:46:17","slug":"sac-a-dos-cabaia-small-luxembour","status":"publish","type":"product","link":"https:\/\/solenemaro41.fr\/?product=sac-a-dos-cabaia-small-luxembour","title":{"rendered":"SAC A DOS CABA\u00cfA SMALL LUXEMBOUR"},"content":{"rendered":"<p>\u00a0.<strong>Descriptif du SAC A DOS CABA\u00cf.A ADVENTURER SMALL LUXEMBOURG<\/strong><\/p>\n<ul>\n<li>Garanti \u00e0. vie<\/li>\n<li>Volume : 12L pour y glisser tous vos essentiels<\/li>\n<li>Syst\u00e8.me MOLLE pour attacher les pochettes avant et lat\u00e9.rales<\/li>\n<li>Compartiment rembourr\u00e9. pour\u00a0.tablette 10pouces<\/li>\n<li>Vegan et d\u00e9.perlant<\/li>\n<li>Sangle attache valise<\/li>\n<li>Bretelles rembourr\u00e9.es et anti-transpirantes<\/li>\n<\/ul>\n<p><strong>Dimensions (12L):\u00a0.<\/strong>23cm (largeur) x 32cm (hauteur) x 13cm (profondeur)<\/p>\n<p><strong>Composition<\/strong><span>\u00a0.:\u00a0.<\/span><br \/><span>Tissu exterieur principal: 100% Polyester<\/span><br \/><span>Tissu ext\u00e9.rieur enduit: 100% Polyurethane\u00a0.<\/span><br \/><span>Doublure interieure: 100% Polyester<\/span><\/p>\n<p>Ce sac est accompagn\u00e9. de 2 poches interchangeables :\u00a0.<span><span>unie \u00ab\u00a0Dusseldorf\u00a0\u00bb et \u00e0. motifs \u00ab\u00a0Rhine Tower\u00a0\u00bb<\/span><\/span><\/p>\n<p>\u00a0.<a href=\"https:\/\/youtu.be\/OGfyOMpejPQ\" target=\"_blank\" title=\"Partager le lien\">https:\/\/youtu.be\/OGfyOMpejPQ<\/a><\/p>\n<h4><strong>Informations livraisons<\/strong><\/h4>\n<div>Les frais de livraisons sont offerts d\u00e8.s 40&#038;euro. d&rsquo;achats<br \/>Livraison entre 3 et 5 jours<\/div>\n<div>Mode de paiement s\u00e9.curis\u00e9.s accept\u00e9.s : CARTE BANCAIRE\u00a0. ou\u00a0. PAYPAL<br \/>R\u00e9.ception des marchandises : A domicile ou Retrait \u00e0. notre magasin<br \/>Consulter nos<a href=\"http:\/\/www.solene-maroquinerie.fr\/conditions_generales_de_vente.html\" target=\"_self\" title=\"Nos CGV\">\u00a0.conditions g\u00e9.n\u00e9.rales de ventes<\/a><\/div>\n<p>\u00a0.<\/p>\n","protected":false},"excerpt":{"rendered":"<p>\u00a0.Descriptif du SAC A DOS CABA\u00cf.A ADVENTURER SMALL LUXEMBOURG Garanti \u00e0. vie Volume : 12L pour y glisser tous vos essentiels Syst\u00e8.me MOLLE pour attacher les pochettes avant et lat\u00e9.rales Compartiment rembourr\u00e9. pour\u00a0.tablette 10pouces Vegan et d\u00e9.perlant Sangle attache valise Bretelles rembourr\u00e9.es et anti-transpirantes Dimensions (12L):\u00a0.23cm (largeur) x 32cm (hauteur) x 13cm (profondeur) Composition\u00a0.:\u00a0.Tissu exterieur [&hellip;]<\/p>\n","protected":false},"featured_media":1919,"comment_status":"open","ping_status":"closed","template":"","meta":[],"product_brand":[42],"product_cat":[19,44],"product_tag":[],"class_list":{"0":"post-1920","1":"product","2":"type-product","3":"status-publish","4":"has-post-thumbnail","6":"product_brand-cabaia","7":"product_cat-sac-a-dos","8":"product_cat-sac-a-dos-cabaia-small","10":"first","11":"instock","12":"shipping-taxable","13":"purchasable","14":"product-type-simple"},"_links":{"self":[{"href":"https:\/\/solenemaro41.fr\/index.php?rest_route=\/wp\/v2\/product\/1920","targetHints":{"allow":["GET"]}}],"collection":[{"href":"https:\/\/solenemaro41.fr\/index.php?rest_route=\/wp\/v2\/product"}],"about":[{"href":"https:\/\/solenemaro41.fr\/index.php?rest_route=\/wp\/v2\/types\/product"}],"replies":[{"embeddable":true,"href":"https:\/\/solenemaro41.fr\/index.php?rest_route=%2Fwp%2Fv2%2Fcomments&post=1920"}],"wp:featuredmedia":[{"embeddable":true,"href":"https:\/\/solenemaro41.fr\/index.php?rest_route=\/wp\/v2\/media\/1919"}],"wp:attachment":[{"href":"https:\/\/solenemaro41.fr\/index.php?rest_route=%2Fwp%2Fv2%2Fmedia&parent=1920"}],"wp:term":[{"taxonomy":"product_brand","embeddable":true,"href":"https:\/\/solenemaro41.fr\/index.php?rest_route=%2Fwp%2Fv2%2Fproduct_brand&post=1920"},{"taxonomy":"product_cat","embeddable":true,"href":"https:\/\/solenemaro41.fr\/index.php?rest_route=%2Fwp%2Fv2%2Fproduct_cat&post=1920"},{"taxonomy":"product_tag","embeddable":true,"href":"https:\/\/solenemaro41.fr\/index.php?rest_route=%2Fwp%2Fv2%2Fproduct_tag&post=1920"}],"curies":[{"name":"wp","href":"https:\/\/api.w.org\/{rel}","templated":true}]}}