{"id":1988,"date":"2026-04-11T09:56:15","date_gmt":"2026-04-11T07:56:15","guid":{"rendered":"https:\/\/solenemaro41.fr\/?product=sac-a-bandouliere-anekke-memorie"},"modified":"2026-04-11T09:56:15","modified_gmt":"2026-04-11T07:56:15","slug":"sac-a-bandouliere-anekke-memorie","status":"publish","type":"product","link":"https:\/\/solenemaro41.fr\/?product=sac-a-bandouliere-anekke-memorie","title":{"rendered":"SAC A BANDOULIERE ANEKKE MEMORIE"},"content":{"rendered":"<p><strong>Caract\u00e9.ristiques SAC A BANDOULIERE OVAL ANEKKE MEMORIES<\/strong><\/p>\n<p><span>Anekke Memories est une collection construite autour des souvenirs d&#038;rsquo.Anekke. C&#038;rsquo.est un voyage \u00e0. travers certaines des collections les plus embl\u00e9.matiques de la marque, repr\u00e9.sent\u00e9.es sur cet imprim\u00e9. frontal avec des clins d&#038;rsquo.&#038;oelig.il \u00e0. leurs \u00e9.l\u00e9.ments caract\u00e9.ristiques. Un phare de Mediterranean, le soleil et les \u00e9.toiles de Universe, la valise de Travel ou les livres de Jane vous feront voyager dans les souvenirs d&#038;rsquo.Anekke. \u00ca.tes-vous pr\u00ea.te \u00e0. commencer ce voyage vers le pass\u00e9. d&#038;rsquo.Anekke ? Plus vous regarderez cet imprim\u00e9., plus vous d\u00e9.couvrirez de collections. Commencez ici votre voyage dans le pass\u00e9. d&#038;rsquo.Anekke ! Ce sac avec fermeture porte-monnaie de taille moyenne \u00e0. grande poss\u00e8.de une poche \u00e0. l&#038;rsquo.arri\u00e8.re. Il comporte deux anses et une bandouli\u00e8.re amovible r\u00e9.glable en longueur. L&#038;rsquo.int\u00e9.rieur est doubl\u00e9. et inclut des poches.<\/span><\/p>\n<ul>\n<li>Fermeture \u00e9.clair<\/li>\n<li>1 poche arri\u00e8.re zipp\u00e9.e<\/li>\n<li>2 poches int\u00e9.rieures dont une zipp\u00e9.e<\/li>\n<\/ul>\n<p>Dimensions<\/p>\n<ul>\n<li>32 x 19 x 8 cm<\/li>\n<\/ul>\n<p>Mati\u00e8.re<\/p>\n<ul>\n<li>Synth\u00e9.tique 100% PU<\/li>\n<li>Doublure 100% Polyester<\/li>\n<\/ul>\n<p><strong>Informations livraisons<\/strong><\/p>\n<div>Les frais de livraisons sont offerts d\u00e8.s 40&#038;euro. d&rsquo;achats<br \/>Livraison entre 3 et 5 jours<\/div>\n<div>Mode de paiement s\u00e9.curis\u00e9.s accept\u00e9.s : CARTE BANCAIRE\u00a0. ou\u00a0. PAYPAL<br \/>R\u00e9.ception des marchandises : A domicile ou Retrait \u00e0. notre magasin<br \/>Consulter nos<a href=\"https:\/\/www.solene-maroquinerie.fr\/conditions_generales_de_vente.html\" target=\"_self\" title=\"Nos CGV\">\u00a0.conditions g\u00e9.n\u00e9.rales de ventes<\/a><\/div>\n<p>\u00a0.<\/p>\n","protected":false},"excerpt":{"rendered":"<p>Caract\u00e9.ristiques SAC A BANDOULIERE OVAL ANEKKE MEMORIES Anekke Memories est une collection construite autour des souvenirs d&#038;rsquo.Anekke. C&#038;rsquo.est un voyage \u00e0. travers certaines des collections les plus embl\u00e9.matiques de la marque, repr\u00e9.sent\u00e9.es sur cet imprim\u00e9. frontal avec des clins d&#038;rsquo.&#038;oelig.il \u00e0. leurs \u00e9.l\u00e9.ments caract\u00e9.ristiques. Un phare de Mediterranean, le soleil et les \u00e9.toiles de Universe, [&hellip;]<\/p>\n","protected":false},"featured_media":129,"comment_status":"open","ping_status":"closed","template":"","meta":[],"product_brand":[81],"product_cat":[28,80],"product_tag":[],"class_list":{"0":"post-1988","1":"product","2":"type-product","3":"status-publish","4":"has-post-thumbnail","6":"product_brand-anekke","7":"product_cat-sac-a-main-2","8":"product_cat-sac-a-main-anekke","10":"first","11":"instock","12":"shipping-taxable","13":"purchasable","14":"product-type-simple"},"_links":{"self":[{"href":"https:\/\/solenemaro41.fr\/index.php?rest_route=\/wp\/v2\/product\/1988","targetHints":{"allow":["GET"]}}],"collection":[{"href":"https:\/\/solenemaro41.fr\/index.php?rest_route=\/wp\/v2\/product"}],"about":[{"href":"https:\/\/solenemaro41.fr\/index.php?rest_route=\/wp\/v2\/types\/product"}],"replies":[{"embeddable":true,"href":"https:\/\/solenemaro41.fr\/index.php?rest_route=%2Fwp%2Fv2%2Fcomments&post=1988"}],"wp:featuredmedia":[{"embeddable":true,"href":"https:\/\/solenemaro41.fr\/index.php?rest_route=\/wp\/v2\/media\/129"}],"wp:attachment":[{"href":"https:\/\/solenemaro41.fr\/index.php?rest_route=%2Fwp%2Fv2%2Fmedia&parent=1988"}],"wp:term":[{"taxonomy":"product_brand","embeddable":true,"href":"https:\/\/solenemaro41.fr\/index.php?rest_route=%2Fwp%2Fv2%2Fproduct_brand&post=1988"},{"taxonomy":"product_cat","embeddable":true,"href":"https:\/\/solenemaro41.fr\/index.php?rest_route=%2Fwp%2Fv2%2Fproduct_cat&post=1988"},{"taxonomy":"product_tag","embeddable":true,"href":"https:\/\/solenemaro41.fr\/index.php?rest_route=%2Fwp%2Fv2%2Fproduct_tag&post=1988"}],"curies":[{"name":"wp","href":"https:\/\/api.w.org\/{rel}","templated":true}]}}