{"id":2034,"date":"2026-04-11T10:06:04","date_gmt":"2026-04-11T08:06:04","guid":{"rendered":"https:\/\/solenemaro41.fr\/?product=sac-porte-main-selma-valentino"},"modified":"2026-04-11T10:06:05","modified_gmt":"2026-04-11T08:06:05","slug":"sac-porte-main-selma-valentino","status":"publish","type":"product","link":"https:\/\/solenemaro41.fr\/?product=sac-porte-main-selma-valentino","title":{"rendered":"Sac port\u00e9 main Selma VALENTINO"},"content":{"rendered":"<p><strong>Caract\u00e9.ristiques du Sac port\u00e9. main Selma re VALENTINO noir<\/strong><\/p>\n<ul>\n<li>Fermeture rabat \u00e0. pression<\/li>\n<li>Un compartiment zipp\u00e9.<\/li>\n<li>Deux anses de portage<\/li>\n<li>Avec la longue bandouli\u00e8.re amovible et r\u00e9.glable<\/li>\n<li>Se porte \u00e0. la main ou en crois\u00e9.<\/li>\n<\/ul>\n<p>Informations compl\u00e9.mentaires :\u00a0.<\/p>\n<ul>\n<li>Dimensions :\u00a0.H21.5 x L31 x l13 cm<\/li>\n<li>Poids :\u00a0.0.780 Kg<\/li>\n<li>Finitions :\u00a0.M\u00e9.tal dor\u00e9.<\/li>\n<li>Mati\u00e8.re :\u00a0.100% POLYURETHANE<\/li>\n<li>Doublure :\u00a0.100% POLYESTER<\/li>\n<\/ul>\n<p><strong>Informations livraisons<\/strong><\/p>\n<div>Les frais de livraisons sont offerts d\u00e8.s 40&#038;euro. d&rsquo;achats<br \/>Livraison entre 3 et 5 jours<\/div>\n<div>Mode de paiement s\u00e9.curis\u00e9.s accept\u00e9.s : CARTE BANCAIRE\u00a0. ou\u00a0. PAYPAL<br \/>R\u00e9.ception des marchandises : A domicile ou Retrait \u00e0. notre magasin<br \/>Consulter nos<a href=\"https:\/\/www.solene-maroquinerie.fr\/conditions_generales_de_vente.html\" target=\"_self\" title=\"Nos CGV\">\u00a0.conditions g\u00e9.n\u00e9.rales de ventes<\/a><\/div>\n","protected":false},"excerpt":{"rendered":"<p>Caract\u00e9.ristiques du Sac port\u00e9. main Selma re VALENTINO noir Fermeture rabat \u00e0. pression Un compartiment zipp\u00e9. Deux anses de portage Avec la longue bandouli\u00e8.re amovible et r\u00e9.glable Se porte \u00e0. la main ou en crois\u00e9. Informations compl\u00e9.mentaires :\u00a0. Dimensions :\u00a0.H21.5 x L31 x l13 cm Poids :\u00a0.0.780 Kg Finitions :\u00a0.M\u00e9.tal dor\u00e9. Mati\u00e8.re :\u00a0.100% POLYURETHANE Doublure [&hellip;]<\/p>\n","protected":false},"featured_media":290,"comment_status":"open","ping_status":"closed","template":"","meta":[],"product_brand":[84],"product_cat":[24,83],"product_tag":[],"class_list":{"0":"post-2034","1":"product","2":"type-product","3":"status-publish","4":"has-post-thumbnail","6":"product_brand-valentino-by-mario-valentino","7":"product_cat-divers","8":"product_cat-valentino-by-mario-valentino-valentino-by-mario-valentino","10":"first","11":"instock","12":"shipping-taxable","13":"purchasable","14":"product-type-simple"},"_links":{"self":[{"href":"https:\/\/solenemaro41.fr\/index.php?rest_route=\/wp\/v2\/product\/2034","targetHints":{"allow":["GET"]}}],"collection":[{"href":"https:\/\/solenemaro41.fr\/index.php?rest_route=\/wp\/v2\/product"}],"about":[{"href":"https:\/\/solenemaro41.fr\/index.php?rest_route=\/wp\/v2\/types\/product"}],"replies":[{"embeddable":true,"href":"https:\/\/solenemaro41.fr\/index.php?rest_route=%2Fwp%2Fv2%2Fcomments&post=2034"}],"wp:featuredmedia":[{"embeddable":true,"href":"https:\/\/solenemaro41.fr\/index.php?rest_route=\/wp\/v2\/media\/290"}],"wp:attachment":[{"href":"https:\/\/solenemaro41.fr\/index.php?rest_route=%2Fwp%2Fv2%2Fmedia&parent=2034"}],"wp:term":[{"taxonomy":"product_brand","embeddable":true,"href":"https:\/\/solenemaro41.fr\/index.php?rest_route=%2Fwp%2Fv2%2Fproduct_brand&post=2034"},{"taxonomy":"product_cat","embeddable":true,"href":"https:\/\/solenemaro41.fr\/index.php?rest_route=%2Fwp%2Fv2%2Fproduct_cat&post=2034"},{"taxonomy":"product_tag","embeddable":true,"href":"https:\/\/solenemaro41.fr\/index.php?rest_route=%2Fwp%2Fv2%2Fproduct_tag&post=2034"}],"curies":[{"name":"wp","href":"https:\/\/api.w.org\/{rel}","templated":true}]}}