{"id":2075,"date":"2026-04-11T10:06:59","date_gmt":"2026-04-11T08:06:59","guid":{"rendered":"https:\/\/solenemaro41.fr\/?product=petit-sac-a-main-zero-valentino-2"},"modified":"2026-04-11T10:07:03","modified_gmt":"2026-04-11T08:07:03","slug":"petit-sac-a-main-zero-valentino-2","status":"publish","type":"product","link":"https:\/\/solenemaro41.fr\/?product=petit-sac-a-main-zero-valentino-2","title":{"rendered":"Petit sac \u00e0 main Zero VALENTINO"},"content":{"rendered":"<p><strong>Caract\u00e9.ristiques du Petit sac \u00e0. main Zero re VALENTINO Blanc<\/strong><\/p>\n<ul>\n<li>Fermeture rabat \u00e0. pression<\/li>\n<li>Un compartiment zipp\u00e9.<\/li>\n<li>Deux anses de portage<\/li>\n<li>Avec la longue bandouli\u00e8.re amovible et r\u00e9.glable<\/li>\n<li>Se porte \u00e0. la main ou en crois\u00e9.<\/li>\n<\/ul>\n<p>Informations compl\u00e9.mentaires :\u00a0.<\/p>\n<ul>\n<li>Dimensions :\u00a0.H14.5 x L20 x l9 cm<\/li>\n<li>Poids :\u00a0.0.650 Kg<\/li>\n<li>Finitions :\u00a0.M\u00e9.tal dor\u00e9.<\/li>\n<li>Mati\u00e8.re :\u00a0.100% POLYURETHANE RECYCL\u00c9.<\/li>\n<li>Doublure :\u00a0.100% POLYESTER\u00a0.RECYCL\u00c9.<\/li>\n<\/ul>\n<p><strong>Informations livraisons<\/strong><\/p>\n<div>Les frais de livraisons sont offerts d\u00e8.s 40&#038;euro. d&rsquo;achats<br \/>Livraison entre 3 et 5 jours<\/div>\n<div>Mode de paiement s\u00e9.curis\u00e9.s accept\u00e9.s : CARTE BANCAIRE\u00a0. ou\u00a0. PAYPAL<br \/>R\u00e9.ception des marchandises : A domicile ou Retrait \u00e0. notre magasin<br \/>Consulter nos<a href=\"https:\/\/www.solene-maroquinerie.fr\/conditions_generales_de_vente.html\" target=\"_self\" title=\"Nos CGV\">\u00a0.conditions g\u00e9.n\u00e9.rales de ventes<\/a><\/div>\n","protected":false},"excerpt":{"rendered":"<p>Caract\u00e9.ristiques du Petit sac \u00e0. main Zero re VALENTINO Blanc Fermeture rabat \u00e0. pression Un compartiment zipp\u00e9. Deux anses de portage Avec la longue bandouli\u00e8.re amovible et r\u00e9.glable Se porte \u00e0. la main ou en crois\u00e9. Informations compl\u00e9.mentaires :\u00a0. Dimensions :\u00a0.H14.5 x L20 x l9 cm Poids :\u00a0.0.650 Kg Finitions :\u00a0.M\u00e9.tal dor\u00e9. Mati\u00e8.re :\u00a0.100% POLYURETHANE [&hellip;]<\/p>\n","protected":false},"featured_media":2074,"comment_status":"open","ping_status":"closed","template":"","meta":[],"product_brand":[84],"product_cat":[24,83],"product_tag":[],"class_list":{"0":"post-2075","1":"product","2":"type-product","3":"status-publish","4":"has-post-thumbnail","6":"product_brand-valentino-by-mario-valentino","7":"product_cat-divers","8":"product_cat-valentino-by-mario-valentino-valentino-by-mario-valentino","10":"first","11":"instock","12":"shipping-taxable","13":"purchasable","14":"product-type-simple"},"_links":{"self":[{"href":"https:\/\/solenemaro41.fr\/index.php?rest_route=\/wp\/v2\/product\/2075","targetHints":{"allow":["GET"]}}],"collection":[{"href":"https:\/\/solenemaro41.fr\/index.php?rest_route=\/wp\/v2\/product"}],"about":[{"href":"https:\/\/solenemaro41.fr\/index.php?rest_route=\/wp\/v2\/types\/product"}],"replies":[{"embeddable":true,"href":"https:\/\/solenemaro41.fr\/index.php?rest_route=%2Fwp%2Fv2%2Fcomments&post=2075"}],"wp:featuredmedia":[{"embeddable":true,"href":"https:\/\/solenemaro41.fr\/index.php?rest_route=\/wp\/v2\/media\/2074"}],"wp:attachment":[{"href":"https:\/\/solenemaro41.fr\/index.php?rest_route=%2Fwp%2Fv2%2Fmedia&parent=2075"}],"wp:term":[{"taxonomy":"product_brand","embeddable":true,"href":"https:\/\/solenemaro41.fr\/index.php?rest_route=%2Fwp%2Fv2%2Fproduct_brand&post=2075"},{"taxonomy":"product_cat","embeddable":true,"href":"https:\/\/solenemaro41.fr\/index.php?rest_route=%2Fwp%2Fv2%2Fproduct_cat&post=2075"},{"taxonomy":"product_tag","embeddable":true,"href":"https:\/\/solenemaro41.fr\/index.php?rest_route=%2Fwp%2Fv2%2Fproduct_tag&post=2075"}],"curies":[{"name":"wp","href":"https:\/\/api.w.org\/{rel}","templated":true}]}}