{"id":2241,"date":"2026-04-11T10:37:03","date_gmt":"2026-04-11T08:37:03","guid":{"rendered":"https:\/\/solenemaro41.fr\/?product=vanity-cabaia-rhodes"},"modified":"2026-04-11T10:37:28","modified_gmt":"2026-04-11T08:37:28","slug":"vanity-cabaia-rhodes","status":"publish","type":"product","link":"https:\/\/solenemaro41.fr\/?product=vanity-cabaia-rhodes","title":{"rendered":"VANITY CABAIA RHODES"},"content":{"rendered":"<p><strong>Descriptif du VANITY CABAIA RHODES<\/strong><\/p>\n<ul>\n<li>Ouverture \u00e0. plat pour une visibilit\u00e9. compl\u00e8.te<\/li>\n<li>\u00c9.lastiques et compartiments pour maintenir les flacons<\/li>\n<li>S\u00e9.parateur pour segmenter les produits<\/li>\n<li>Bandouli\u00e8.re et poign\u00e9.e rembourr\u00e9.e<\/li>\n<li>Poche filet d\u00e9.perlante et accessible par le haut<\/li>\n<li>Syst\u00e8.me MOLLE pour attacher les pochettes avant<\/li>\n<li>Sangle attache valise<\/li>\n<li>Poids : <span>0,81kg<\/span><\/li>\n<\/ul>\n<p>Ce Vanity est accompagn\u00e9. d&rsquo;une poche interchangeable et d&rsquo;une bandouli\u00e8.re.<\/p>\n<p><strong>Dimensions :\u00a0.<\/strong><span>30,5 cm x 21 cm x 15 cm<\/span><\/p>\n<p><strong>Composition<\/strong>\u00a0.:\u00a0.<br \/><span>Tissu ext\u00e9.rieur principal: 100% Polyester\u00a0.<\/span><br \/><span>Rev\u00ea.tement int\u00e9.rieur imperm\u00e9.able: 100% Polyur\u00e9.thane thermoplastique<\/span><br \/><span>Doublure int\u00e9.rieure : 100% Polyester recycl\u00e9.<\/span><\/p>\n<h4>Informations livraisons<\/h4>\n<div>Les frais de livraisons sont offerts d\u00e8.s 40&#038;euro. d&rsquo;achats<br \/>Livraison entre 2 et 5 jours<\/div>\n<div>Mode de paiement s\u00e9.curis\u00e9.s accept\u00e9.s : CARTE BANCAIRE\u00a0. ou\u00a0. PAYPAL<br \/>R\u00e9.ception des marchandises : A domicile ou Retrait \u00e0. notre magasin<br \/>Consulter nos<a href=\"http:\/\/www.solene-maroquinerie.fr\/conditions_generales_de_vente.html\" target=\"_self\" title=\"Nos CGV\">\u00a0.conditions g\u00e9.n\u00e9.rales de ventes<\/a><\/div>\n","protected":false},"excerpt":{"rendered":"<p>Descriptif du VANITY CABAIA RHODES Ouverture \u00e0. plat pour une visibilit\u00e9. compl\u00e8.te \u00c9.lastiques et compartiments pour maintenir les flacons S\u00e9.parateur pour segmenter les produits Bandouli\u00e8.re et poign\u00e9.e rembourr\u00e9.e Poche filet d\u00e9.perlante et accessible par le haut Syst\u00e8.me MOLLE pour attacher les pochettes avant Sangle attache valise Poids : 0,81kg Ce Vanity est accompagn\u00e9. d&rsquo;une poche [&hellip;]<\/p>\n","protected":false},"featured_media":180,"comment_status":"open","ping_status":"closed","template":"","meta":[],"product_brand":[42],"product_cat":[24,85],"product_tag":[],"class_list":{"0":"post-2241","1":"product","2":"type-product","3":"status-publish","4":"has-post-thumbnail","6":"product_brand-cabaia","7":"product_cat-divers","8":"product_cat-vanity-cabaia","10":"first","11":"instock","12":"shipping-taxable","13":"purchasable","14":"product-type-simple"},"_links":{"self":[{"href":"https:\/\/solenemaro41.fr\/index.php?rest_route=\/wp\/v2\/product\/2241","targetHints":{"allow":["GET"]}}],"collection":[{"href":"https:\/\/solenemaro41.fr\/index.php?rest_route=\/wp\/v2\/product"}],"about":[{"href":"https:\/\/solenemaro41.fr\/index.php?rest_route=\/wp\/v2\/types\/product"}],"replies":[{"embeddable":true,"href":"https:\/\/solenemaro41.fr\/index.php?rest_route=%2Fwp%2Fv2%2Fcomments&post=2241"}],"wp:featuredmedia":[{"embeddable":true,"href":"https:\/\/solenemaro41.fr\/index.php?rest_route=\/wp\/v2\/media\/180"}],"wp:attachment":[{"href":"https:\/\/solenemaro41.fr\/index.php?rest_route=%2Fwp%2Fv2%2Fmedia&parent=2241"}],"wp:term":[{"taxonomy":"product_brand","embeddable":true,"href":"https:\/\/solenemaro41.fr\/index.php?rest_route=%2Fwp%2Fv2%2Fproduct_brand&post=2241"},{"taxonomy":"product_cat","embeddable":true,"href":"https:\/\/solenemaro41.fr\/index.php?rest_route=%2Fwp%2Fv2%2Fproduct_cat&post=2241"},{"taxonomy":"product_tag","embeddable":true,"href":"https:\/\/solenemaro41.fr\/index.php?rest_route=%2Fwp%2Fv2%2Fproduct_tag&post=2241"}],"curies":[{"name":"wp","href":"https:\/\/api.w.org\/{rel}","templated":true}]}}