{"id":2253,"date":"2026-04-11T10:38:36","date_gmt":"2026-04-11T08:38:36","guid":{"rendered":"https:\/\/solenemaro41.fr\/?product=cartable-tanns-herisson-tartine"},"modified":"2026-04-11T10:38:38","modified_gmt":"2026-04-11T08:38:38","slug":"cartable-tanns-herisson-tartine","status":"publish","type":"product","link":"https:\/\/solenemaro41.fr\/?product=cartable-tanns-herisson-tartine","title":{"rendered":"CARTABLE TANN&rsquo;S HERISSON TARTINE"},"content":{"rendered":"<p><strong>Caract\u00e9.ristiques du CARTABLE TANN&rsquo;S 33CM HERISSON TANN&rsquo;S x TARTINE ET CHOCOLAT<\/strong><\/p>\n<p><span><span>D\u00e9.couvrez la collaboration Tann&#038;rsquo.s x Tartine et Chocolat sp\u00e9.cialement pens\u00e9.e pour les tout-petits ! Enti\u00e8.rement d\u00e9.di\u00e9.es \u00e0. l&#038;rsquo.univers de l&#038;rsquo.enfant, les deux marques associent leurs savoir-faire pour vous proposer des mod\u00e8.les exclusifs et raffin\u00e9.s. Le cartable H\u00e9.risson met en lumi\u00e8.re l&#038;rsquo.animal phare de Tartine et Chocolat : L\u00e9.on le h\u00e9.risson. Sur un joli velours c\u00f4.tel\u00e9. marine, le h\u00e9.risson est brod\u00e9. dans des teintes camel et est agr\u00e9.ment\u00e9. d&#038;rsquo.une mati\u00e8.re douce qui apporte une d\u00e9.licate touche de tendresse.<\/span><\/span><\/p>\n<p><strong>Dimensions :<\/strong><\/p>\n<ul>\n<li>33cm x 28cm x 12cm<\/li>\n<li>11 Litres<\/li>\n<\/ul>\n<p><strong>Poids :<\/strong><\/p>\n<ul>\n<li>0,58 Kg<\/li>\n<\/ul>\n<p><strong>Informations livraisons<\/strong><\/p>\n<p>Les frais de livraisons sont offerts d\u00e8.s 40&#038;euro. d&rsquo;achats<\/p>\n<div>Livraison entre 3 et 5 jours<\/div>\n<p>Mode de paiement s\u00e9.curis\u00e9.s accept\u00e9.s : CARTE BANCAIRE\u00a0. ou\u00a0. PAYPAL<\/p>\n<div>R\u00e9.ception des marchandises : A domicile ou Retrait \u00e0. notre magasin<\/div>\n<div>Consulter nos<a href=\"https:\/\/www.solene-maroquinerie.fr\/conditions_generales_de_vente.html\" target=\"_self\" title=\"Nos CGV\">\u00a0.conditions g\u00e9.n\u00e9.rales de ventes<\/a><\/div>\n","protected":false},"excerpt":{"rendered":"<p>Caract\u00e9.ristiques du CARTABLE TANN&rsquo;S 33CM HERISSON TANN&rsquo;S x TARTINE ET CHOCOLAT D\u00e9.couvrez la collaboration Tann&#038;rsquo.s x Tartine et Chocolat sp\u00e9.cialement pens\u00e9.e pour les tout-petits ! Enti\u00e8.rement d\u00e9.di\u00e9.es \u00e0. l&#038;rsquo.univers de l&#038;rsquo.enfant, les deux marques associent leurs savoir-faire pour vous proposer des mod\u00e8.les exclusifs et raffin\u00e9.s. Le cartable H\u00e9.risson met en lumi\u00e8.re l&#038;rsquo.animal phare de Tartine [&hellip;]<\/p>\n","protected":false},"featured_media":267,"comment_status":"open","ping_status":"closed","template":"","meta":[],"product_brand":[38],"product_cat":[36,37],"product_tag":[],"class_list":{"0":"post-2253","1":"product","2":"type-product","3":"status-publish","4":"has-post-thumbnail","6":"product_brand-tanns","7":"product_cat-cartable-tanns-35cm","8":"product_cat-cartables","10":"first","11":"instock","12":"shipping-taxable","13":"purchasable","14":"product-type-simple"},"_links":{"self":[{"href":"https:\/\/solenemaro41.fr\/index.php?rest_route=\/wp\/v2\/product\/2253","targetHints":{"allow":["GET"]}}],"collection":[{"href":"https:\/\/solenemaro41.fr\/index.php?rest_route=\/wp\/v2\/product"}],"about":[{"href":"https:\/\/solenemaro41.fr\/index.php?rest_route=\/wp\/v2\/types\/product"}],"replies":[{"embeddable":true,"href":"https:\/\/solenemaro41.fr\/index.php?rest_route=%2Fwp%2Fv2%2Fcomments&post=2253"}],"wp:featuredmedia":[{"embeddable":true,"href":"https:\/\/solenemaro41.fr\/index.php?rest_route=\/wp\/v2\/media\/267"}],"wp:attachment":[{"href":"https:\/\/solenemaro41.fr\/index.php?rest_route=%2Fwp%2Fv2%2Fmedia&parent=2253"}],"wp:term":[{"taxonomy":"product_brand","embeddable":true,"href":"https:\/\/solenemaro41.fr\/index.php?rest_route=%2Fwp%2Fv2%2Fproduct_brand&post=2253"},{"taxonomy":"product_cat","embeddable":true,"href":"https:\/\/solenemaro41.fr\/index.php?rest_route=%2Fwp%2Fv2%2Fproduct_cat&post=2253"},{"taxonomy":"product_tag","embeddable":true,"href":"https:\/\/solenemaro41.fr\/index.php?rest_route=%2Fwp%2Fv2%2Fproduct_tag&post=2253"}],"curies":[{"name":"wp","href":"https:\/\/api.w.org\/{rel}","templated":true}]}}