{"id":2277,"date":"2026-04-11T10:39:08","date_gmt":"2026-04-11T08:39:08","guid":{"rendered":"https:\/\/solenemaro41.fr\/?product=cartable-tanns-38cm-marius-bleu"},"modified":"2026-04-11T10:39:13","modified_gmt":"2026-04-11T08:39:13","slug":"cartable-tanns-38cm-marius-bleu","status":"publish","type":"product","link":"https:\/\/solenemaro41.fr\/?product=cartable-tanns-38cm-marius-bleu","title":{"rendered":"CARTABLE TANN&rsquo;S 38cm MARIUS BLEU"},"content":{"rendered":"<p><strong>Caract\u00e9.ristiques du CARTABLE TANN&rsquo;S 38cm MARIUS BLEU<\/strong><\/p>\n<p>Un cartable qui marie aventure et style r\u00e9.tro avec ses dinosaures color\u00e9.s sur une map du monde. Spacieux et r\u00e9.sistant, il est parfait pour les explorateurs des temps modernes.<\/p>\n<p><strong>Dimensions :<\/strong><\/p>\n<ul>\n<li><span>38cm x 29cm x 15cm<\/span><\/li>\n<li><span>17 Litres<\/span><\/li>\n<\/ul>\n<p><strong>Poids :<\/strong><\/p>\n<ul>\n<li>0,850 Kg<\/li>\n<\/ul>\n<p><strong>Informations livraisons<\/strong><\/p>\n<p>Les frais de livraisons sont offerts d\u00e8.s 40&#038;euro. d&rsquo;achats<\/p>\n<div>Livraison entre 3 et 5 jours<\/div>\n<p>Mode de paiement s\u00e9.curis\u00e9.s accept\u00e9.s : CARTE BANCAIRE\u00a0. ou\u00a0. PAYPAL<\/p>\n<div>R\u00e9.ception des marchandises : A domicile ou Retrait \u00e0. notre magasin<\/div>\n<div>Consulter nos<a href=\"https:\/\/www.solene-maroquinerie.fr\/conditions_generales_de_vente.html\" target=\"_self\" title=\"Nos CGV\">\u00a0.conditions g\u00e9.n\u00e9.rales de ventes<\/a><\/div>\n<p>\u00a0.<\/p>\n","protected":false},"excerpt":{"rendered":"<p>Caract\u00e9.ristiques du CARTABLE TANN&rsquo;S 38cm MARIUS BLEU Un cartable qui marie aventure et style r\u00e9.tro avec ses dinosaures color\u00e9.s sur une map du monde. Spacieux et r\u00e9.sistant, il est parfait pour les explorateurs des temps modernes. Dimensions : 38cm x 29cm x 15cm 17 Litres Poids : 0,850 Kg Informations livraisons Les frais de livraisons [&hellip;]<\/p>\n","protected":false},"featured_media":2276,"comment_status":"open","ping_status":"closed","template":"","meta":[],"product_brand":[38],"product_cat":[39,37],"product_tag":[],"class_list":{"0":"post-2277","1":"product","2":"type-product","3":"status-publish","4":"has-post-thumbnail","6":"product_brand-tanns","7":"product_cat-cartable-tanns-38cm","8":"product_cat-cartables","10":"first","11":"instock","12":"shipping-taxable","13":"purchasable","14":"product-type-simple"},"_links":{"self":[{"href":"https:\/\/solenemaro41.fr\/index.php?rest_route=\/wp\/v2\/product\/2277","targetHints":{"allow":["GET"]}}],"collection":[{"href":"https:\/\/solenemaro41.fr\/index.php?rest_route=\/wp\/v2\/product"}],"about":[{"href":"https:\/\/solenemaro41.fr\/index.php?rest_route=\/wp\/v2\/types\/product"}],"replies":[{"embeddable":true,"href":"https:\/\/solenemaro41.fr\/index.php?rest_route=%2Fwp%2Fv2%2Fcomments&post=2277"}],"wp:featuredmedia":[{"embeddable":true,"href":"https:\/\/solenemaro41.fr\/index.php?rest_route=\/wp\/v2\/media\/2276"}],"wp:attachment":[{"href":"https:\/\/solenemaro41.fr\/index.php?rest_route=%2Fwp%2Fv2%2Fmedia&parent=2277"}],"wp:term":[{"taxonomy":"product_brand","embeddable":true,"href":"https:\/\/solenemaro41.fr\/index.php?rest_route=%2Fwp%2Fv2%2Fproduct_brand&post=2277"},{"taxonomy":"product_cat","embeddable":true,"href":"https:\/\/solenemaro41.fr\/index.php?rest_route=%2Fwp%2Fv2%2Fproduct_cat&post=2277"},{"taxonomy":"product_tag","embeddable":true,"href":"https:\/\/solenemaro41.fr\/index.php?rest_route=%2Fwp%2Fv2%2Fproduct_tag&post=2277"}],"curies":[{"name":"wp","href":"https:\/\/api.w.org\/{rel}","templated":true}]}}