{"id":2297,"date":"2026-04-11T10:39:49","date_gmt":"2026-04-11T08:39:49","guid":{"rendered":"https:\/\/solenemaro41.fr\/?product=cartable-tanns-38cm-alba-multic"},"modified":"2026-04-22T10:52:28","modified_gmt":"2026-04-22T08:52:28","slug":"cartable-tanns-38cm-alba-multic","status":"publish","type":"product","link":"https:\/\/solenemaro41.fr\/?product=cartable-tanns-38cm-alba-multic","title":{"rendered":"CARTABLE TANN&rsquo;S 38cm ALBA MULTIC"},"content":{"rendered":"<p><strong>Caract\u00e9ristiques du CARTABLE TANN&rsquo;S 38cm ALBA MULTICOLORE POCHE GOURDE<\/strong><\/p>\n<p>Nouveaut\u00e9 Tann&rsquo;s : La poche gourde amovible ! Fini les fuites sur les cahiers : elle se fixe \u00e0 l&rsquo;ext\u00e9rieur \u00e0 l&rsquo;aide de 2 sangles munies de 2 boutons-pression. Le cartable Alba est habill\u00e9 d&rsquo;un motif de fleurs avec des licornes qui se dissimulent subtilement parmi les p\u00e9tales. Elles se r\u00e9v\u00e8lent discr\u00e8tement au regard attentif, cr\u00e9ant ainsi un cartable \u00e0 la fois enchanteur et myst\u00e9rieux.<strong><br \/><\/strong><\/p>\n<p><strong>Dimensions :<\/strong><\/p>\n<ul>\n<li><span>38cm x 29cm x 15cm<\/span><\/li>\n<li><span>17 Litres<\/span><\/li>\n<\/ul>\n<p><strong>Poids :<\/strong><\/p>\n<ul>\n<li>0,890 Kg<\/li>\n<\/ul>\n<p><strong>Informations livraisons<\/strong><\/p>\n<p>Les frais de livraisons sont offerts d\u00e8s 40\u20ac d&rsquo;achats<\/p>\n<div>Livraison entre 3 et 5 jours<\/div>\n<p>Mode de paiement s\u00e9curis\u00e9s accept\u00e9s : CARTE BANCAIRE\u00a0 ou\u00a0 PAYPAL<\/p>\n<div>R\u00e9ception des marchandises : A domicile ou Retrait \u00e0 notre magasin<\/div>\n<div>Consulter nos<a href=\"https:\/\/www.solene-maroquinerie.fr\/conditions_generales_de_vente.html\" target=\"_self\" title=\"Nos CGV\">\u00a0conditions g\u00e9n\u00e9rales de ventes<\/a><\/div>\n<p>\u00a0<\/p>\n","protected":false},"excerpt":{"rendered":"<p>Caract\u00e9ristiques du CARTABLE TANN&rsquo;S 38cm ALBA MULTICOLORE POCHE GOURDE Nouveaut\u00e9 Tann&rsquo;s : La poche gourde amovible ! Fini les fuites sur les cahiers : elle se fixe \u00e0 l&rsquo;ext\u00e9rieur \u00e0 l&rsquo;aide de 2 sangles munies de 2 boutons-pression. Le cartable Alba est habill\u00e9 d&rsquo;un motif de fleurs avec des licornes qui se dissimulent subtilement parmi [&hellip;]<\/p>\n","protected":false},"featured_media":2296,"comment_status":"open","ping_status":"closed","template":"","meta":[],"product_brand":[38],"product_cat":[39,37],"product_tag":[],"class_list":{"0":"post-2297","1":"product","2":"type-product","3":"status-publish","4":"has-post-thumbnail","6":"product_brand-tanns","7":"product_cat-cartable-tanns-38cm","8":"product_cat-cartables","10":"first","11":"instock","12":"shipping-taxable","13":"purchasable","14":"product-type-simple"},"_links":{"self":[{"href":"https:\/\/solenemaro41.fr\/index.php?rest_route=\/wp\/v2\/product\/2297","targetHints":{"allow":["GET"]}}],"collection":[{"href":"https:\/\/solenemaro41.fr\/index.php?rest_route=\/wp\/v2\/product"}],"about":[{"href":"https:\/\/solenemaro41.fr\/index.php?rest_route=\/wp\/v2\/types\/product"}],"replies":[{"embeddable":true,"href":"https:\/\/solenemaro41.fr\/index.php?rest_route=%2Fwp%2Fv2%2Fcomments&post=2297"}],"wp:featuredmedia":[{"embeddable":true,"href":"https:\/\/solenemaro41.fr\/index.php?rest_route=\/wp\/v2\/media\/2296"}],"wp:attachment":[{"href":"https:\/\/solenemaro41.fr\/index.php?rest_route=%2Fwp%2Fv2%2Fmedia&parent=2297"}],"wp:term":[{"taxonomy":"product_brand","embeddable":true,"href":"https:\/\/solenemaro41.fr\/index.php?rest_route=%2Fwp%2Fv2%2Fproduct_brand&post=2297"},{"taxonomy":"product_cat","embeddable":true,"href":"https:\/\/solenemaro41.fr\/index.php?rest_route=%2Fwp%2Fv2%2Fproduct_cat&post=2297"},{"taxonomy":"product_tag","embeddable":true,"href":"https:\/\/solenemaro41.fr\/index.php?rest_route=%2Fwp%2Fv2%2Fproduct_tag&post=2297"}],"curies":[{"name":"wp","href":"https:\/\/api.w.org\/{rel}","templated":true}]}}