{"id":2304,"date":"2026-04-11T10:40:05","date_gmt":"2026-04-11T08:40:05","guid":{"rendered":"https:\/\/solenemaro41.fr\/?product=cartable-tanns-41cm-axel"},"modified":"2026-04-11T10:40:07","modified_gmt":"2026-04-11T08:40:07","slug":"cartable-tanns-41cm-axel","status":"publish","type":"product","link":"https:\/\/solenemaro41.fr\/?product=cartable-tanns-41cm-axel","title":{"rendered":"CARTABLE TANN&rsquo;S 41cm AXEL"},"content":{"rendered":"<p><strong>Caract\u00e9.ristiques du CARTABLE TANN&rsquo;S 41cm AXEL BICOLORE KAKI BLEU<\/strong><\/p>\n<p><span>Arborant les couleurs kaki et marine \u00e0. la mode, le cartable Axel est bicolore pour ajouter plus de fun. Pour une dose suppl\u00e9.mentaire de plaisir, ce mod\u00e8.le est agr\u00e9.ment\u00e9. d&rsquo;un porte-cl\u00e9.s casquette. C&rsquo;est l&rsquo;accessoire id\u00e9.al pour accompagner les \u00e9.coliers et les \u00e9.coli\u00e8.res dans leurs aventures.<\/span><\/p>\n<p><strong>Dimensions :<\/strong><\/p>\n<ul>\n<li><span>41cm x 33cm x 17cm<\/span><\/li>\n<li><span>23 Litres<\/span><\/li>\n<\/ul>\n<p><strong>Poids :<\/strong><\/p>\n<ul>\n<li>1,11 Kg<\/li>\n<\/ul>\n<p><strong>Informations livraisons<\/strong><\/p>\n<p>Les frais de livraisons sont offerts d\u00e8.s 40&#038;euro. d&rsquo;achats<\/p>\n<div>Livraison entre 3 et 5 jours<\/div>\n<p>Mode de paiement s\u00e9.curis\u00e9.s accept\u00e9.s : CARTE BANCAIRE\u00a0. ou\u00a0. PAYPAL<\/p>\n<div>R\u00e9.ception des marchandises : A domicile ou Retrait \u00e0. notre magasin<\/div>\n<div>Consulter nos<a href=\"https:\/\/www.solene-maroquinerie.fr\/conditions_generales_de_vente.html\" target=\"_self\" title=\"Nos CGV\">\u00a0.conditions g\u00e9.n\u00e9.rales de ventes<\/a><\/div>\n<p>\u00a0.<\/p>\n","protected":false},"excerpt":{"rendered":"<p>Caract\u00e9.ristiques du CARTABLE TANN&rsquo;S 41cm AXEL BICOLORE KAKI BLEU Arborant les couleurs kaki et marine \u00e0. la mode, le cartable Axel est bicolore pour ajouter plus de fun. Pour une dose suppl\u00e9.mentaire de plaisir, ce mod\u00e8.le est agr\u00e9.ment\u00e9. d&rsquo;un porte-cl\u00e9.s casquette. C&rsquo;est l&rsquo;accessoire id\u00e9.al pour accompagner les \u00e9.coliers et les \u00e9.coli\u00e8.res dans leurs aventures. Dimensions [&hellip;]<\/p>\n","protected":false},"featured_media":2303,"comment_status":"open","ping_status":"closed","template":"","meta":[],"product_brand":[38],"product_cat":[65,37],"product_tag":[],"class_list":{"0":"post-2304","1":"product","2":"type-product","3":"status-publish","4":"has-post-thumbnail","6":"product_brand-tanns","7":"product_cat-cartable-tanns-41cm","8":"product_cat-cartables","10":"first","11":"instock","12":"shipping-taxable","13":"purchasable","14":"product-type-simple"},"_links":{"self":[{"href":"https:\/\/solenemaro41.fr\/index.php?rest_route=\/wp\/v2\/product\/2304","targetHints":{"allow":["GET"]}}],"collection":[{"href":"https:\/\/solenemaro41.fr\/index.php?rest_route=\/wp\/v2\/product"}],"about":[{"href":"https:\/\/solenemaro41.fr\/index.php?rest_route=\/wp\/v2\/types\/product"}],"replies":[{"embeddable":true,"href":"https:\/\/solenemaro41.fr\/index.php?rest_route=%2Fwp%2Fv2%2Fcomments&post=2304"}],"wp:featuredmedia":[{"embeddable":true,"href":"https:\/\/solenemaro41.fr\/index.php?rest_route=\/wp\/v2\/media\/2303"}],"wp:attachment":[{"href":"https:\/\/solenemaro41.fr\/index.php?rest_route=%2Fwp%2Fv2%2Fmedia&parent=2304"}],"wp:term":[{"taxonomy":"product_brand","embeddable":true,"href":"https:\/\/solenemaro41.fr\/index.php?rest_route=%2Fwp%2Fv2%2Fproduct_brand&post=2304"},{"taxonomy":"product_cat","embeddable":true,"href":"https:\/\/solenemaro41.fr\/index.php?rest_route=%2Fwp%2Fv2%2Fproduct_cat&post=2304"},{"taxonomy":"product_tag","embeddable":true,"href":"https:\/\/solenemaro41.fr\/index.php?rest_route=%2Fwp%2Fv2%2Fproduct_tag&post=2304"}],"curies":[{"name":"wp","href":"https:\/\/api.w.org\/{rel}","templated":true}]}}