{"id":2309,"date":"2026-04-11T10:40:09","date_gmt":"2026-04-11T08:40:09","guid":{"rendered":"https:\/\/solenemaro41.fr\/?product=sac-a-dos-tanns-matheo-bleu"},"modified":"2026-04-11T10:40:10","modified_gmt":"2026-04-11T08:40:10","slug":"sac-a-dos-tanns-matheo-bleu","status":"publish","type":"product","link":"https:\/\/solenemaro41.fr\/?product=sac-a-dos-tanns-matheo-bleu","title":{"rendered":"SAC A DOS TANN&rsquo;S MATH\u00c9O BLEU"},"content":{"rendered":"<p><strong>Caract\u00e9.ristiques du SAC A DOS TANN&rsquo;S MATH\u00c9.O BLEU L POCHE AIMANT\u00c9.E<\/strong><\/p>\n<p><strong>Dimensions :<\/strong><\/p>\n<ul>\n<li><span>28.5cm x 37cm x 14cm<\/span><\/li>\n<li><span>15 Litres<\/span><\/li>\n<\/ul>\n<p><strong>Poids :<\/strong><\/p>\n<ul>\n<li>0,610 Kg<\/li>\n<\/ul>\n<p><strong>Informations livraisons<\/strong><\/p>\n<p>Les frais de livraisons sont offerts d\u00e8.s 40&#038;euro. d&rsquo;achats<\/p>\n<div>Livraison entre 3 et 5 jours<\/div>\n<p>Mode de paiement s\u00e9.curis\u00e9.s accept\u00e9.s : CARTE BANCAIRE\u00a0. ou\u00a0. PAYPAL<\/p>\n<div>R\u00e9.ception des marchandises : A domicile ou Retrait \u00e0. notre magasin<\/div>\n<div>Consulter nos<a href=\"https:\/\/www.solene-maroquinerie.fr\/conditions_generales_de_vente.html\" target=\"_self\" title=\"Nos CGV\">\u00a0.conditions g\u00e9.n\u00e9.rales de ventes<\/a><\/div>\n<p>\u00a0.<\/p>\n","protected":false},"excerpt":{"rendered":"<p>Caract\u00e9.ristiques du SAC A DOS TANN&rsquo;S MATH\u00c9.O BLEU L POCHE AIMANT\u00c9.E Dimensions : 28.5cm x 37cm x 14cm 15 Litres Poids : 0,610 Kg Informations livraisons Les frais de livraisons sont offerts d\u00e8.s 40&#038;euro. d&rsquo;achats Livraison entre 3 et 5 jours Mode de paiement s\u00e9.curis\u00e9.s accept\u00e9.s : CARTE BANCAIRE\u00a0. ou\u00a0. PAYPAL R\u00e9.ception des marchandises : [&hellip;]<\/p>\n","protected":false},"featured_media":2308,"comment_status":"open","ping_status":"closed","template":"","meta":[],"product_brand":[38],"product_cat":[19,87],"product_tag":[],"class_list":{"0":"post-2309","1":"product","2":"type-product","3":"status-publish","4":"has-post-thumbnail","6":"product_brand-tanns","7":"product_cat-sac-a-dos","8":"product_cat-sac-a-dos-tanns","10":"first","11":"instock","12":"shipping-taxable","13":"purchasable","14":"product-type-simple"},"_links":{"self":[{"href":"https:\/\/solenemaro41.fr\/index.php?rest_route=\/wp\/v2\/product\/2309","targetHints":{"allow":["GET"]}}],"collection":[{"href":"https:\/\/solenemaro41.fr\/index.php?rest_route=\/wp\/v2\/product"}],"about":[{"href":"https:\/\/solenemaro41.fr\/index.php?rest_route=\/wp\/v2\/types\/product"}],"replies":[{"embeddable":true,"href":"https:\/\/solenemaro41.fr\/index.php?rest_route=%2Fwp%2Fv2%2Fcomments&post=2309"}],"wp:featuredmedia":[{"embeddable":true,"href":"https:\/\/solenemaro41.fr\/index.php?rest_route=\/wp\/v2\/media\/2308"}],"wp:attachment":[{"href":"https:\/\/solenemaro41.fr\/index.php?rest_route=%2Fwp%2Fv2%2Fmedia&parent=2309"}],"wp:term":[{"taxonomy":"product_brand","embeddable":true,"href":"https:\/\/solenemaro41.fr\/index.php?rest_route=%2Fwp%2Fv2%2Fproduct_brand&post=2309"},{"taxonomy":"product_cat","embeddable":true,"href":"https:\/\/solenemaro41.fr\/index.php?rest_route=%2Fwp%2Fv2%2Fproduct_cat&post=2309"},{"taxonomy":"product_tag","embeddable":true,"href":"https:\/\/solenemaro41.fr\/index.php?rest_route=%2Fwp%2Fv2%2Fproduct_tag&post=2309"}],"curies":[{"name":"wp","href":"https:\/\/api.w.org\/{rel}","templated":true}]}}