{"id":2346,"date":"2026-04-11T10:42:57","date_gmt":"2026-04-11T08:42:57","guid":{"rendered":"https:\/\/solenemaro41.fr\/?product=sac-voyage-cabaia-valladolid"},"modified":"2026-04-11T10:43:15","modified_gmt":"2026-04-11T08:43:15","slug":"sac-voyage-cabaia-valladolid","status":"publish","type":"product","link":"https:\/\/solenemaro41.fr\/?product=sac-voyage-cabaia-valladolid","title":{"rendered":"SAC VOYAGE CABAIA VALLADOLID"},"content":{"rendered":"<p><span><strong>Descriptif du SAC DE VOYAGE CABAIA DUFFLE EXPLORER VALLADOLID<\/strong><\/span><\/p>\n<ul>\n<li>Garanti \u00e0. vie<\/li>\n<li>Poign\u00e9.es magn\u00e9.tiques<\/li>\n<li>Poign\u00e9.es lat\u00e9.rales pour simplifier la prise en main<\/li>\n<li>Bretelles pour le porter sur le dos<\/li>\n<li>Poche gourde inclin\u00e9.e 45\u00b0.<\/li>\n<li>Compartiment ordinateur 15 pouces rembourr\u00e9.<\/li>\n<li>Compartiment chaussures s\u00e9.par\u00e9.<\/li>\n<li>Syst\u00e8.me MOLLE pour attacher la pochette avant<\/li>\n<li>Parfait pour un voyage de 3 \u00e0. 5 jours<\/li>\n<li>Vegan et d\u00e9.perlant<\/li>\n<li>Bretelles int\u00e9.gr\u00e9.es :\u00a0.Se porte aussi en sac \u00e0. dos<\/li>\n<\/ul>\n<p><strong>Dimensions du sac :<\/strong>\u00a0.<span>28cm x 58cm x 30cm (48L)<\/span><\/p>\n<p><span><strong>Poids :\u00a0.<\/strong><span>1,43kg<\/span><br \/><\/span><\/p>\n<h4><span>Informations livraisons<\/span><\/h4>\n<div><span>Les frais de livraisons sont offerts d\u00e8.s 40&#038;euro. d&rsquo;achats<\/span><br \/><span>Livraison entre 3 et 5 jours<\/span><\/div>\n<div><span>Mode de paiement s\u00e9.curis\u00e9.s accept\u00e9.s : CARTE BANCAIRE\u00a0. ou\u00a0. PAYPAL<\/span><br \/><span>R\u00e9.ception des marchandises : A domicile ou Retrait \u00e0. notre magasin<\/span><br \/><span>Consulter nos<a href=\"http:\/\/www.solene-maroquinerie.fr\/conditions_generales_de_vente.html\" target=\"_self\" title=\"Nos CGV\">\u00a0.conditions g\u00e9.n\u00e9.rales de ventes<\/a><\/span><\/div>\n<p>\u00a0.<\/p>\n","protected":false},"excerpt":{"rendered":"<p>Descriptif du SAC DE VOYAGE CABAIA DUFFLE EXPLORER VALLADOLID Garanti \u00e0. vie Poign\u00e9.es magn\u00e9.tiques Poign\u00e9.es lat\u00e9.rales pour simplifier la prise en main Bretelles pour le porter sur le dos Poche gourde inclin\u00e9.e 45\u00b0. Compartiment ordinateur 15 pouces rembourr\u00e9. Compartiment chaussures s\u00e9.par\u00e9. Syst\u00e8.me MOLLE pour attacher la pochette avant Parfait pour un voyage de 3 \u00e0. [&hellip;]<\/p>\n","protected":false},"featured_media":2345,"comment_status":"open","ping_status":"closed","template":"","meta":[],"product_brand":[42],"product_cat":[59,58],"product_tag":[],"class_list":{"0":"post-2346","1":"product","2":"type-product","3":"status-publish","4":"has-post-thumbnail","6":"product_brand-cabaia","7":"product_cat-bagages","8":"product_cat-sac-de-voyage-cabaia","10":"first","11":"instock","12":"shipping-taxable","13":"purchasable","14":"product-type-simple"},"_links":{"self":[{"href":"https:\/\/solenemaro41.fr\/index.php?rest_route=\/wp\/v2\/product\/2346","targetHints":{"allow":["GET"]}}],"collection":[{"href":"https:\/\/solenemaro41.fr\/index.php?rest_route=\/wp\/v2\/product"}],"about":[{"href":"https:\/\/solenemaro41.fr\/index.php?rest_route=\/wp\/v2\/types\/product"}],"replies":[{"embeddable":true,"href":"https:\/\/solenemaro41.fr\/index.php?rest_route=%2Fwp%2Fv2%2Fcomments&post=2346"}],"wp:featuredmedia":[{"embeddable":true,"href":"https:\/\/solenemaro41.fr\/index.php?rest_route=\/wp\/v2\/media\/2345"}],"wp:attachment":[{"href":"https:\/\/solenemaro41.fr\/index.php?rest_route=%2Fwp%2Fv2%2Fmedia&parent=2346"}],"wp:term":[{"taxonomy":"product_brand","embeddable":true,"href":"https:\/\/solenemaro41.fr\/index.php?rest_route=%2Fwp%2Fv2%2Fproduct_brand&post=2346"},{"taxonomy":"product_cat","embeddable":true,"href":"https:\/\/solenemaro41.fr\/index.php?rest_route=%2Fwp%2Fv2%2Fproduct_cat&post=2346"},{"taxonomy":"product_tag","embeddable":true,"href":"https:\/\/solenemaro41.fr\/index.php?rest_route=%2Fwp%2Fv2%2Fproduct_tag&post=2346"}],"curies":[{"name":"wp","href":"https:\/\/api.w.org\/{rel}","templated":true}]}}