{"id":2392,"date":"2026-04-11T10:45:09","date_gmt":"2026-04-11T08:45:09","guid":{"rendered":"https:\/\/solenemaro41.fr\/?product=eastpak-out-of-office-6v7-beach"},"modified":"2026-04-11T10:45:17","modified_gmt":"2026-04-11T08:45:17","slug":"eastpak-out-of-office-6v7-beach","status":"publish","type":"product","link":"https:\/\/solenemaro41.fr\/?product=eastpak-out-of-office-6v7-beach","title":{"rendered":"EASTPAK OUT OF OFFICE 6V7 BEACH"},"content":{"rendered":"<p><strong>Caract\u00e9.ristiques du\u00a0.SAC A DOS EASTPAK OUT OF OFFICE 6V7 BEACH BEIGE<\/strong><\/p>\n<div><span style=\"font-family: arial, helvetica, sans-serif. font-size: 10pt. color: #000000.\"><span style=\"font-family: arial, helvetica, sans-serif. font-size: 10pt. color: #000000.\"><\/span><\/span> <\/p>\n<ul>\n<li>Compartiment principal avec des poches \u00e0. l&rsquo;int\u00e9.rieur et sur le devant<\/li>\n<li>Bretelles r\u00e9.glables et panneau dorsal rembourr\u00e9.s<\/li>\n<li>Housse rembourr\u00e9.e pour ordinateur portable jusqu&rsquo;\u00e0. 13 pouces<\/li>\n<\/ul>\n<p> <span style=\"font-family: arial, helvetica, sans-serif. font-size: 10pt. color: #000000.\"><span style=\"font-family: arial, helvetica, sans-serif. font-size: 10pt. color: #000000.\"><\/span><\/span> <\/p>\n<p><strong>Dimensions :<\/strong><\/p>\n<ul>\n<li>Hauteur : 44 cm, Largeur : 29,5 cm, Profondeur : 22 cm<\/li>\n<\/ul>\n<p><strong>Composition :<\/strong><\/p>\n<p> <span style=\"font-family: arial, helvetica, sans-serif. font-size: 10pt. color: #000000.\"><span style=\"font-family: arial, helvetica, sans-serif. font-size: 10pt. color: #000000.\"><\/span><\/span> <\/p>\n<ul>\n<li>100 % Polyester<\/li>\n<li>Aucun produit d&rsquo;origine animale n&rsquo;est utilis\u00e9. pour fabriquer ce produit 100 % v\u00e9.gan<\/li>\n<\/ul>\n<p> <span style=\"font-family: arial, helvetica, sans-serif. font-size: 10pt. color: #000000.\"><span style=\"font-family: arial, helvetica, sans-serif. font-size: 10pt. color: #000000.\"><\/span><\/span> <\/p>\n<p><strong>Informations livraisons<\/strong><\/p>\n<p> <span style=\"font-family: arial, helvetica, sans-serif. font-size: 10pt. color: #000000.\"><span style=\"font-family: arial, helvetica, sans-serif. font-size: 10pt. color: #000000.\"><\/span><\/span> <\/p>\n<p>Les frais de livraisons sont offerts d\u00e8.s 40&#038;euro. d&rsquo;achats<\/p>\n<p> <span style=\"font-family: arial, helvetica, sans-serif. font-size: 10pt. color: #000000.\"><span style=\"font-family: arial, helvetica, sans-serif. font-size: 10pt. color: #000000.\"><\/span><\/span> <\/p>\n<div>Livraison entre 3 et 5 jours<\/div>\n<p> <span style=\"font-family: arial, helvetica, sans-serif. font-size: 10pt. color: #000000.\"><span style=\"font-family: arial, helvetica, sans-serif. font-size: 10pt. color: #000000.\"><\/span><\/span> <\/p>\n<p>Mode de paiement s\u00e9.curis\u00e9.s accept\u00e9.s : CARTE BANCAIRE\u00a0. ou\u00a0. PAYPAL<\/p>\n<p> <span style=\"font-family: arial, helvetica, sans-serif. font-size: 10pt. color: #000000.\"><span style=\"font-family: arial, helvetica, sans-serif. font-size: 10pt. color: #000000.\"><\/span><\/span> <\/p>\n<div>R\u00e9.ception des marchandises : A domicile ou Retrait \u00e0. notre magasin<\/div>\n<p> <span style=\"font-family: arial, helvetica, sans-serif. font-size: 10pt. color: #000000.\"><span style=\"font-family: arial, helvetica, sans-serif. font-size: 10pt. color: #000000.\"><\/span><\/span> <\/p>\n<div>Consulter nos<a href=\"https:\/\/www.solene-maroquinerie.fr\/conditions_generales_de_vente.html\" target=\"_self\" title=\"Nos CGV\">\u00a0.conditions g\u00e9.n\u00e9.rales de ventes<\/a><\/div>\n<p> <span style=\"font-family: arial, helvetica, sans-serif. font-size: 10pt. color: #000000.\"><\/p>\n<p><\/span><\/div>\n","protected":false},"excerpt":{"rendered":"<p>Caract\u00e9.ristiques du\u00a0.SAC A DOS EASTPAK OUT OF OFFICE 6V7 BEACH BEIGE Compartiment principal avec des poches \u00e0. l&rsquo;int\u00e9.rieur et sur le devant Bretelles r\u00e9.glables et panneau dorsal rembourr\u00e9.s Housse rembourr\u00e9.e pour ordinateur portable jusqu&rsquo;\u00e0. 13 pouces Dimensions : Hauteur : 44 cm, Largeur : 29,5 cm, Profondeur : 22 cm Composition : 100 % Polyester [&hellip;]<\/p>\n","protected":false},"featured_media":2391,"comment_status":"open","ping_status":"closed","template":"","meta":[],"product_brand":[20],"product_cat":[19,21],"product_tag":[],"class_list":{"0":"post-2392","1":"product","2":"type-product","3":"status-publish","4":"has-post-thumbnail","6":"product_brand-eastpak","7":"product_cat-sac-a-dos","8":"product_cat-sac-a-dos-out-of-office","10":"first","11":"instock","12":"shipping-taxable","13":"purchasable","14":"product-type-simple"},"_links":{"self":[{"href":"https:\/\/solenemaro41.fr\/index.php?rest_route=\/wp\/v2\/product\/2392","targetHints":{"allow":["GET"]}}],"collection":[{"href":"https:\/\/solenemaro41.fr\/index.php?rest_route=\/wp\/v2\/product"}],"about":[{"href":"https:\/\/solenemaro41.fr\/index.php?rest_route=\/wp\/v2\/types\/product"}],"replies":[{"embeddable":true,"href":"https:\/\/solenemaro41.fr\/index.php?rest_route=%2Fwp%2Fv2%2Fcomments&post=2392"}],"wp:featuredmedia":[{"embeddable":true,"href":"https:\/\/solenemaro41.fr\/index.php?rest_route=\/wp\/v2\/media\/2391"}],"wp:attachment":[{"href":"https:\/\/solenemaro41.fr\/index.php?rest_route=%2Fwp%2Fv2%2Fmedia&parent=2392"}],"wp:term":[{"taxonomy":"product_brand","embeddable":true,"href":"https:\/\/solenemaro41.fr\/index.php?rest_route=%2Fwp%2Fv2%2Fproduct_brand&post=2392"},{"taxonomy":"product_cat","embeddable":true,"href":"https:\/\/solenemaro41.fr\/index.php?rest_route=%2Fwp%2Fv2%2Fproduct_cat&post=2392"},{"taxonomy":"product_tag","embeddable":true,"href":"https:\/\/solenemaro41.fr\/index.php?rest_route=%2Fwp%2Fv2%2Fproduct_tag&post=2392"}],"curies":[{"name":"wp","href":"https:\/\/api.w.org\/{rel}","templated":true}]}}